{"id":759378,"date":"2025-08-28T08:32:58","date_gmt":"2025-08-28T05:32:58","guid":{"rendered":"https:\/\/roveyayinevi.com.tr\/index.php\/urun\/kanatsiz-bulutlar\/"},"modified":"2026-01-30T03:50:41","modified_gmt":"2026-01-30T00:50:41","slug":"kanatsiz-bulutlar","status":"publish","type":"product","link":"https:\/\/roveyayinevi.com.tr\/index.php\/urun\/kanatsiz-bulutlar\/","title":{"rendered":"Kanats\u0131z Bulutlar"},"content":{"rendered":"<p>Baz\u0131 duygular vard\u0131r, anlat\u0131lamayacak kadar y\u00fcre\u011fe tesir edip hi\u00e7bir kelimenin manas\u0131na s\u0131\u011fmayacak bir h\u00e2le gelir. Baz\u0131 d\u00fc\u015f\u00fcnceler vard\u0131r, b\u0131\u00e7ak kadar keskin bir his ile insan\u0131 derinden d\u00fc\u015f\u00fcnd\u00fcr\u00fcr ve d\u00fc\u015f\u00fcnd\u00fcrd\u00fck\u00e7e h\u0131rpalar. Bazan tek ba\u015f\u0131na oturur insan kendisini dinleyebilece\u011fi bir yerde. Kar\u015f\u0131s\u0131nda g\u00f6rd\u00fc\u011f\u00fc her \u015fey hislerine ve fikirlerine ili\u015fircesine \u015fekillenir anda ve zamanda. Neyi g\u00f6r\u00fcyorsa sanki konu\u015fur ve h\u00e2lini anlar gibi durur bakar bir insan endam\u0131nda ve edas\u0131nda. Da\u011flar ve d\u00fczl\u00fckler&#8230; Kimi zaman ufuklar ve denizler&#8230; \u0130lla do\u011fa m\u0131 olmas\u0131 laz\u0131m, asla. Bazan d\u00f6rt d\u00f6nm\u00fc\u015f bir duvar bazan aral\u0131k bir kap\u0131 bazan tavan\u0131n en \u00fccras\u0131&#8230; Sanki en narin ve onar\u0131lmaz yerinden yakalarcas\u0131na insan\u0131, y\u00fcz y\u00fcze gelir bizimle ve kalbimizdekileri d\u00f6kmemizi ister. Y\u00fcre\u011fimizin h\u0131r\u00e7\u0131n bir sel gibi, yay\u0131ndan \u00e7\u0131km\u0131\u015f bir ok h\u0131z\u0131nda ak\u0131p gitmesini ve da\u011f\u0131lmas\u0131n\u0131 ister. \u0130nfilak edercesine bir g\u00fcr\u00fclt\u00fcyle, b\u00fct\u00fcn varl\u0131\u011f\u0131m\u0131zla, anlatamad\u0131klar\u0131m\u0131z\u0131 bir \u015fekilde anlatmam\u0131z gerekti\u011fini anlar\u0131z. L\u00e2kin ba\u015fta da zikretti\u011fim gibi, kelimelerin gayreti, g\u00fcc\u00fc baz\u0131 y\u00fckleri ta\u015f\u0131maya yetmez. \u0130\u015fte b\u00f6yle anlarda kelimelere bizlerin &#8220;s\u00f6z sanat\u0131&#8221; dedi\u011fi ayr\u0131cal\u0131klar ve yetkiler verilir. Kelimeler kabuklar\u0131ndan \u00e7\u0131karak b\u00fcy\u00fcr ve olgunla\u015f\u0131r. Kelimeler sahip olduklar\u0131 t\u00fcm manalar\u0131n hudutlar\u0131n\u0131 ge\u00e7erek sessizli\u011fi i\u015fgal edip zaferini il\u00e2n eder. Kelimelerle abart\u0131r\u0131z, kelimelerle benzetiriz, kelimelerle sa\u00e7malar\u0131z veya anlamazdan geliriz. \u00c7\u00fcnk\u00fc her \u015feyden \u00f6te, anla\u015f\u0131lmak isteriz. <\/p>\n","protected":false},"excerpt":{"rendered":"<p>Baz\u0131 duygular vard\u0131r, anlat\u0131lamayacak kadar y\u00fcre\u011fe tesir edip hi\u00e7bir kelimenin manas\u0131na s\u0131\u011fmayacak bir h\u00e2le gelir. Baz\u0131 d\u00fc\u015f\u00fcnceler vard\u0131r, b\u0131\u00e7ak kadar keskin bir his ile insan\u0131 derinden<span class=\"excerpt-hellip\"> [\u2026]<\/span><\/p>\n","protected":false},"featured_media":0,"template":"","meta":{"_monsterinsights_skip_tracking":false,"_monsterinsights_sitenote_active":false,"_monsterinsights_sitenote_note":"","_monsterinsights_sitenote_category":0},"product_brand":[],"product_cat":[12291,12509],"product_tag":[],"class_list":{"0":"post-759378","1":"product","2":"type-product","3":"status-publish","5":"product_cat-edebiyat","6":"product_cat-siir","7":"pa_cilt-ciltsiz","8":"pa_tur-kitap","9":"pa_yayinevi-vova-yayinlari","10":"pa_yazar-yusuf-ozdumanlar","12":"first","13":"instock","14":"sale","15":"shipping-taxable","16":"purchasable","17":"product-type-simple"},"_links":{"self":[{"href":"https:\/\/roveyayinevi.com.tr\/index.php\/wp-json\/wp\/v2\/product\/759378","targetHints":{"allow":["GET"]}}],"collection":[{"href":"https:\/\/roveyayinevi.com.tr\/index.php\/wp-json\/wp\/v2\/product"}],"about":[{"href":"https:\/\/roveyayinevi.com.tr\/index.php\/wp-json\/wp\/v2\/types\/product"}],"wp:attachment":[{"href":"https:\/\/roveyayinevi.com.tr\/index.php\/wp-json\/wp\/v2\/media?parent=759378"}],"wp:term":[{"taxonomy":"product_brand","embeddable":true,"href":"https:\/\/roveyayinevi.com.tr\/index.php\/wp-json\/wp\/v2\/product_brand?post=759378"},{"taxonomy":"product_cat","embeddable":true,"href":"https:\/\/roveyayinevi.com.tr\/index.php\/wp-json\/wp\/v2\/product_cat?post=759378"},{"taxonomy":"product_tag","embeddable":true,"href":"https:\/\/roveyayinevi.com.tr\/index.php\/wp-json\/wp\/v2\/product_tag?post=759378"}],"curies":[{"name":"wp","href":"https:\/\/api.w.org\/{rel}","templated":true}]}}