{"id":759377,"date":"2025-08-28T08:32:57","date_gmt":"2025-08-28T05:32:57","guid":{"rendered":"https:\/\/roveyayinevi.com.tr\/index.php\/urun\/sonsuz-mutluluk-kudus\/"},"modified":"2026-04-16T03:12:31","modified_gmt":"2026-04-16T00:12:31","slug":"sonsuz-mutluluk-kudus","status":"publish","type":"product","link":"https:\/\/roveyayinevi.com.tr\/index.php\/urun\/sonsuz-mutluluk-kudus\/","title":{"rendered":"Sonsuz Mutluluk Kud\u00fcs"},"content":{"rendered":"<p>Filistin\u2019i, Mescid-i Aksa\u2019y\u0131, Ebu Ubeyde\u2019yi ve t\u00fcm M\u00fcsl\u00fcmanlar\u0131n hayali \u00f6zg\u00fcr Kud\u00fcs\u2019\u00fc \u00e7ocuklar\u0131m\u0131z\u0131n kalbine ilmek ilmek i\u015flemek ister misiniz? Hem de e\u011flenceli, heyecanl\u0131 ve onlar\u0131 sonsuz mutlulu\u011fa ula\u015ft\u0131racak tatl\u0131 bir hik\u00e2yeyle\u2026 \u201c\u00c7ile bitti! \u015eimdi secdeye varma vakti!\u201d Annem ve babam neden a\u011fl\u0131yor? \u00c7ile derken, ninemin \u00f6rg\u00fcs\u00fcn\u00fc m\u00fc kastediyorlar? Daha yataktan yeni kalkmad\u0131k m\u0131, nereye varmam\u0131z\u0131 istiyorlar? Yi\u011fit, o sabah g\u00fcne bu tombul soru i\u015faretleriyle ba\u015flam\u0131\u015ft\u0131.  Ta ki her \u015feyi bilen, espri makinesi dedesi gelene kadar\u2026 Sahi biten \u00e7ile neydi? <\/p>\n","protected":false},"excerpt":{"rendered":"<p>Filistin\u2019i, Mescid-i Aksa\u2019y\u0131, Ebu Ubeyde\u2019yi ve t\u00fcm M\u00fcsl\u00fcmanlar\u0131n hayali \u00f6zg\u00fcr Kud\u00fcs\u2019\u00fc \u00e7ocuklar\u0131m\u0131z\u0131n kalbine ilmek ilmek i\u015flemek ister misiniz? Hem de e\u011flenceli, heyecanl\u0131 ve onlar\u0131 sonsuz mutlulu\u011fa<span class=\"excerpt-hellip\"> [\u2026]<\/span><\/p>\n","protected":false},"featured_media":0,"template":"","meta":{"_monsterinsights_skip_tracking":false,"_monsterinsights_sitenote_active":false,"_monsterinsights_sitenote_note":"","_monsterinsights_sitenote_category":0},"product_brand":[],"product_cat":[12274,12518],"product_tag":[],"class_list":{"0":"post-759377","1":"product","2":"type-product","3":"status-publish","5":"product_cat-cocuk-ve-genclik-kitaplari","6":"product_cat-okul-oncesi-kitaplar","7":"pa_cilt-ciltsiz","8":"pa_tur-kitap","9":"pa_yayinevi-cinaralti-yayinlari","10":"pa_yazar-buse-aybuke-erdogan","12":"first","13":"instock","14":"sale","15":"shipping-taxable","16":"purchasable","17":"product-type-simple"},"_links":{"self":[{"href":"https:\/\/roveyayinevi.com.tr\/index.php\/wp-json\/wp\/v2\/product\/759377","targetHints":{"allow":["GET"]}}],"collection":[{"href":"https:\/\/roveyayinevi.com.tr\/index.php\/wp-json\/wp\/v2\/product"}],"about":[{"href":"https:\/\/roveyayinevi.com.tr\/index.php\/wp-json\/wp\/v2\/types\/product"}],"wp:attachment":[{"href":"https:\/\/roveyayinevi.com.tr\/index.php\/wp-json\/wp\/v2\/media?parent=759377"}],"wp:term":[{"taxonomy":"product_brand","embeddable":true,"href":"https:\/\/roveyayinevi.com.tr\/index.php\/wp-json\/wp\/v2\/product_brand?post=759377"},{"taxonomy":"product_cat","embeddable":true,"href":"https:\/\/roveyayinevi.com.tr\/index.php\/wp-json\/wp\/v2\/product_cat?post=759377"},{"taxonomy":"product_tag","embeddable":true,"href":"https:\/\/roveyayinevi.com.tr\/index.php\/wp-json\/wp\/v2\/product_tag?post=759377"}],"curies":[{"name":"wp","href":"https:\/\/api.w.org\/{rel}","templated":true}]}}