{"id":759376,"date":"2025-08-28T08:32:55","date_gmt":"2025-08-28T05:32:55","guid":{"rendered":"https:\/\/roveyayinevi.com.tr\/index.php\/urun\/ramazan-geldi-hos-geldiii\/"},"modified":"2026-04-16T03:12:31","modified_gmt":"2026-04-16T00:12:31","slug":"ramazan-geldi-hos-geldiii","status":"publish","type":"product","link":"https:\/\/roveyayinevi.com.tr\/index.php\/urun\/ramazan-geldi-hos-geldiii\/","title":{"rendered":"Ramazan Geldi Ho\u015f Geldiii!"},"content":{"rendered":"<p>Denizden \u00e7ek oltan\u0131\u0131\u0131! Duvara as baltan\u0131\u0131\u0131! Ho\u015f geldi sefa geldiii, On bir ay\u0131n sultan\u0131\u0131\u0131! Selam olsun sana g\u00fczel arkada\u015f\u0131m! Bu Ramazan pek keyifli, pek g\u00fczel! Asl\u0131 kuzunun evinde neleeer oluyor neler! Immm\u2026 Nefis mi nefis dolmalar, sarmalar, b\u00f6rekler, tatl\u0131lar\u2026 Asl\u0131 kuzu soruyor, annesi cevapl\u0131yor: Nerdeee o eski Ramazanlar sence? Haydi durma ko\u015f; beraber bakal\u0131m! Ramazan\u2019\u0131n m\u00fcbarek, oru\u00e7lar\u0131n kabul olsun! <\/p>\n","protected":false},"excerpt":{"rendered":"<p>Denizden \u00e7ek oltan\u0131\u0131\u0131! Duvara as baltan\u0131\u0131\u0131! Ho\u015f geldi sefa geldiii, On bir ay\u0131n sultan\u0131\u0131\u0131! Selam olsun sana g\u00fczel arkada\u015f\u0131m! Bu Ramazan pek keyifli, pek g\u00fczel! Asl\u0131<span class=\"excerpt-hellip\"> [\u2026]<\/span><\/p>\n","protected":false},"featured_media":0,"template":"","meta":{"_monsterinsights_skip_tracking":false,"_monsterinsights_sitenote_active":false,"_monsterinsights_sitenote_note":"","_monsterinsights_sitenote_category":0},"product_brand":[],"product_cat":[12274,12518],"product_tag":[],"class_list":{"0":"post-759376","1":"product","2":"type-product","3":"status-publish","5":"product_cat-cocuk-ve-genclik-kitaplari","6":"product_cat-okul-oncesi-kitaplar","7":"pa_cilt-ciltsiz","8":"pa_tur-kitap","9":"pa_yayinevi-cinaralti-yayinlari","10":"pa_yazar-kubra-nur-ekmen","12":"first","13":"instock","14":"sale","15":"shipping-taxable","16":"purchasable","17":"product-type-simple"},"_links":{"self":[{"href":"https:\/\/roveyayinevi.com.tr\/index.php\/wp-json\/wp\/v2\/product\/759376","targetHints":{"allow":["GET"]}}],"collection":[{"href":"https:\/\/roveyayinevi.com.tr\/index.php\/wp-json\/wp\/v2\/product"}],"about":[{"href":"https:\/\/roveyayinevi.com.tr\/index.php\/wp-json\/wp\/v2\/types\/product"}],"wp:attachment":[{"href":"https:\/\/roveyayinevi.com.tr\/index.php\/wp-json\/wp\/v2\/media?parent=759376"}],"wp:term":[{"taxonomy":"product_brand","embeddable":true,"href":"https:\/\/roveyayinevi.com.tr\/index.php\/wp-json\/wp\/v2\/product_brand?post=759376"},{"taxonomy":"product_cat","embeddable":true,"href":"https:\/\/roveyayinevi.com.tr\/index.php\/wp-json\/wp\/v2\/product_cat?post=759376"},{"taxonomy":"product_tag","embeddable":true,"href":"https:\/\/roveyayinevi.com.tr\/index.php\/wp-json\/wp\/v2\/product_tag?post=759376"}],"curies":[{"name":"wp","href":"https:\/\/api.w.org\/{rel}","templated":true}]}}