{"id":759375,"date":"2025-08-28T08:32:53","date_gmt":"2025-08-28T05:32:53","guid":{"rendered":"https:\/\/roveyayinevi.com.tr\/index.php\/urun\/ramazanda-neler-yapiyorum\/"},"modified":"2026-04-16T03:12:31","modified_gmt":"2026-04-16T00:12:31","slug":"ramazanda-neler-yapiyorum","status":"publish","type":"product","link":"https:\/\/roveyayinevi.com.tr\/index.php\/urun\/ramazanda-neler-yapiyorum\/","title":{"rendered":"Ramazan&#8217;da Neler Yap\u0131yorum?"},"content":{"rendered":"<p>Her sene Ramazan ay\u0131n\u0131n geli\u015fini heyecan ve sevin\u00e7 ile bekliyorum. \u201cRamazan geliyor diye sevinmek imandand\u0131r.\u201d diyor Can\u0131m Peygamberim.  Allah, her zaman kullar\u0131n\u0131n iyili\u011fini ister. Oru\u00e7 tutmak, bizim sa\u011fl\u0131\u011f\u0131m\u0131z i\u00e7in \u00f6nemlidir. Ramazan\u2019da oru\u00e7 tutarak hem Allah\u2019\u0131n emrini yerine getiriyorum hem daha sa\u011fl\u0131kl\u0131 oluyorum. Daha neler neler yap\u0131yorum Ramazan ay\u0131nda; haydi birlikte bakal\u0131m&#8230; <\/p>\n","protected":false},"excerpt":{"rendered":"<p>Her sene Ramazan ay\u0131n\u0131n geli\u015fini heyecan ve sevin\u00e7 ile bekliyorum. \u201cRamazan geliyor diye sevinmek imandand\u0131r.\u201d diyor Can\u0131m Peygamberim. Allah, her zaman kullar\u0131n\u0131n iyili\u011fini ister. Oru\u00e7 tutmak,<span class=\"excerpt-hellip\"> [\u2026]<\/span><\/p>\n","protected":false},"featured_media":0,"template":"","meta":{"_monsterinsights_skip_tracking":false,"_monsterinsights_sitenote_active":false,"_monsterinsights_sitenote_note":"","_monsterinsights_sitenote_category":0},"product_brand":[],"product_cat":[12274,12518],"product_tag":[],"class_list":{"0":"post-759375","1":"product","2":"type-product","3":"status-publish","5":"product_cat-cocuk-ve-genclik-kitaplari","6":"product_cat-okul-oncesi-kitaplar","7":"pa_cilt-ciltsiz","8":"pa_tur-kitap","9":"pa_yayinevi-cinaralti-yayinlari","10":"pa_yazar-aslihan-cengiz","12":"first","13":"instock","14":"sale","15":"shipping-taxable","16":"purchasable","17":"product-type-simple"},"_links":{"self":[{"href":"https:\/\/roveyayinevi.com.tr\/index.php\/wp-json\/wp\/v2\/product\/759375","targetHints":{"allow":["GET"]}}],"collection":[{"href":"https:\/\/roveyayinevi.com.tr\/index.php\/wp-json\/wp\/v2\/product"}],"about":[{"href":"https:\/\/roveyayinevi.com.tr\/index.php\/wp-json\/wp\/v2\/types\/product"}],"wp:attachment":[{"href":"https:\/\/roveyayinevi.com.tr\/index.php\/wp-json\/wp\/v2\/media?parent=759375"}],"wp:term":[{"taxonomy":"product_brand","embeddable":true,"href":"https:\/\/roveyayinevi.com.tr\/index.php\/wp-json\/wp\/v2\/product_brand?post=759375"},{"taxonomy":"product_cat","embeddable":true,"href":"https:\/\/roveyayinevi.com.tr\/index.php\/wp-json\/wp\/v2\/product_cat?post=759375"},{"taxonomy":"product_tag","embeddable":true,"href":"https:\/\/roveyayinevi.com.tr\/index.php\/wp-json\/wp\/v2\/product_tag?post=759375"}],"curies":[{"name":"wp","href":"https:\/\/api.w.org\/{rel}","templated":true}]}}