{"id":759374,"date":"2025-08-28T08:32:52","date_gmt":"2025-08-28T05:32:52","guid":{"rendered":"https:\/\/roveyayinevi.com.tr\/index.php\/urun\/nasil-baslanir\/"},"modified":"2026-04-13T03:20:03","modified_gmt":"2026-04-13T00:20:03","slug":"nasil-baslanir","status":"publish","type":"product","link":"https:\/\/roveyayinevi.com.tr\/index.php\/urun\/nasil-baslanir\/","title":{"rendered":"Nas\u0131l Ba\u015flan\u0131r?"},"content":{"rendered":"<p>Hayat\u0131n\u0131zda bir \u015feyleri de\u011fi\u015ftirmek istiyor ancak nereden ba\u015flayaca\u011f\u0131n\u0131z\u0131 bilemiyor musunuz? \u00c7oksatan \u201cKo\u00e7luk Al\u0131\u015fkanl\u0131\u011f\u0131\u201d kitab\u0131n\u0131n yazar\u0131 Michael Bungay Stanier, size bu sorunu \u00e7\u00f6zmeniz i\u00e7in bir rehber sunuyor. Y\u0131llar\u0131n deneyimi ve bilgeli\u011fiyle donanm\u0131\u015f Stanier, etkili bir ba\u015flang\u0131\u00e7 yapman\u0131n temel ilkelerini \u201cNas\u0131l Ba\u015flan\u0131r?\u201d kitab\u0131nda ele al\u0131yor. Bu kitap, hayallerinizin pe\u015finden gitmeniz i\u00e7in size ilham verecek ve harekete ge\u00e7meniz i\u00e7in gereken motivasyonu sa\u011flayacak. &#8220;Nas\u0131l Ba\u015flan\u0131r?&#8221; size, ad\u0131m ad\u0131m yol g\u00f6sterirken, hedeflerinizi belirlemeniz, kararl\u0131l\u0131kla ilerlemeniz ve engelleri a\u015fman\u0131z i\u00e7in g\u00fc\u00e7l\u00fc bir \u00e7er\u00e7eve sunuyor. Stanier&#8217;\u0131n samimi \u00fcslubu ve net anlat\u0131m\u0131, okuma s\u00fcrecinizde sizi y\u00f6nlendirirken ayn\u0131 zamanda ilham veriyor. Bu kitap, hayat\u0131nda ger\u00e7ek de\u011fi\u015fim yaratmak i\u00e7in gereken ilk ad\u0131m\u0131 atmaya cesaret eden herkese hitap ediyor.  &#8220;Nas\u0131l Ba\u015flan\u0131r?&#8221;, potansiyelinizi ke\u015ffetmek ve hayallerinizi ger\u00e7ekle\u015ftirmek i\u00e7in eksiksiz bir k\u0131lavuz. Haz\u0131r m\u0131s\u0131n\u0131z? Ba\u015flayal\u0131m!<\/p>\n","protected":false},"excerpt":{"rendered":"<p>Hayat\u0131n\u0131zda bir \u015feyleri de\u011fi\u015ftirmek istiyor ancak nereden ba\u015flayaca\u011f\u0131n\u0131z\u0131 bilemiyor musunuz? \u00c7oksatan \u201cKo\u00e7luk Al\u0131\u015fkanl\u0131\u011f\u0131\u201d kitab\u0131n\u0131n yazar\u0131 Michael Bungay Stanier, size bu sorunu \u00e7\u00f6zmeniz i\u00e7in bir rehber sunuyor.<span class=\"excerpt-hellip\"> [\u2026]<\/span><\/p>\n","protected":false},"featured_media":0,"template":"","meta":{"_monsterinsights_skip_tracking":false,"_monsterinsights_sitenote_active":false,"_monsterinsights_sitenote_note":"","_monsterinsights_sitenote_category":0},"product_brand":[],"product_cat":[12364,12376],"product_tag":[],"class_list":{"0":"post-759374","1":"product","2":"type-product","3":"status-publish","5":"product_cat-genel-konular","6":"product_cat-kisisel-gelisim","7":"pa_cilt-ciltsiz","8":"pa_tur-kitap","9":"pa_yayinevi-sola-unitas","10":"pa_yazar-michael-bungay-stanier","12":"first","13":"instock","14":"sale","15":"shipping-taxable","16":"purchasable","17":"product-type-simple"},"_links":{"self":[{"href":"https:\/\/roveyayinevi.com.tr\/index.php\/wp-json\/wp\/v2\/product\/759374","targetHints":{"allow":["GET"]}}],"collection":[{"href":"https:\/\/roveyayinevi.com.tr\/index.php\/wp-json\/wp\/v2\/product"}],"about":[{"href":"https:\/\/roveyayinevi.com.tr\/index.php\/wp-json\/wp\/v2\/types\/product"}],"wp:attachment":[{"href":"https:\/\/roveyayinevi.com.tr\/index.php\/wp-json\/wp\/v2\/media?parent=759374"}],"wp:term":[{"taxonomy":"product_brand","embeddable":true,"href":"https:\/\/roveyayinevi.com.tr\/index.php\/wp-json\/wp\/v2\/product_brand?post=759374"},{"taxonomy":"product_cat","embeddable":true,"href":"https:\/\/roveyayinevi.com.tr\/index.php\/wp-json\/wp\/v2\/product_cat?post=759374"},{"taxonomy":"product_tag","embeddable":true,"href":"https:\/\/roveyayinevi.com.tr\/index.php\/wp-json\/wp\/v2\/product_tag?post=759374"}],"curies":[{"name":"wp","href":"https:\/\/api.w.org\/{rel}","templated":true}]}}