{"id":759373,"date":"2025-08-28T08:32:51","date_gmt":"2025-08-28T05:32:51","guid":{"rendered":"https:\/\/roveyayinevi.com.tr\/index.php\/urun\/sanat-bilmenin-bir-yoludur\/"},"modified":"2026-04-16T03:12:31","modified_gmt":"2026-04-16T00:12:31","slug":"sanat-bilmenin-bir-yoludur","status":"publish","type":"product","link":"https:\/\/roveyayinevi.com.tr\/index.php\/urun\/sanat-bilmenin-bir-yoludur\/","title":{"rendered":"Sanat Bilmenin Bir Yoludur"},"content":{"rendered":"<p>Bu kitap, sanat\u0131n insan deneyimine katk\u0131s\u0131n\u0131 ke\u015ffetmek isteyen herkes i\u00e7in! Sanat, estetik deneyimin \u00f6tesine ge\u00e7en, derin bir bilgi ve anlay\u0131\u015f kayna\u011f\u0131d\u0131r. Pat B. Allen, &#8220;Sanat Bilmenin Bir Yoludur&#8221; kitab\u0131nda, sanat\u0131n \u00f6\u011frenmenin ve geli\u015fmenin g\u00fc\u00e7l\u00fc bir arac\u0131 oldu\u011funu g\u00f6steriyor. Bu etkileyici eser, herkesin sanat\u0131 kullanarak kendini daha derinden anlama ve ifade etme yolunu bulmas\u0131na yard\u0131mc\u0131 oluyor. Allen, sanat\u0131n sadece yarat\u0131c\u0131l\u0131\u011fa de\u011fil, ayn\u0131 zamanda i\u00e7sel d\u00f6n\u00fc\u015f\u00fcme ve iyile\u015fmeye de hizmet etti\u011fini \u00f6zellikle vurguluyor. \u201cSanat Bilmenin Bir Yoludur\u201d, potansiyelinizi ortaya \u00e7\u0131karmak i\u00e7in pratik egzersizler sunarken, ayn\u0131 zamanda Allen&#8217;\u0131n kendi deneyimlerinden ve \u00f6\u011frencileriyle yapt\u0131\u011f\u0131 \u00e7al\u0131\u015fmalardan ilham al\u0131yor. Allen&#8217;\u0131n anlay\u0131\u015fl\u0131 ve samimi \u00fcslubu, sizi sanat\u0131n derinliklerine do\u011fru bir ke\u015fif yolculu\u011funa \u00e7\u0131kar\u0131rken cesaret ve ilham da veriyor. Allen&#8217;\u0131n deneyimli rehberli\u011fiyle, i\u00e7sel bilgelik ve anlay\u0131\u015f\u0131n sanat arac\u0131l\u0131\u011f\u0131yla nas\u0131l a\u00e7\u0131\u011fa \u00e7\u0131kar\u0131labilece\u011fini g\u00f6receksiniz.<\/p>\n","protected":false},"excerpt":{"rendered":"<p>Bu kitap, sanat\u0131n insan deneyimine katk\u0131s\u0131n\u0131 ke\u015ffetmek isteyen herkes i\u00e7in! Sanat, estetik deneyimin \u00f6tesine ge\u00e7en, derin bir bilgi ve anlay\u0131\u015f kayna\u011f\u0131d\u0131r. Pat B. Allen, &#8220;Sanat Bilmenin<span class=\"excerpt-hellip\"> [\u2026]<\/span><\/p>\n","protected":false},"featured_media":0,"template":"","meta":{"_monsterinsights_skip_tracking":false,"_monsterinsights_sitenote_active":false,"_monsterinsights_sitenote_note":"","_monsterinsights_sitenote_category":0},"product_brand":[],"product_cat":[12408],"product_tag":[],"class_list":{"0":"post-759373","1":"product","2":"type-product","3":"status-publish","5":"product_cat-sanat","6":"pa_cilt-ciltsiz","7":"pa_tur-kitap","8":"pa_yayinevi-sola-unitas","9":"pa_yazar-pat-b-allen","11":"first","12":"instock","13":"sale","14":"shipping-taxable","15":"purchasable","16":"product-type-simple"},"_links":{"self":[{"href":"https:\/\/roveyayinevi.com.tr\/index.php\/wp-json\/wp\/v2\/product\/759373","targetHints":{"allow":["GET"]}}],"collection":[{"href":"https:\/\/roveyayinevi.com.tr\/index.php\/wp-json\/wp\/v2\/product"}],"about":[{"href":"https:\/\/roveyayinevi.com.tr\/index.php\/wp-json\/wp\/v2\/types\/product"}],"wp:attachment":[{"href":"https:\/\/roveyayinevi.com.tr\/index.php\/wp-json\/wp\/v2\/media?parent=759373"}],"wp:term":[{"taxonomy":"product_brand","embeddable":true,"href":"https:\/\/roveyayinevi.com.tr\/index.php\/wp-json\/wp\/v2\/product_brand?post=759373"},{"taxonomy":"product_cat","embeddable":true,"href":"https:\/\/roveyayinevi.com.tr\/index.php\/wp-json\/wp\/v2\/product_cat?post=759373"},{"taxonomy":"product_tag","embeddable":true,"href":"https:\/\/roveyayinevi.com.tr\/index.php\/wp-json\/wp\/v2\/product_tag?post=759373"}],"curies":[{"name":"wp","href":"https:\/\/api.w.org\/{rel}","templated":true}]}}