{"id":759369,"date":"2025-08-28T08:32:44","date_gmt":"2025-08-28T05:32:44","guid":{"rendered":"https:\/\/roveyayinevi.com.tr\/index.php\/urun\/kutsal-dilin-yikimi\/"},"modified":"2026-04-16T03:12:31","modified_gmt":"2026-04-16T00:12:31","slug":"kutsal-dilin-yikimi","status":"publish","type":"product","link":"https:\/\/roveyayinevi.com.tr\/index.php\/urun\/kutsal-dilin-yikimi\/","title":{"rendered":"\u201cKutsal Dil\u201din Y\u0131k\u0131m\u0131"},"content":{"rendered":"<p>Kur\u2019\u00e2n-\u0131 Ker\u00eem\u2019in dili olan Arap\u00e7a, \u201cvahiy dili\u201d olarak genellikle kutsal bir dil olarak anla\u015f\u0131lagelmi\u015ftir. Geleneksel dilbilim, erken d\u00f6nemden itibaren vahyin dilini anlamaya, farkl\u0131 y\u00f6ntemlerle bir gramer in\u015fa etmeye \u00e7al\u0131\u015fm\u0131\u015fsa da Arap\u00e7aya atfedilen bu kutsall\u0131k zaman zaman onu salt bir dil olarak ele almay\u0131 zorla\u015ft\u0131rm\u0131\u015f, dilbilimsel \u00e7al\u0131\u015fmalarda farkl\u0131 yakla\u015f\u0131mlar\u0131n ortaya \u00e7\u0131kmas\u0131na yol a\u00e7m\u0131\u015ft\u0131r. Laf\u0131z m\u0131 manaya tabidir, mana m\u0131 lafza? Yoksa laf\u0131zla mana bir madalyonun iki yu\u0308zu\u0308 gibi midir? Soner Gu\u0308ndu\u0308z\u00f6z, Organon\u2019un Akhilleus\u2019u ve el-Kit\u00e2b\u2019\u0131n ve Arap gramerinin Zeyd\u2019ine ithaf etti\u011fi \u201cKutsal Dil\u201din Y\u0131k\u0131m\u0131\u2019nda, geleneksel Arap dilbilimi ile Aristo\u2019nun mant\u0131k teorileri aras\u0131nda bu gibi sorulara yan\u0131t ar\u0131yor. Lafz\u0131n kutsanmas\u0131 ve manan\u0131n ona tabiiyetinin olu\u015fturdu\u011fu kutsal dil ontolojisinin tarihsel su\u0308re\u00e7te lafz\u0131n manaya tabi k\u0131l\u0131nmas\u0131 \u015feklindeki seru\u0308venini g\u00f6zler \u00f6nu\u0308ne seriyor. Bu ba\u011flamda \u0130bn-i S\u00een\u00e2, \u0130bnu\u0308\u2019s-Serr\u00e2c, S\u00eebeveyh, Abdu\u0308lk\u00e2hir el-Cu\u0308rc\u00e2n\u00ee, Eb\u00fb H\u00e2\u015fim el-Cu\u0308bb\u00e2\u00ee ve K\u00e2d\u00ee Abdu\u0308lcebb\u00e2r gibi \u00e2limler ve bunlar\u0131n ortaya koydu\u011fu dil teorileri ve Bat\u0131\u2019n\u0131n rasyonel mant\u0131k teorilerinin dilbilimsel alandaki kar\u015f\u0131la\u015fma ve \u00e7at\u0131\u015fmalar\u0131na i\u015faret ediyor. <\/p>\n","protected":false},"excerpt":{"rendered":"<p>Kur\u2019\u00e2n-\u0131 Ker\u00eem\u2019in dili olan Arap\u00e7a, \u201cvahiy dili\u201d olarak genellikle kutsal bir dil olarak anla\u015f\u0131lagelmi\u015ftir. Geleneksel dilbilim, erken d\u00f6nemden itibaren vahyin dilini anlamaya, farkl\u0131 y\u00f6ntemlerle bir gramer<span class=\"excerpt-hellip\"> [\u2026]<\/span><\/p>\n","protected":false},"featured_media":0,"template":"","meta":{"_monsterinsights_skip_tracking":false,"_monsterinsights_sitenote_active":false,"_monsterinsights_sitenote_note":"","_monsterinsights_sitenote_category":0},"product_brand":[],"product_cat":[12718,12719],"product_tag":[],"class_list":{"0":"post-759369","1":"product","2":"type-product","3":"status-publish","5":"product_cat-din","6":"product_cat-islam","7":"pa_cilt-ciltsiz","8":"pa_tur-kitap","9":"pa_yayinevi-ketebe-yayinlari","10":"pa_yazar-soner-gunduzoz","12":"first","13":"instock","14":"sale","15":"shipping-taxable","16":"purchasable","17":"product-type-simple"},"_links":{"self":[{"href":"https:\/\/roveyayinevi.com.tr\/index.php\/wp-json\/wp\/v2\/product\/759369","targetHints":{"allow":["GET"]}}],"collection":[{"href":"https:\/\/roveyayinevi.com.tr\/index.php\/wp-json\/wp\/v2\/product"}],"about":[{"href":"https:\/\/roveyayinevi.com.tr\/index.php\/wp-json\/wp\/v2\/types\/product"}],"wp:attachment":[{"href":"https:\/\/roveyayinevi.com.tr\/index.php\/wp-json\/wp\/v2\/media?parent=759369"}],"wp:term":[{"taxonomy":"product_brand","embeddable":true,"href":"https:\/\/roveyayinevi.com.tr\/index.php\/wp-json\/wp\/v2\/product_brand?post=759369"},{"taxonomy":"product_cat","embeddable":true,"href":"https:\/\/roveyayinevi.com.tr\/index.php\/wp-json\/wp\/v2\/product_cat?post=759369"},{"taxonomy":"product_tag","embeddable":true,"href":"https:\/\/roveyayinevi.com.tr\/index.php\/wp-json\/wp\/v2\/product_tag?post=759369"}],"curies":[{"name":"wp","href":"https:\/\/api.w.org\/{rel}","templated":true}]}}