{"id":759368,"date":"2025-08-28T08:32:42","date_gmt":"2025-08-28T05:32:42","guid":{"rendered":"https:\/\/roveyayinevi.com.tr\/index.php\/urun\/yarin-marsa-gidiyoruz-kizil-gezegene-yolculugun-ilk-seyir-defteri\/"},"modified":"2026-04-16T03:12:31","modified_gmt":"2026-04-16T00:12:31","slug":"yarin-marsa-gidiyoruz-kizil-gezegene-yolculugun-ilk-seyir-defteri","status":"publish","type":"product","link":"https:\/\/roveyayinevi.com.tr\/index.php\/urun\/yarin-marsa-gidiyoruz-kizil-gezegene-yolculugun-ilk-seyir-defteri\/","title":{"rendered":"Yar\u0131n Mars\u2019a Gidiyoruz \u2013 K\u0131z\u0131l Gezegene Yolculu\u011fun \u0130lk Seyir Defteri"},"content":{"rendered":"<p>Bir s\u0131n\u0131f dolusu \u00f6\u011frenci d\u00fc\u015f\u00fcn\u00fcn. \u0130leride Mars\u2019a gidecek ekibin par\u00e7as\u0131 olmay\u0131 d\u00fc\u015fleyen \u00f6\u011frenciler. Peki ya onlar\u0131 Mars\u2019ta bekleyen tehlikeler, zorluklar, sorunlar kar\u015f\u0131s\u0131nda ne yapacaklar? \u0130\u015fte Yar\u0131n Mars\u2019a Gidiyoruz bu ve daha fazla soruya yan\u0131t veriyor. K\u0131sacas\u0131 Mars hakk\u0131nda bilmek isteyece\u011finiz her \u015fey hakk\u0131nda ola\u011fan\u00fcst\u00fc bir kitap bu.Mars\u2019a giderken bavulumuza neler koymal\u0131y\u0131z?Orada ya\u015fayaca\u011f\u0131m\u0131z evleri nereye ve nas\u0131l yapmal\u0131y\u0131z?Neler yeti\u015ftirip yiyece\u011fiz?D\u00fcnya ile ileti\u015fimimiz nas\u0131l olacak?Peki ya Mars\u2019ta hava durumu nas\u0131l?Ve daha pek \u00e7ok e\u011flenceli bilgi merakl\u0131 gen\u00e7 okurlar\u0131 bekliyor&#8230;<\/p>\n","protected":false},"excerpt":{"rendered":"<p>Bir s\u0131n\u0131f dolusu \u00f6\u011frenci d\u00fc\u015f\u00fcn\u00fcn. \u0130leride Mars\u2019a gidecek ekibin par\u00e7as\u0131 olmay\u0131 d\u00fc\u015fleyen \u00f6\u011frenciler. Peki ya onlar\u0131 Mars\u2019ta bekleyen tehlikeler, zorluklar, sorunlar kar\u015f\u0131s\u0131nda ne yapacaklar? \u0130\u015fte Yar\u0131n<span class=\"excerpt-hellip\"> [\u2026]<\/span><\/p>\n","protected":false},"featured_media":0,"template":"","meta":{"_monsterinsights_skip_tracking":false,"_monsterinsights_sitenote_active":false,"_monsterinsights_sitenote_note":"","_monsterinsights_sitenote_category":0},"product_brand":[],"product_cat":[12275,12274],"product_tag":[],"class_list":{"0":"post-759368","1":"product","2":"type-product","3":"status-publish","5":"product_cat-6-12-yas-kitaplari","6":"product_cat-cocuk-ve-genclik-kitaplari","7":"pa_cilt-ciltsiz","8":"pa_tur-kitap","9":"pa_yayinevi-yapi-kredi-yayinlari","10":"pa_yazar-muriel-zurcher","12":"first","13":"instock","14":"sale","15":"shipping-taxable","16":"purchasable","17":"product-type-simple"},"_links":{"self":[{"href":"https:\/\/roveyayinevi.com.tr\/index.php\/wp-json\/wp\/v2\/product\/759368","targetHints":{"allow":["GET"]}}],"collection":[{"href":"https:\/\/roveyayinevi.com.tr\/index.php\/wp-json\/wp\/v2\/product"}],"about":[{"href":"https:\/\/roveyayinevi.com.tr\/index.php\/wp-json\/wp\/v2\/types\/product"}],"wp:attachment":[{"href":"https:\/\/roveyayinevi.com.tr\/index.php\/wp-json\/wp\/v2\/media?parent=759368"}],"wp:term":[{"taxonomy":"product_brand","embeddable":true,"href":"https:\/\/roveyayinevi.com.tr\/index.php\/wp-json\/wp\/v2\/product_brand?post=759368"},{"taxonomy":"product_cat","embeddable":true,"href":"https:\/\/roveyayinevi.com.tr\/index.php\/wp-json\/wp\/v2\/product_cat?post=759368"},{"taxonomy":"product_tag","embeddable":true,"href":"https:\/\/roveyayinevi.com.tr\/index.php\/wp-json\/wp\/v2\/product_tag?post=759368"}],"curies":[{"name":"wp","href":"https:\/\/api.w.org\/{rel}","templated":true}]}}