{"id":759367,"date":"2025-08-28T08:32:41","date_gmt":"2025-08-28T05:32:41","guid":{"rendered":"https:\/\/roveyayinevi.com.tr\/index.php\/urun\/teselli-arayisi\/"},"modified":"2026-04-16T03:12:31","modified_gmt":"2026-04-16T00:12:31","slug":"teselli-arayisi","status":"publish","type":"product","link":"https:\/\/roveyayinevi.com.tr\/index.php\/urun\/teselli-arayisi\/","title":{"rendered":"Teselli Aray\u0131\u015f\u0131"},"content":{"rendered":"<p>Buras\u0131 d\u00fcnya. Herkesin bir \u015feylerle s\u0131nand\u0131\u011f\u0131, bir k\u0131sm\u0131 ger\u00e7ekle\u015fmi\u015f, bir k\u0131sm\u0131 ger\u00e7ekle\u015fmemi\u015f hayallerin yuvas\u0131. \u00c7etin m\u00fccadelelerin verildi\u011fi, heveslerin yar\u0131m kald\u0131\u011f\u0131, s\u00f6ylenemeyenlerin g\u00f6\u011f\u00fcste bir yumru gibi oturdu\u011fu bir yer. Bazen onlarca kederin \u015fen kahkahalarla maskelendi\u011fi, k\u0131rd\u0131\u011f\u0131m\u0131z ve k\u0131r\u0131ld\u0131\u011f\u0131m\u0131z ge\u00e7ici bir durak. Bamba\u015fka hayaller kurarken ba\u015f\u0131na gelenler kar\u015f\u0131s\u0131nda \u015fa\u015fa kald\u0131\u011f\u0131n, bazen y\u0131k\u0131ld\u0131\u011f\u0131n bazen yeniden kalkt\u0131\u011f\u0131n ini\u015fli \u00e7\u0131k\u0131\u015fl\u0131 bir devran. Buras\u0131 d\u00fcnya. Hay\u0131r zannettiklerinin \u015ferre, \u015fer g\u00f6rd\u00fcklerinin hayra d\u00f6nd\u00fc\u011f\u00fc, dost zannettiklerinin yabanc\u0131la\u015ft\u0131\u011f\u0131, uzak durduklar\u0131n\u0131n yak\u0131nla\u015ft\u0131\u011f\u0131, do\u011frular\u0131n\u0131n, savunduklar\u0131n\u0131n bazen alt \u00fcst oldu\u011fu bir mek\u00e2n.  Hi\u00e7bir \u00f6\u011freti, bize yolun tamam\u0131n\u0131n m\u00fckellef bir g\u00fczellikte olaca\u011f\u0131n\u0131 vaat edemez. Allah ayetlerinde imtihanlardan, birtak\u0131m s\u0131navlardan ge\u00e7ece\u011fimizi haber etmi\u015fken tamamen hazz\u0131n ve mutlulu\u011fun aray\u0131\u015f\u0131nda olmak, aya\u011f\u0131m\u0131za ta\u015f de\u011fmeden y\u00fcr\u00fcmek istemek ve insan\u0131n bu aray\u0131\u015f\u0131na binaen bat\u0131l\u0131 ki\u015fisel geli\u015fimcilerin b\u00fcy\u00fck vaatlerinin pe\u015fine d\u00fc\u015fmek insan\u0131 en nihayetinde yine sukutuhayale u\u011frat\u0131r.  Bu kitap insan\u0131n debdebeli ge\u00e7i\u015flerine, zaaflar\u0131na \u0131\u015f\u0131k tutmak ve teselli aray\u0131\u015f\u0131na, imtihanlar\u0131na akl\u0131n\u0131 me\u015fgul eden sorular\u0131na ve \u00e7\u0131kmazlar\u0131na bir re\u00e7ete sunma gayesiyle yaz\u0131ld\u0131. \u00c7\u00fcnk\u00fc; yol, kas\u0131rgalar\u0131yla da g\u00fcne\u015fli g\u00fcnleriyle de bakidir ancak insan\u0131n yola bak\u0131\u015f\u0131, yolculu\u011funun rengini de\u011fi\u015ftirebilir. <\/p>\n","protected":false},"excerpt":{"rendered":"<p>Buras\u0131 d\u00fcnya. Herkesin bir \u015feylerle s\u0131nand\u0131\u011f\u0131, bir k\u0131sm\u0131 ger\u00e7ekle\u015fmi\u015f, bir k\u0131sm\u0131 ger\u00e7ekle\u015fmemi\u015f hayallerin yuvas\u0131. \u00c7etin m\u00fccadelelerin verildi\u011fi, heveslerin yar\u0131m kald\u0131\u011f\u0131, s\u00f6ylenemeyenlerin g\u00f6\u011f\u00fcste bir yumru gibi oturdu\u011fu<span class=\"excerpt-hellip\"> [\u2026]<\/span><\/p>\n","protected":false},"featured_media":0,"template":"","meta":{"_monsterinsights_skip_tracking":false,"_monsterinsights_sitenote_active":false,"_monsterinsights_sitenote_note":"","_monsterinsights_sitenote_category":0},"product_brand":[],"product_cat":[12364,12376],"product_tag":[],"class_list":{"0":"post-759367","1":"product","2":"type-product","3":"status-publish","5":"product_cat-genel-konular","6":"product_cat-kisisel-gelisim","7":"pa_cilt-ciltsiz","8":"pa_tur-kitap","9":"pa_yayinevi-nesil-yayinlari","10":"pa_yazar-hatice-kaymaz","12":"first","13":"instock","14":"sale","15":"shipping-taxable","16":"purchasable","17":"product-type-simple"},"_links":{"self":[{"href":"https:\/\/roveyayinevi.com.tr\/index.php\/wp-json\/wp\/v2\/product\/759367","targetHints":{"allow":["GET"]}}],"collection":[{"href":"https:\/\/roveyayinevi.com.tr\/index.php\/wp-json\/wp\/v2\/product"}],"about":[{"href":"https:\/\/roveyayinevi.com.tr\/index.php\/wp-json\/wp\/v2\/types\/product"}],"wp:attachment":[{"href":"https:\/\/roveyayinevi.com.tr\/index.php\/wp-json\/wp\/v2\/media?parent=759367"}],"wp:term":[{"taxonomy":"product_brand","embeddable":true,"href":"https:\/\/roveyayinevi.com.tr\/index.php\/wp-json\/wp\/v2\/product_brand?post=759367"},{"taxonomy":"product_cat","embeddable":true,"href":"https:\/\/roveyayinevi.com.tr\/index.php\/wp-json\/wp\/v2\/product_cat?post=759367"},{"taxonomy":"product_tag","embeddable":true,"href":"https:\/\/roveyayinevi.com.tr\/index.php\/wp-json\/wp\/v2\/product_tag?post=759367"}],"curies":[{"name":"wp","href":"https:\/\/api.w.org\/{rel}","templated":true}]}}