{"id":759365,"date":"2025-08-28T08:32:37","date_gmt":"2025-08-28T05:32:37","guid":{"rendered":"https:\/\/roveyayinevi.com.tr\/index.php\/urun\/kucuk-kurbaga\/"},"modified":"2026-04-16T03:12:31","modified_gmt":"2026-04-16T00:12:31","slug":"kucuk-kurbaga","status":"publish","type":"product","link":"https:\/\/roveyayinevi.com.tr\/index.php\/urun\/kucuk-kurbaga\/","title":{"rendered":"K\u00fc\u00e7\u00fck Kurba\u011fa"},"content":{"rendered":"<p>Minicik bir iriba\u015f\u0131n b\u00fcy\u00fcy\u00fcp z\u0131p z\u0131p z\u0131playan, mutlu bir kurba\u011faya nas\u0131l d\u00f6n\u00fc\u015ft\u00fc\u011f\u00fcn\u00fc hi\u00e7 merak ettiniz mi? \u00d6yleyse k\u00fc\u00e7\u00fck kurba\u011fayla tan\u0131\u015fmal\u0131s\u0131n\u0131z! <\/p>\n","protected":false},"excerpt":{"rendered":"<p>Minicik bir iriba\u015f\u0131n b\u00fcy\u00fcy\u00fcp z\u0131p z\u0131p z\u0131playan, mutlu bir kurba\u011faya nas\u0131l d\u00f6n\u00fc\u015ft\u00fc\u011f\u00fcn\u00fc hi\u00e7 merak ettiniz mi? \u00d6yleyse k\u00fc\u00e7\u00fck kurba\u011fayla tan\u0131\u015fmal\u0131s\u0131n\u0131z!<\/p>\n","protected":false},"featured_media":0,"template":"","meta":{"_monsterinsights_skip_tracking":false,"_monsterinsights_sitenote_active":false,"_monsterinsights_sitenote_note":"","_monsterinsights_sitenote_category":0},"product_brand":[],"product_cat":[12274,12518],"product_tag":[],"class_list":{"0":"post-759365","1":"product","2":"type-product","3":"status-publish","5":"product_cat-cocuk-ve-genclik-kitaplari","6":"product_cat-okul-oncesi-kitaplar","7":"pa_cilt-ciltsiz","8":"pa_tur-kitap","9":"pa_yayinevi-is-bankasi-kultur-yayinlari","10":"pa_yazar-wednesday-jones-katie-taylor","12":"first","13":"instock","14":"sale","15":"shipping-taxable","16":"purchasable","17":"product-type-simple"},"_links":{"self":[{"href":"https:\/\/roveyayinevi.com.tr\/index.php\/wp-json\/wp\/v2\/product\/759365","targetHints":{"allow":["GET"]}}],"collection":[{"href":"https:\/\/roveyayinevi.com.tr\/index.php\/wp-json\/wp\/v2\/product"}],"about":[{"href":"https:\/\/roveyayinevi.com.tr\/index.php\/wp-json\/wp\/v2\/types\/product"}],"wp:attachment":[{"href":"https:\/\/roveyayinevi.com.tr\/index.php\/wp-json\/wp\/v2\/media?parent=759365"}],"wp:term":[{"taxonomy":"product_brand","embeddable":true,"href":"https:\/\/roveyayinevi.com.tr\/index.php\/wp-json\/wp\/v2\/product_brand?post=759365"},{"taxonomy":"product_cat","embeddable":true,"href":"https:\/\/roveyayinevi.com.tr\/index.php\/wp-json\/wp\/v2\/product_cat?post=759365"},{"taxonomy":"product_tag","embeddable":true,"href":"https:\/\/roveyayinevi.com.tr\/index.php\/wp-json\/wp\/v2\/product_tag?post=759365"}],"curies":[{"name":"wp","href":"https:\/\/api.w.org\/{rel}","templated":true}]}}