{"id":759364,"date":"2025-08-28T08:32:36","date_gmt":"2025-08-28T05:32:36","guid":{"rendered":"https:\/\/roveyayinevi.com.tr\/index.php\/urun\/sadece-allahtan-iste\/"},"modified":"2026-04-16T03:12:31","modified_gmt":"2026-04-16T00:12:31","slug":"sadece-allahtan-iste","status":"publish","type":"product","link":"https:\/\/roveyayinevi.com.tr\/index.php\/urun\/sadece-allahtan-iste\/","title":{"rendered":"Sadece Allah\u2019tan \u0130ste"},"content":{"rendered":"<p>Kendini sahipsiz g\u00f6rme. Kald\u0131r ba\u015f\u0131n\u0131 Allah her yerde.\u201d   Y\u00fcre\u011fin mi darald\u0131? Allah de. Kalbini yoranlar m\u0131 var? Allah de. Can\u0131n\u0131 m\u0131 yakt\u0131lar, hayat\u0131n\u0131 m\u0131 karartt\u0131lar? Allah de. Ac\u0131madan g\u00f6zya\u015flar\u0131n\u0131 m\u0131 ak\u0131tt\u0131lar? Allah de. Ruhunda derin yaralar a\u00e7\u0131p m\u0131 ka\u00e7t\u0131lar? Allah de. \u00c7\u00dcNK\u00dc; O, ger\u00e7e\u011fin ta kendisi. O, varl\u0131\u011f\u0131m\u0131z\u0131n habercisi. O, on sekiz bin \u00e2lemin sahibi. O, inananlar\u0131n en g\u00fczel dostu. O, gizemli kap\u0131lar\u0131n mihmandar\u0131. O, kalbimizin zikirle olu\u015fan ritmi. O, \u015fah damardan daha yak\u0131n sevgili.   O zaman: SADECE ALLAH\u2019TAN \u0130STE\u2026 <\/p>\n","protected":false},"excerpt":{"rendered":"<p>Kendini sahipsiz g\u00f6rme. Kald\u0131r ba\u015f\u0131n\u0131 Allah her yerde.\u201d Y\u00fcre\u011fin mi darald\u0131? Allah de. Kalbini yoranlar m\u0131 var? Allah de. Can\u0131n\u0131 m\u0131 yakt\u0131lar, hayat\u0131n\u0131 m\u0131 karartt\u0131lar? Allah<span class=\"excerpt-hellip\"> [\u2026]<\/span><\/p>\n","protected":false},"featured_media":0,"template":"","meta":{"_monsterinsights_skip_tracking":false,"_monsterinsights_sitenote_active":false,"_monsterinsights_sitenote_note":"","_monsterinsights_sitenote_category":0},"product_brand":[],"product_cat":[12718,12719,15238],"product_tag":[],"class_list":{"0":"post-759364","1":"product","2":"type-product","3":"status-publish","5":"product_cat-din","6":"product_cat-islam","7":"product_cat-tasavvuf","8":"pa_cilt-ciltsiz","9":"pa_tur-kitap","10":"pa_yayinevi-hayat-yayinlari","11":"pa_yazar-zekeriya-efiloglu","13":"first","14":"instock","15":"sale","16":"shipping-taxable","17":"purchasable","18":"product-type-simple"},"_links":{"self":[{"href":"https:\/\/roveyayinevi.com.tr\/index.php\/wp-json\/wp\/v2\/product\/759364","targetHints":{"allow":["GET"]}}],"collection":[{"href":"https:\/\/roveyayinevi.com.tr\/index.php\/wp-json\/wp\/v2\/product"}],"about":[{"href":"https:\/\/roveyayinevi.com.tr\/index.php\/wp-json\/wp\/v2\/types\/product"}],"wp:attachment":[{"href":"https:\/\/roveyayinevi.com.tr\/index.php\/wp-json\/wp\/v2\/media?parent=759364"}],"wp:term":[{"taxonomy":"product_brand","embeddable":true,"href":"https:\/\/roveyayinevi.com.tr\/index.php\/wp-json\/wp\/v2\/product_brand?post=759364"},{"taxonomy":"product_cat","embeddable":true,"href":"https:\/\/roveyayinevi.com.tr\/index.php\/wp-json\/wp\/v2\/product_cat?post=759364"},{"taxonomy":"product_tag","embeddable":true,"href":"https:\/\/roveyayinevi.com.tr\/index.php\/wp-json\/wp\/v2\/product_tag?post=759364"}],"curies":[{"name":"wp","href":"https:\/\/api.w.org\/{rel}","templated":true}]}}