{"id":759363,"date":"2025-08-28T08:32:34","date_gmt":"2025-08-28T05:32:34","guid":{"rendered":"https:\/\/roveyayinevi.com.tr\/index.php\/urun\/icindeki-sesi-dinle\/"},"modified":"2026-04-16T03:12:31","modified_gmt":"2026-04-16T00:12:31","slug":"icindeki-sesi-dinle","status":"publish","type":"product","link":"https:\/\/roveyayinevi.com.tr\/index.php\/urun\/icindeki-sesi-dinle\/","title":{"rendered":"\u0130\u00e7indeki Sesi Dinle"},"content":{"rendered":"<p>\u201cK\u00e2inat e\u015fsiz bir m\u00fczikal. Can kula\u011f\u0131 ile dinle\u2026\u201d   Dinlerken insana bilgelik y\u00fcklenir. Susarken \u00f6\u011frenir insan. G\u00f6k kap\u0131lar\u0131ndan d\u00f6k\u00fclen rahmet, ruhun pencerelerinden sessizlikte i\u00e7eri s\u0131zar. Ve ayd\u0131nlan\u0131r ufuklar, nurlan\u0131r dima\u011f\u0131m\u0131z. K\u00e2inat\u0131 bir okul gibi yaratm\u0131\u015f Rabbimiz.  Bu okulun talebeleri dersleri anlamak i\u00e7in devaml\u0131 tefekk\u00fcr eder. Ve \u201ccan kula\u011f\u0131\u201d ile dinlerler. Dinlerken dini anlarlar. Bu kitap, benim tefekk\u00fcr yolculuklar\u0131ndaki deneyimlerim\u2026 Bakt\u0131k\u00e7a g\u00f6rd\u00fcklerim, dinledik\u00e7e i\u015fittiklerim\u2026 \u0130stersen her g\u00fcn bir sayfas\u0131n\u0131 tefeyy\u00fcl a\u00e7, nasibine \u00e7\u0131kan b\u00f6l\u00fcm\u00fc tefekk\u00fcr et. Din, Allah\u00b4\u0131n (cc) terbiyesine girmektir. Dini anlamaya ba\u015flar dinleyen. Ey Kari, gel beraber dinleyelim, \u015fahit olal\u0131m. Marifetullah\u00b4a bakarak, Rahmetullah\u00b4a talip olal\u0131m\u2026<\/p>\n","protected":false},"excerpt":{"rendered":"<p>\u201cK\u00e2inat e\u015fsiz bir m\u00fczikal. Can kula\u011f\u0131 ile dinle\u2026\u201d Dinlerken insana bilgelik y\u00fcklenir. Susarken \u00f6\u011frenir insan. G\u00f6k kap\u0131lar\u0131ndan d\u00f6k\u00fclen rahmet, ruhun pencerelerinden sessizlikte i\u00e7eri s\u0131zar. Ve ayd\u0131nlan\u0131r<span class=\"excerpt-hellip\"> [\u2026]<\/span><\/p>\n","protected":false},"featured_media":0,"template":"","meta":{"_monsterinsights_skip_tracking":false,"_monsterinsights_sitenote_active":false,"_monsterinsights_sitenote_note":"","_monsterinsights_sitenote_category":0},"product_brand":[],"product_cat":[12718,12719,15238],"product_tag":[],"class_list":{"0":"post-759363","1":"product","2":"type-product","3":"status-publish","5":"product_cat-din","6":"product_cat-islam","7":"product_cat-tasavvuf","8":"pa_cilt-ciltsiz","9":"pa_tur-kitap","10":"pa_yayinevi-hayat-yayinlari","11":"pa_yazar-hacer-derelican","13":"first","14":"instock","15":"sale","16":"shipping-taxable","17":"purchasable","18":"product-type-simple"},"_links":{"self":[{"href":"https:\/\/roveyayinevi.com.tr\/index.php\/wp-json\/wp\/v2\/product\/759363","targetHints":{"allow":["GET"]}}],"collection":[{"href":"https:\/\/roveyayinevi.com.tr\/index.php\/wp-json\/wp\/v2\/product"}],"about":[{"href":"https:\/\/roveyayinevi.com.tr\/index.php\/wp-json\/wp\/v2\/types\/product"}],"wp:attachment":[{"href":"https:\/\/roveyayinevi.com.tr\/index.php\/wp-json\/wp\/v2\/media?parent=759363"}],"wp:term":[{"taxonomy":"product_brand","embeddable":true,"href":"https:\/\/roveyayinevi.com.tr\/index.php\/wp-json\/wp\/v2\/product_brand?post=759363"},{"taxonomy":"product_cat","embeddable":true,"href":"https:\/\/roveyayinevi.com.tr\/index.php\/wp-json\/wp\/v2\/product_cat?post=759363"},{"taxonomy":"product_tag","embeddable":true,"href":"https:\/\/roveyayinevi.com.tr\/index.php\/wp-json\/wp\/v2\/product_tag?post=759363"}],"curies":[{"name":"wp","href":"https:\/\/api.w.org\/{rel}","templated":true}]}}