{"id":759362,"date":"2025-08-28T08:32:32","date_gmt":"2025-08-28T05:32:32","guid":{"rendered":"https:\/\/roveyayinevi.com.tr\/index.php\/urun\/mutlu-ol\/"},"modified":"2026-04-16T03:12:31","modified_gmt":"2026-04-16T00:12:31","slug":"mutlu-ol","status":"publish","type":"product","link":"https:\/\/roveyayinevi.com.tr\/index.php\/urun\/mutlu-ol\/","title":{"rendered":"Mutlu Ol!"},"content":{"rendered":"<p>B\u00fcy\u00fcd\u00fc\u011f\u00fcnde ne olacaks\u0131n? Nas\u0131l biri olacaks\u0131n? Minik Ay\u0131 da bunlar\u0131 \u00e7ok merak ediyor ve annesine soruyor. Anne Ay\u0131 ile Minik Ay\u0131, birlikte ke\u015ffe \u00e7\u0131k\u0131yor, d\u00fc\u015f\u00fcn\u00fcyor ve hayaller kuruyorlar. Onlara e\u015flik etmek ister misin? <\/p>\n","protected":false},"excerpt":{"rendered":"<p>B\u00fcy\u00fcd\u00fc\u011f\u00fcnde ne olacaks\u0131n? Nas\u0131l biri olacaks\u0131n? Minik Ay\u0131 da bunlar\u0131 \u00e7ok merak ediyor ve annesine soruyor. Anne Ay\u0131 ile Minik Ay\u0131, birlikte ke\u015ffe \u00e7\u0131k\u0131yor, d\u00fc\u015f\u00fcn\u00fcyor ve<span class=\"excerpt-hellip\"> [\u2026]<\/span><\/p>\n","protected":false},"featured_media":0,"template":"","meta":{"_monsterinsights_skip_tracking":false,"_monsterinsights_sitenote_active":false,"_monsterinsights_sitenote_note":"","_monsterinsights_sitenote_category":0},"product_brand":[],"product_cat":[12274,12518],"product_tag":[],"class_list":{"0":"post-759362","1":"product","2":"type-product","3":"status-publish","5":"product_cat-cocuk-ve-genclik-kitaplari","6":"product_cat-okul-oncesi-kitaplar","7":"pa_cilt-ciltsiz","8":"pa_tur-kitap","9":"pa_yayinevi-is-bankasi-kultur-yayinlari","10":"pa_yazar-susie-linn","12":"first","13":"instock","14":"sale","15":"shipping-taxable","16":"purchasable","17":"product-type-simple"},"_links":{"self":[{"href":"https:\/\/roveyayinevi.com.tr\/index.php\/wp-json\/wp\/v2\/product\/759362","targetHints":{"allow":["GET"]}}],"collection":[{"href":"https:\/\/roveyayinevi.com.tr\/index.php\/wp-json\/wp\/v2\/product"}],"about":[{"href":"https:\/\/roveyayinevi.com.tr\/index.php\/wp-json\/wp\/v2\/types\/product"}],"wp:attachment":[{"href":"https:\/\/roveyayinevi.com.tr\/index.php\/wp-json\/wp\/v2\/media?parent=759362"}],"wp:term":[{"taxonomy":"product_brand","embeddable":true,"href":"https:\/\/roveyayinevi.com.tr\/index.php\/wp-json\/wp\/v2\/product_brand?post=759362"},{"taxonomy":"product_cat","embeddable":true,"href":"https:\/\/roveyayinevi.com.tr\/index.php\/wp-json\/wp\/v2\/product_cat?post=759362"},{"taxonomy":"product_tag","embeddable":true,"href":"https:\/\/roveyayinevi.com.tr\/index.php\/wp-json\/wp\/v2\/product_tag?post=759362"}],"curies":[{"name":"wp","href":"https:\/\/api.w.org\/{rel}","templated":true}]}}