{"id":759361,"date":"2025-08-28T08:32:31","date_gmt":"2025-08-28T05:32:31","guid":{"rendered":"https:\/\/roveyayinevi.com.tr\/index.php\/urun\/yapabiliriz-nazik-ve-anlayisli-olabiliriz-ilk-okuma-kitabim\/"},"modified":"2026-04-16T03:12:31","modified_gmt":"2026-04-16T00:12:31","slug":"yapabiliriz-nazik-ve-anlayisli-olabiliriz-ilk-okuma-kitabim","status":"publish","type":"product","link":"https:\/\/roveyayinevi.com.tr\/index.php\/urun\/yapabiliriz-nazik-ve-anlayisli-olabiliriz-ilk-okuma-kitabim\/","title":{"rendered":"Yapabiliriz, Nazik ve Anlay\u0131\u015fl\u0131 Olabiliriz &#8211; \u0130lk Okuma Kitab\u0131m"},"content":{"rendered":"<p>Lara, Mete, Peri ve Emir, anaokulunun Kutup Ay\u0131s\u0131 s\u0131n\u0131f\u0131ndalar. D\u00f6rt arkada\u015f g\u00fcnden g\u00fcne sevin\u00e7, heyecan, \u00fcz\u00fcnt\u00fc gibi farkl\u0131 duygular ya\u015f\u0131yor. Birbirlerine daha nazik ve anlay\u0131\u015fl\u0131 davranman\u0131n \u00f6nemini birlikte \u00f6\u011freniyorlar. G\u00fcndelik hayattan \u00f6rnekleri bar\u0131nd\u0131ran \u00f6yk\u00fcm\u00fcz, \u00e7ocuklar\u0131n sosyal-duygusal beceri geli\u015fimlerini desteklerken sayg\u0131 duyma, payla\u015fma, anla\u015fma, empati kurma gibi kavramlar\u0131 \u00e7ocu\u011fun kolayca anlayaca\u011f\u0131 bi\u00e7imde yans\u0131t\u0131yor. <\/p>\n","protected":false},"excerpt":{"rendered":"<p>Lara, Mete, Peri ve Emir, anaokulunun Kutup Ay\u0131s\u0131 s\u0131n\u0131f\u0131ndalar. D\u00f6rt arkada\u015f g\u00fcnden g\u00fcne sevin\u00e7, heyecan, \u00fcz\u00fcnt\u00fc gibi farkl\u0131 duygular ya\u015f\u0131yor. Birbirlerine daha nazik ve anlay\u0131\u015fl\u0131 davranman\u0131n<span class=\"excerpt-hellip\"> [\u2026]<\/span><\/p>\n","protected":false},"featured_media":0,"template":"","meta":{"_monsterinsights_skip_tracking":false,"_monsterinsights_sitenote_active":false,"_monsterinsights_sitenote_note":"","_monsterinsights_sitenote_category":0},"product_brand":[],"product_cat":[12274,12518],"product_tag":[],"class_list":{"0":"post-759361","1":"product","2":"type-product","3":"status-publish","5":"product_cat-cocuk-ve-genclik-kitaplari","6":"product_cat-okul-oncesi-kitaplar","7":"pa_cilt-ciltsiz","8":"pa_tur-kitap","9":"pa_yayinevi-is-bankasi-kultur-yayinlari","10":"pa_yazar-christian-tielmann","12":"first","13":"instock","14":"sale","15":"shipping-taxable","16":"purchasable","17":"product-type-simple"},"_links":{"self":[{"href":"https:\/\/roveyayinevi.com.tr\/index.php\/wp-json\/wp\/v2\/product\/759361","targetHints":{"allow":["GET"]}}],"collection":[{"href":"https:\/\/roveyayinevi.com.tr\/index.php\/wp-json\/wp\/v2\/product"}],"about":[{"href":"https:\/\/roveyayinevi.com.tr\/index.php\/wp-json\/wp\/v2\/types\/product"}],"wp:attachment":[{"href":"https:\/\/roveyayinevi.com.tr\/index.php\/wp-json\/wp\/v2\/media?parent=759361"}],"wp:term":[{"taxonomy":"product_brand","embeddable":true,"href":"https:\/\/roveyayinevi.com.tr\/index.php\/wp-json\/wp\/v2\/product_brand?post=759361"},{"taxonomy":"product_cat","embeddable":true,"href":"https:\/\/roveyayinevi.com.tr\/index.php\/wp-json\/wp\/v2\/product_cat?post=759361"},{"taxonomy":"product_tag","embeddable":true,"href":"https:\/\/roveyayinevi.com.tr\/index.php\/wp-json\/wp\/v2\/product_tag?post=759361"}],"curies":[{"name":"wp","href":"https:\/\/api.w.org\/{rel}","templated":true}]}}