{"id":759359,"date":"2025-08-28T08:32:27","date_gmt":"2025-08-28T05:32:27","guid":{"rendered":"https:\/\/roveyayinevi.com.tr\/index.php\/urun\/guzel-bir-yolculuk\/"},"modified":"2026-04-16T03:12:31","modified_gmt":"2026-04-16T00:12:31","slug":"guzel-bir-yolculuk","status":"publish","type":"product","link":"https:\/\/roveyayinevi.com.tr\/index.php\/urun\/guzel-bir-yolculuk\/","title":{"rendered":"G\u00fczel Bir Yolculuk"},"content":{"rendered":"<p>Yolculuk her zaman yeni bir ba\u015flang\u0131\u00e7, bir ke\u015fif, bir macerad\u0131r. Durup kitap okurken bile yolculuk hep harekettir. Ba\u015flang\u0131\u00e7 ile biti\u015f aras\u0131nda, kalk\u0131\u015f ile var\u0131\u015f aras\u0131nda, tek ba\u015f\u0131na ya da birlikte, hep bir yolculuk vard\u0131r. G\u00fczel bir yolculuk bir yetenek ya da bir arma\u011fan da olabilir; t\u0131pk\u0131 s\u00f6zleri ve resimleriyle iki muhte\u015fem sanat\u00e7\u0131n\u0131n ortaya koydu\u011fu bu k\u0131ymetli kitap gibi. G\u00fczel Bir Yolculuk herkese ama \u00f6zellikle de \u015fairler ve ressamlar gibi imgelerle d\u00fc\u015f\u00fcnen \u00e7ocuklara seslenen bir kitap. Hem okumak hem de bir par\u00e7as\u0131 olmak i\u00e7in \u00e7ok \u00f6zel bir \u00e7al\u0131\u015fma. Beatrice Masini\u2019nin yazd\u0131\u011f\u0131 G\u00fczel Bir Yolculuk 2017\u2019de aram\u0131zdan ayr\u0131lan \u00fcnl\u00fc ill\u00fcstrat\u00f6r Gianni De Conno\u2019nun resimledi\u011fi son eseri\u2026 <\/p>\n","protected":false},"excerpt":{"rendered":"<p>Yolculuk her zaman yeni bir ba\u015flang\u0131\u00e7, bir ke\u015fif, bir macerad\u0131r. Durup kitap okurken bile yolculuk hep harekettir. Ba\u015flang\u0131\u00e7 ile biti\u015f aras\u0131nda, kalk\u0131\u015f ile var\u0131\u015f aras\u0131nda, tek<span class=\"excerpt-hellip\"> [\u2026]<\/span><\/p>\n","protected":false},"featured_media":0,"template":"","meta":{"_monsterinsights_skip_tracking":false,"_monsterinsights_sitenote_active":false,"_monsterinsights_sitenote_note":"","_monsterinsights_sitenote_category":0},"product_brand":[],"product_cat":[12274,12284],"product_tag":[],"class_list":{"0":"post-759359","1":"product","2":"type-product","3":"status-publish","5":"product_cat-cocuk-ve-genclik-kitaplari","6":"product_cat-hikayeler","7":"pa_cilt-ciltsiz","8":"pa_tur-kitap","9":"pa_yayinevi-yapi-kredi-yayinlari","10":"pa_yazar-beatrice-masini","12":"first","13":"instock","14":"sale","15":"shipping-taxable","16":"purchasable","17":"product-type-simple"},"_links":{"self":[{"href":"https:\/\/roveyayinevi.com.tr\/index.php\/wp-json\/wp\/v2\/product\/759359","targetHints":{"allow":["GET"]}}],"collection":[{"href":"https:\/\/roveyayinevi.com.tr\/index.php\/wp-json\/wp\/v2\/product"}],"about":[{"href":"https:\/\/roveyayinevi.com.tr\/index.php\/wp-json\/wp\/v2\/types\/product"}],"wp:attachment":[{"href":"https:\/\/roveyayinevi.com.tr\/index.php\/wp-json\/wp\/v2\/media?parent=759359"}],"wp:term":[{"taxonomy":"product_brand","embeddable":true,"href":"https:\/\/roveyayinevi.com.tr\/index.php\/wp-json\/wp\/v2\/product_brand?post=759359"},{"taxonomy":"product_cat","embeddable":true,"href":"https:\/\/roveyayinevi.com.tr\/index.php\/wp-json\/wp\/v2\/product_cat?post=759359"},{"taxonomy":"product_tag","embeddable":true,"href":"https:\/\/roveyayinevi.com.tr\/index.php\/wp-json\/wp\/v2\/product_tag?post=759359"}],"curies":[{"name":"wp","href":"https:\/\/api.w.org\/{rel}","templated":true}]}}