{"id":759355,"date":"2025-08-28T08:32:19","date_gmt":"2025-08-28T05:32:19","guid":{"rendered":"https:\/\/roveyayinevi.com.tr\/index.php\/urun\/bu-kimin-evi\/"},"modified":"2026-04-08T03:21:05","modified_gmt":"2026-04-08T00:21:05","slug":"bu-kimin-evi","status":"publish","type":"product","link":"https:\/\/roveyayinevi.com.tr\/index.php\/urun\/bu-kimin-evi\/","title":{"rendered":"Bu Kimin Evi?"},"content":{"rendered":"<p>Hi\u00e7 merak ettin mi, b\u00f6ceklerin evi nerede? Kimisi ya\u015far bir kovanda, kimi yuva yapar topra\u011f\u0131n alt\u0131na. Haydi sen de kitaptaki par\u00e7alar\u0131 tak-\u00e7\u0131kar, \u00f6\u011fren bah\u00e7elerde hangi b\u00f6cekler ya\u015far. <\/p>\n","protected":false},"excerpt":{"rendered":"<p>Hi\u00e7 merak ettin mi, b\u00f6ceklerin evi nerede? Kimisi ya\u015far bir kovanda, kimi yuva yapar topra\u011f\u0131n alt\u0131na. Haydi sen de kitaptaki par\u00e7alar\u0131 tak-\u00e7\u0131kar, \u00f6\u011fren bah\u00e7elerde hangi b\u00f6cekler<span class=\"excerpt-hellip\"> [\u2026]<\/span><\/p>\n","protected":false},"featured_media":0,"template":"","meta":{"_monsterinsights_skip_tracking":false,"_monsterinsights_sitenote_active":false,"_monsterinsights_sitenote_note":"","_monsterinsights_sitenote_category":0},"product_brand":[],"product_cat":[12274,12284],"product_tag":[],"class_list":{"0":"post-759355","1":"product","2":"type-product","3":"status-publish","5":"product_cat-cocuk-ve-genclik-kitaplari","6":"product_cat-hikayeler","7":"pa_cilt-ciltsiz","8":"pa_tur-kitap","9":"pa_yayinevi-ucan-kitap","10":"pa_yazar-tolga-yozcu","12":"first","13":"instock","14":"sale","15":"shipping-taxable","16":"purchasable","17":"product-type-simple"},"_links":{"self":[{"href":"https:\/\/roveyayinevi.com.tr\/index.php\/wp-json\/wp\/v2\/product\/759355","targetHints":{"allow":["GET"]}}],"collection":[{"href":"https:\/\/roveyayinevi.com.tr\/index.php\/wp-json\/wp\/v2\/product"}],"about":[{"href":"https:\/\/roveyayinevi.com.tr\/index.php\/wp-json\/wp\/v2\/types\/product"}],"wp:attachment":[{"href":"https:\/\/roveyayinevi.com.tr\/index.php\/wp-json\/wp\/v2\/media?parent=759355"}],"wp:term":[{"taxonomy":"product_brand","embeddable":true,"href":"https:\/\/roveyayinevi.com.tr\/index.php\/wp-json\/wp\/v2\/product_brand?post=759355"},{"taxonomy":"product_cat","embeddable":true,"href":"https:\/\/roveyayinevi.com.tr\/index.php\/wp-json\/wp\/v2\/product_cat?post=759355"},{"taxonomy":"product_tag","embeddable":true,"href":"https:\/\/roveyayinevi.com.tr\/index.php\/wp-json\/wp\/v2\/product_tag?post=759355"}],"curies":[{"name":"wp","href":"https:\/\/api.w.org\/{rel}","templated":true}]}}