{"id":759354,"date":"2025-08-28T08:32:17","date_gmt":"2025-08-28T05:32:17","guid":{"rendered":"https:\/\/roveyayinevi.com.tr\/index.php\/urun\/cinar-agacinin-gizemi\/"},"modified":"2026-04-16T03:12:30","modified_gmt":"2026-04-16T00:12:30","slug":"cinar-agacinin-gizemi","status":"publish","type":"product","link":"https:\/\/roveyayinevi.com.tr\/index.php\/urun\/cinar-agacinin-gizemi\/","title":{"rendered":"\u00c7\u0131nar A\u011fac\u0131n\u0131n Gizemi"},"content":{"rendered":"<p>Ge\u00e7mi\u015f, kimi zaman bir hik\u00e2ye gibi yan\u0131 ba\u015f\u0131m\u0131zda durur; kimi zamansa gelece\u011fe \u0131\u015f\u0131k tutar. Bizi biz yapan de\u011ferlerle anlam kazan\u0131r, yolumuzu ayd\u0131nlat\u0131r. \u0130\u015fte \u201cKutlu Koruyucular\u201d tam da ge\u00e7mi\u015fin \u0131\u015f\u0131\u011f\u0131yla gelece\u011fe yol a\u00e7ma fikrinin bir \u00fcr\u00fcn\u00fc. D\u00fcn\u00fcn\u00fc bilen, gelece\u011fe bu \u0131\u015f\u0131kla y\u00fcr\u00fcyen \u00e7ocuklar, gen\u00e7ler i\u00e7in\u2026Kutlu Koruyucular serisinin bu macera dolu ilk kitab\u0131nda hem Dede Korkut\u2019tan hem de okulunuzdan, mahallenizden, arkada\u015flar\u0131n\u0131zdan izler bulacaks\u0131n\u0131z. Gizemli \u00e7\u0131nar a\u011fa\u00e7lar\u0131 ile ba\u015flayan macera sizi ku\u015fat\u0131p bamba\u015fka bir d\u00fcnyaya g\u00f6t\u00fcrecek. \u0130stanbul\u2019u saran tehlikeler, \u00e7\u00f6z\u00fclmeyi bekleyen gizemler ve daha neler neler\u2026\u00c7\u0131nar A\u011fac\u0131n\u0131n Gizemi, okuyucular\u0131n\u0131 heyecan dolu bir ser\u00fcvene davet ediyor. \u00dcstelik bu ser\u00fcven \u00e7\u00f6zmeniz gereken s\u0131rlarla dolu.Gelin bu s\u0131rlar\u0131 beraber \u00e7\u00f6zelim!<\/p>\n","protected":false},"excerpt":{"rendered":"<p>Ge\u00e7mi\u015f, kimi zaman bir hik\u00e2ye gibi yan\u0131 ba\u015f\u0131m\u0131zda durur; kimi zamansa gelece\u011fe \u0131\u015f\u0131k tutar. Bizi biz yapan de\u011ferlerle anlam kazan\u0131r, yolumuzu ayd\u0131nlat\u0131r. \u0130\u015fte \u201cKutlu Koruyucular\u201d tam<span class=\"excerpt-hellip\"> [\u2026]<\/span><\/p>\n","protected":false},"featured_media":0,"template":"","meta":{"_monsterinsights_skip_tracking":false,"_monsterinsights_sitenote_active":false,"_monsterinsights_sitenote_note":"","_monsterinsights_sitenote_category":0},"product_brand":[],"product_cat":[12274,12284],"product_tag":[],"class_list":{"0":"post-759354","1":"product","2":"type-product","3":"status-publish","5":"product_cat-cocuk-ve-genclik-kitaplari","6":"product_cat-hikayeler","7":"pa_cilt-ciltsiz","8":"pa_tur-kitap","9":"pa_yayinevi-otuken-nesriyat","10":"pa_yazar-mehmet-onder-karacaoglu","12":"first","13":"instock","14":"sale","15":"shipping-taxable","16":"purchasable","17":"product-type-simple"},"_links":{"self":[{"href":"https:\/\/roveyayinevi.com.tr\/index.php\/wp-json\/wp\/v2\/product\/759354","targetHints":{"allow":["GET"]}}],"collection":[{"href":"https:\/\/roveyayinevi.com.tr\/index.php\/wp-json\/wp\/v2\/product"}],"about":[{"href":"https:\/\/roveyayinevi.com.tr\/index.php\/wp-json\/wp\/v2\/types\/product"}],"wp:attachment":[{"href":"https:\/\/roveyayinevi.com.tr\/index.php\/wp-json\/wp\/v2\/media?parent=759354"}],"wp:term":[{"taxonomy":"product_brand","embeddable":true,"href":"https:\/\/roveyayinevi.com.tr\/index.php\/wp-json\/wp\/v2\/product_brand?post=759354"},{"taxonomy":"product_cat","embeddable":true,"href":"https:\/\/roveyayinevi.com.tr\/index.php\/wp-json\/wp\/v2\/product_cat?post=759354"},{"taxonomy":"product_tag","embeddable":true,"href":"https:\/\/roveyayinevi.com.tr\/index.php\/wp-json\/wp\/v2\/product_tag?post=759354"}],"curies":[{"name":"wp","href":"https:\/\/api.w.org\/{rel}","templated":true}]}}