{"id":759351,"date":"2025-08-28T08:32:12","date_gmt":"2025-08-28T05:32:12","guid":{"rendered":"https:\/\/roveyayinevi.com.tr\/index.php\/urun\/sirin-serce-duayi-ogreniyor-yapbozlu-kitap-4\/"},"modified":"2026-04-16T03:12:30","modified_gmt":"2026-04-16T00:12:30","slug":"sirin-serce-duayi-ogreniyor-yapbozlu-kitap-4","status":"publish","type":"product","link":"https:\/\/roveyayinevi.com.tr\/index.php\/urun\/sirin-serce-duayi-ogreniyor-yapbozlu-kitap-4\/","title":{"rendered":"\u015eirin Ser\u00e7e Duay\u0131 \u00d6\u011freniyor \/ Yapbozlu Kitap 4"},"content":{"rendered":"<p>Yapbozlarla &#8220;dua etmeyi ve \u00e2min demenin&#8221; \u00f6\u011freten bu kitapta, sevimli ser\u00e7eler hik\u00e2yesiyle \u00e7ocuklara e\u015flik ediyor. Yapbozlar \u00e7ocuklar\u0131n &#8220;ince motor becerilerini&#8221; geli\u015ftirirken hik\u00e2ye de dil becerilerini geli\u015ftirecektir. Dua etmenin ne\u015fesini dinlemeye ve yapbozlar\u0131 yapmaya var m\u0131s\u0131n?<\/p>\n","protected":false},"excerpt":{"rendered":"<p>Yapbozlarla &#8220;dua etmeyi ve \u00e2min demenin&#8221; \u00f6\u011freten bu kitapta, sevimli ser\u00e7eler hik\u00e2yesiyle \u00e7ocuklara e\u015flik ediyor. Yapbozlar \u00e7ocuklar\u0131n &#8220;ince motor becerilerini&#8221; geli\u015ftirirken hik\u00e2ye de dil becerilerini geli\u015ftirecektir.<span class=\"excerpt-hellip\"> [\u2026]<\/span><\/p>\n","protected":false},"featured_media":0,"template":"","meta":{"_monsterinsights_skip_tracking":false,"_monsterinsights_sitenote_active":false,"_monsterinsights_sitenote_note":"","_monsterinsights_sitenote_category":0},"product_brand":[],"product_cat":[12274,15842],"product_tag":[],"class_list":{"0":"post-759351","1":"product","2":"type-product","3":"status-publish","5":"product_cat-cocuk-ve-genclik-kitaplari","6":"product_cat-egitici-kitaplar","7":"pa_cilt-ciltsiz","8":"pa_tur-kitap","9":"pa_yayinevi-gulce-kitap","10":"pa_yazar-sevval-tiryaki","12":"first","13":"instock","14":"sale","15":"shipping-taxable","16":"purchasable","17":"product-type-simple"},"_links":{"self":[{"href":"https:\/\/roveyayinevi.com.tr\/index.php\/wp-json\/wp\/v2\/product\/759351","targetHints":{"allow":["GET"]}}],"collection":[{"href":"https:\/\/roveyayinevi.com.tr\/index.php\/wp-json\/wp\/v2\/product"}],"about":[{"href":"https:\/\/roveyayinevi.com.tr\/index.php\/wp-json\/wp\/v2\/types\/product"}],"wp:attachment":[{"href":"https:\/\/roveyayinevi.com.tr\/index.php\/wp-json\/wp\/v2\/media?parent=759351"}],"wp:term":[{"taxonomy":"product_brand","embeddable":true,"href":"https:\/\/roveyayinevi.com.tr\/index.php\/wp-json\/wp\/v2\/product_brand?post=759351"},{"taxonomy":"product_cat","embeddable":true,"href":"https:\/\/roveyayinevi.com.tr\/index.php\/wp-json\/wp\/v2\/product_cat?post=759351"},{"taxonomy":"product_tag","embeddable":true,"href":"https:\/\/roveyayinevi.com.tr\/index.php\/wp-json\/wp\/v2\/product_tag?post=759351"}],"curies":[{"name":"wp","href":"https:\/\/api.w.org\/{rel}","templated":true}]}}