{"id":759341,"date":"2025-08-28T08:31:52","date_gmt":"2025-08-28T05:31:52","guid":{"rendered":"https:\/\/roveyayinevi.com.tr\/index.php\/urun\/kuran-atlasi\/"},"modified":"2026-04-16T03:12:30","modified_gmt":"2026-04-16T00:12:30","slug":"kuran-atlasi","status":"publish","type":"product","link":"https:\/\/roveyayinevi.com.tr\/index.php\/urun\/kuran-atlasi\/","title":{"rendered":"Kur&#8217;an Atlas\u0131"},"content":{"rendered":"<p>Kur\u2019an-\u0131 Kerim, d\u00fcnyan\u0131n kullan\u0131m k\u0131lavuzu. Yani, bir bak\u0131ma, bizim bu d\u00fcnyada uymam\u0131z gereken ve bizi mutlulu\u011fa ula\u015ft\u0131ran kurallar\u0131 anlat\u0131r.Kur\u2019an Atlas\u0131, bize bu \u00f6nemli k\u0131lavuzu anlamakta yard\u0131mc\u0131 olacak.Peki bu kitapta neler var?Ba\u015fta Sevgili Peygamberimiz Hz. Muhammed olmak \u00fczere Kur\u2019an\u2019da ad\u0131 ge\u00e7en peygamberlerin hayatlar\u0131\u2026Hz. Muhammed\u2019in yol g\u00f6stericili\u011fi\u2026 \u0130lk peygamber Hz. \u00c2dem\u2019in hayat\u0131\u2026 K\u00e2be\u2019nin in\u015fas\u0131\u2026 Nuh Tufan\u0131\u2026 Hz. Yunus\u2019un, bal\u0131\u011f\u0131n karn\u0131ndaki yolculu\u011fu\u2026 Ashab\u0131 Kehf\u2019in s\u0131rlarla dolu uykusu\u2026 Hz. \u0130lyas\u2019\u0131n Hz. Elyesa\u2019yla tan\u0131\u015fmas\u0131\u2026  Hz. \u0130brahim\u2019in y\u00fcce iman\u0131\u2026 Hz. Musa\u2019n\u0131n y\u00fcr\u00fcd\u00fc\u011f\u00fc yolu\u2026 Hz. Ey\u00fcp\u2019\u00fcn sabr\u0131\u2026 Hz. Yusuf\u2019un karde\u015flerini ba\u011f\u0131\u015flamas\u0131\u2026 Hz. Meryem\u2019in edebi&#8230;Ve daha nicesini bu kitapta okuyacaks\u0131n\u0131z.Sen haz\u0131rsan sayfalar\u0131n aras\u0131ndaki yolculu\u011fa ba\u015flayabiliriz.<\/p>\n","protected":false},"excerpt":{"rendered":"<p>Kur\u2019an-\u0131 Kerim, d\u00fcnyan\u0131n kullan\u0131m k\u0131lavuzu. Yani, bir bak\u0131ma, bizim bu d\u00fcnyada uymam\u0131z gereken ve bizi mutlulu\u011fa ula\u015ft\u0131ran kurallar\u0131 anlat\u0131r.Kur\u2019an Atlas\u0131, bize bu \u00f6nemli k\u0131lavuzu anlamakta yard\u0131mc\u0131<span class=\"excerpt-hellip\"> [\u2026]<\/span><\/p>\n","protected":false},"featured_media":0,"template":"","meta":{"_monsterinsights_skip_tracking":false,"_monsterinsights_sitenote_active":false,"_monsterinsights_sitenote_note":"","_monsterinsights_sitenote_category":0},"product_brand":[],"product_cat":[12274,15842],"product_tag":[],"class_list":{"0":"post-759341","1":"product","2":"type-product","3":"status-publish","5":"product_cat-cocuk-ve-genclik-kitaplari","6":"product_cat-egitici-kitaplar","7":"pa_cilt-ciltsiz","8":"pa_tur-kitap","9":"pa_yayinevi-gulce-kitap","10":"pa_yazar-yusuf-gunduz","12":"first","13":"instock","14":"sale","15":"shipping-taxable","16":"purchasable","17":"product-type-simple"},"_links":{"self":[{"href":"https:\/\/roveyayinevi.com.tr\/index.php\/wp-json\/wp\/v2\/product\/759341","targetHints":{"allow":["GET"]}}],"collection":[{"href":"https:\/\/roveyayinevi.com.tr\/index.php\/wp-json\/wp\/v2\/product"}],"about":[{"href":"https:\/\/roveyayinevi.com.tr\/index.php\/wp-json\/wp\/v2\/types\/product"}],"wp:attachment":[{"href":"https:\/\/roveyayinevi.com.tr\/index.php\/wp-json\/wp\/v2\/media?parent=759341"}],"wp:term":[{"taxonomy":"product_brand","embeddable":true,"href":"https:\/\/roveyayinevi.com.tr\/index.php\/wp-json\/wp\/v2\/product_brand?post=759341"},{"taxonomy":"product_cat","embeddable":true,"href":"https:\/\/roveyayinevi.com.tr\/index.php\/wp-json\/wp\/v2\/product_cat?post=759341"},{"taxonomy":"product_tag","embeddable":true,"href":"https:\/\/roveyayinevi.com.tr\/index.php\/wp-json\/wp\/v2\/product_tag?post=759341"}],"curies":[{"name":"wp","href":"https:\/\/api.w.org\/{rel}","templated":true}]}}