{"id":759338,"date":"2025-08-28T08:31:46","date_gmt":"2025-08-28T05:31:46","guid":{"rendered":"https:\/\/roveyayinevi.com.tr\/index.php\/urun\/insanlara-nasil-davranmaliyim-gorgu-kurallari-serisi-oyun-hamurlu-kitap-seti\/"},"modified":"2026-04-16T03:12:30","modified_gmt":"2026-04-16T00:12:30","slug":"insanlara-nasil-davranmaliyim-gorgu-kurallari-serisi-oyun-hamurlu-kitap-seti","status":"publish","type":"product","link":"https:\/\/roveyayinevi.com.tr\/index.php\/urun\/insanlara-nasil-davranmaliyim-gorgu-kurallari-serisi-oyun-hamurlu-kitap-seti\/","title":{"rendered":"\u0130nsanlara Nas\u0131l Davranmal\u0131y\u0131m \/ G\u00f6rg\u00fc Kurallar\u0131 Serisi \/ Oyun Hamurlu Kitap Seti"},"content":{"rendered":"<p>Oyun Hamuru etkinli\u011fi e\u015fli\u011finde haz\u0131rlanm\u0131\u015f bu kitapta \u00e7ocuklara &#8220;insanlara nas\u0131l davranmas\u0131 gerekti\u011fi&#8221; anlat\u0131l\u0131yor. G\u00f6rg\u00fc kurallar\u0131n\u0131n bu \u00f6nemli konusunun anlat\u0131ld\u0131\u011f\u0131 kitapta oyun hamur etkinli\u011fiyle de \u00e7ocuklarda ince motor becerisi destekleniyor. Gelin \u00e7ocuklarla kaliteli vakit de\u011ferlendirme materyali olan bu kitab\u0131 onlarla birlikte okuyal\u0131m.<\/p>\n","protected":false},"excerpt":{"rendered":"<p>Oyun Hamuru etkinli\u011fi e\u015fli\u011finde haz\u0131rlanm\u0131\u015f bu kitapta \u00e7ocuklara &#8220;insanlara nas\u0131l davranmas\u0131 gerekti\u011fi&#8221; anlat\u0131l\u0131yor. G\u00f6rg\u00fc kurallar\u0131n\u0131n bu \u00f6nemli konusunun anlat\u0131ld\u0131\u011f\u0131 kitapta oyun hamur etkinli\u011fiyle de \u00e7ocuklarda ince<span class=\"excerpt-hellip\"> [\u2026]<\/span><\/p>\n","protected":false},"featured_media":0,"template":"","meta":{"_monsterinsights_skip_tracking":false,"_monsterinsights_sitenote_active":false,"_monsterinsights_sitenote_note":"","_monsterinsights_sitenote_category":0},"product_brand":[],"product_cat":[12274,15842],"product_tag":[],"class_list":{"0":"post-759338","1":"product","2":"type-product","3":"status-publish","5":"product_cat-cocuk-ve-genclik-kitaplari","6":"product_cat-egitici-kitaplar","7":"pa_cilt-ciltsiz","8":"pa_tur-kitap","9":"pa_yayinevi-gulce-kitap","10":"pa_yazar-seyda-apaydin","12":"first","13":"instock","14":"sale","15":"shipping-taxable","16":"purchasable","17":"product-type-simple"},"_links":{"self":[{"href":"https:\/\/roveyayinevi.com.tr\/index.php\/wp-json\/wp\/v2\/product\/759338","targetHints":{"allow":["GET"]}}],"collection":[{"href":"https:\/\/roveyayinevi.com.tr\/index.php\/wp-json\/wp\/v2\/product"}],"about":[{"href":"https:\/\/roveyayinevi.com.tr\/index.php\/wp-json\/wp\/v2\/types\/product"}],"wp:attachment":[{"href":"https:\/\/roveyayinevi.com.tr\/index.php\/wp-json\/wp\/v2\/media?parent=759338"}],"wp:term":[{"taxonomy":"product_brand","embeddable":true,"href":"https:\/\/roveyayinevi.com.tr\/index.php\/wp-json\/wp\/v2\/product_brand?post=759338"},{"taxonomy":"product_cat","embeddable":true,"href":"https:\/\/roveyayinevi.com.tr\/index.php\/wp-json\/wp\/v2\/product_cat?post=759338"},{"taxonomy":"product_tag","embeddable":true,"href":"https:\/\/roveyayinevi.com.tr\/index.php\/wp-json\/wp\/v2\/product_tag?post=759338"}],"curies":[{"name":"wp","href":"https:\/\/api.w.org\/{rel}","templated":true}]}}