{"id":759335,"date":"2025-08-28T08:31:40","date_gmt":"2025-08-28T05:31:40","guid":{"rendered":"https:\/\/roveyayinevi.com.tr\/index.php\/urun\/burnunu-kocaman-ac-duyularla-rabbimi-taniyorum-2-pencereli-kitap\/"},"modified":"2026-04-08T03:21:05","modified_gmt":"2026-04-08T00:21:05","slug":"burnunu-kocaman-ac-duyularla-rabbimi-taniyorum-2-pencereli-kitap","status":"publish","type":"product","link":"https:\/\/roveyayinevi.com.tr\/index.php\/urun\/burnunu-kocaman-ac-duyularla-rabbimi-taniyorum-2-pencereli-kitap\/","title":{"rendered":"Burnunu Kocaman A\u00e7 &#8211; Duyularla Rabbimi Tan\u0131yorum 2 (Pencereli Kitap)"},"content":{"rendered":"<p>Hadi, burnunu kocaman a\u00e7! Etraf\u0131ndaki kokulara dikkat ver, b\u00fct\u00fcn kokular\u0131 yaratan Y\u00fcce Rabbimizi daha iyi tan\u0131. \u201cS\u00fcrpriz pencereler\u201d ve \u201c\u0130zli yollar\u201d sayesinde oyunun bir par\u00e7ac\u0131 olmaya ve \u00e7evreni ke\u015ffetmeye var m\u0131s\u0131n? Allah\u2019\u0131n bize vermi\u015f oldu\u011fu g\u00fczel kokular hakk\u0131nda e\u011flenceli bir tefekk\u00fcr e\u011fitimi!<\/p>\n","protected":false},"excerpt":{"rendered":"<p>Hadi, burnunu kocaman a\u00e7! Etraf\u0131ndaki kokulara dikkat ver, b\u00fct\u00fcn kokular\u0131 yaratan Y\u00fcce Rabbimizi daha iyi tan\u0131. \u201cS\u00fcrpriz pencereler\u201d ve \u201c\u0130zli yollar\u201d sayesinde oyunun bir par\u00e7ac\u0131 olmaya<span class=\"excerpt-hellip\"> [\u2026]<\/span><\/p>\n","protected":false},"featured_media":0,"template":"","meta":{"_monsterinsights_skip_tracking":false,"_monsterinsights_sitenote_active":false,"_monsterinsights_sitenote_note":"","_monsterinsights_sitenote_category":0},"product_brand":[],"product_cat":[12274,12284],"product_tag":[],"class_list":{"0":"post-759335","1":"product","2":"type-product","3":"status-publish","5":"product_cat-cocuk-ve-genclik-kitaplari","6":"product_cat-hikayeler","7":"pa_cilt-ciltsiz","8":"pa_tur-kitap","9":"pa_yayinevi-gulce-kitap","10":"pa_yazar-deha-karasu","12":"first","13":"instock","14":"sale","15":"shipping-taxable","16":"purchasable","17":"product-type-simple"},"_links":{"self":[{"href":"https:\/\/roveyayinevi.com.tr\/index.php\/wp-json\/wp\/v2\/product\/759335","targetHints":{"allow":["GET"]}}],"collection":[{"href":"https:\/\/roveyayinevi.com.tr\/index.php\/wp-json\/wp\/v2\/product"}],"about":[{"href":"https:\/\/roveyayinevi.com.tr\/index.php\/wp-json\/wp\/v2\/types\/product"}],"wp:attachment":[{"href":"https:\/\/roveyayinevi.com.tr\/index.php\/wp-json\/wp\/v2\/media?parent=759335"}],"wp:term":[{"taxonomy":"product_brand","embeddable":true,"href":"https:\/\/roveyayinevi.com.tr\/index.php\/wp-json\/wp\/v2\/product_brand?post=759335"},{"taxonomy":"product_cat","embeddable":true,"href":"https:\/\/roveyayinevi.com.tr\/index.php\/wp-json\/wp\/v2\/product_cat?post=759335"},{"taxonomy":"product_tag","embeddable":true,"href":"https:\/\/roveyayinevi.com.tr\/index.php\/wp-json\/wp\/v2\/product_tag?post=759335"}],"curies":[{"name":"wp","href":"https:\/\/api.w.org\/{rel}","templated":true}]}}