{"id":759334,"date":"2025-08-28T08:31:39","date_gmt":"2025-08-28T05:31:39","guid":{"rendered":"https:\/\/roveyayinevi.com.tr\/index.php\/urun\/bisiklet-duasi-guzel-dinim-tatli-degerlerim\/"},"modified":"2026-04-03T03:16:07","modified_gmt":"2026-04-03T00:16:07","slug":"bisiklet-duasi-guzel-dinim-tatli-degerlerim","status":"publish","type":"product","link":"https:\/\/roveyayinevi.com.tr\/index.php\/urun\/bisiklet-duasi-guzel-dinim-tatli-degerlerim\/","title":{"rendered":"Bisiklet Duas\u0131 &#8211; G\u00fczel Dinim Tatl\u0131 De\u011ferlerim"},"content":{"rendered":"<p>&#8220;G\u00fczel Dinim \u0130lk Kavramlar\u0131m&#8221; serisiyle \u00e7ocuklar\u0131n g\u00fczel bir hik\u00e2ye okumalar\u0131n\u0131n yan\u0131nda \u201cahlaki de\u011ferleri\u201d \u00f6\u011frenmeleri ama\u00e7lanmaktad\u0131r. Kitapta &#8220;Dua etmenin \u00f6nemi&#8221; anlat\u0131l\u0131rken hik\u00e2yenin sonuna konulan etkinliklerle de bu anlat\u0131m desteklenmektedir.Haydi \u015fimdi bisiklet i\u00e7in yap\u0131lan duan\u0131n hik\u00e2yesini okuyal\u0131m.<\/p>\n","protected":false},"excerpt":{"rendered":"<p>&#8220;G\u00fczel Dinim \u0130lk Kavramlar\u0131m&#8221; serisiyle \u00e7ocuklar\u0131n g\u00fczel bir hik\u00e2ye okumalar\u0131n\u0131n yan\u0131nda \u201cahlaki de\u011ferleri\u201d \u00f6\u011frenmeleri ama\u00e7lanmaktad\u0131r. Kitapta &#8220;Dua etmenin \u00f6nemi&#8221; anlat\u0131l\u0131rken hik\u00e2yenin sonuna konulan etkinliklerle de bu<span class=\"excerpt-hellip\"> [\u2026]<\/span><\/p>\n","protected":false},"featured_media":0,"template":"","meta":{"_monsterinsights_skip_tracking":false,"_monsterinsights_sitenote_active":false,"_monsterinsights_sitenote_note":"","_monsterinsights_sitenote_category":0},"product_brand":[],"product_cat":[12274,12284],"product_tag":[],"class_list":{"0":"post-759334","1":"product","2":"type-product","3":"status-publish","5":"product_cat-cocuk-ve-genclik-kitaplari","6":"product_cat-hikayeler","7":"pa_cilt-ciltsiz","8":"pa_tur-kitap","9":"pa_yayinevi-gulce-kitap","10":"pa_yazar-arzu-aydos-demir","12":"first","13":"instock","14":"sale","15":"shipping-taxable","16":"purchasable","17":"product-type-simple"},"_links":{"self":[{"href":"https:\/\/roveyayinevi.com.tr\/index.php\/wp-json\/wp\/v2\/product\/759334","targetHints":{"allow":["GET"]}}],"collection":[{"href":"https:\/\/roveyayinevi.com.tr\/index.php\/wp-json\/wp\/v2\/product"}],"about":[{"href":"https:\/\/roveyayinevi.com.tr\/index.php\/wp-json\/wp\/v2\/types\/product"}],"wp:attachment":[{"href":"https:\/\/roveyayinevi.com.tr\/index.php\/wp-json\/wp\/v2\/media?parent=759334"}],"wp:term":[{"taxonomy":"product_brand","embeddable":true,"href":"https:\/\/roveyayinevi.com.tr\/index.php\/wp-json\/wp\/v2\/product_brand?post=759334"},{"taxonomy":"product_cat","embeddable":true,"href":"https:\/\/roveyayinevi.com.tr\/index.php\/wp-json\/wp\/v2\/product_cat?post=759334"},{"taxonomy":"product_tag","embeddable":true,"href":"https:\/\/roveyayinevi.com.tr\/index.php\/wp-json\/wp\/v2\/product_tag?post=759334"}],"curies":[{"name":"wp","href":"https:\/\/api.w.org\/{rel}","templated":true}]}}