{"id":759329,"date":"2025-08-28T08:31:30","date_gmt":"2025-08-28T05:31:30","guid":{"rendered":"https:\/\/roveyayinevi.com.tr\/index.php\/urun\/hac-ibadetinin-farkli-boyutlari\/"},"modified":"2025-11-21T10:14:49","modified_gmt":"2025-11-21T07:14:49","slug":"hac-ibadetinin-farkli-boyutlari","status":"publish","type":"product","link":"https:\/\/roveyayinevi.com.tr\/index.php\/urun\/hac-ibadetinin-farkli-boyutlari\/","title":{"rendered":"Hac \u0130badetinin Farkl\u0131 Boyutlar\u0131"},"content":{"rendered":"<p>Hacc\u0131n hedefi; r\u0131zay\u0131 bariyi kazanmak, d\u00fcnya ve ahireti Hz. Muhammed\u00ee (SAV), K\u00e2be\u2019yi daha iyi tan\u0131yabilmek imk\u00e2n\u0131n\u0131 sunmakt\u0131r. En b\u00fcy\u00fck sulh, bar\u0131\u015f ve karde\u015flik ruhunu ortaya \u00e7\u0131karmakt\u0131r. Bu eylemde adeta askerlik nizam\u0131 ve terbiyesi noktas\u0131ndan bakarak o ruhani orduda nice hikmetleri m\u00fc\u015fahede eder. Allaha do\u011fru y\u00fckselen bir hareket oldu\u011funu fark ederiz. Hac ibadeti zengin M\u00fcsl\u00fcmanlara farz olmas\u0131na ra\u011fmen, nice M\u00fcsl\u00fcman karde\u015fimiz gitme hususunda ya ihmal davran\u0131yor ya da gayret ediyor da bir t\u00fcrl\u00fc nasip olmuyor. Gidebilenler de genellikle \u00f6mr\u00fcnde bir defa gidebilmektedir. Kontenjan uygulamalar\u0131 da ayr\u0131 bir engeldir. Bu bak\u0131mdan kendilerine hacca gitmeyi nasip eden Allaha \u00e7ok hamd etmeleri, kavu\u015ftuklar\u0131 bu imk\u00e2n\u0131 en g\u00fczel \u015fekilde de\u011ferlendirmeleri gerekmektedir. Hacc\u0131n b\u00fct\u00fcn boyutlar\u0131n\u0131 d\u00fc\u015f\u00fcn\u00fcp anlatmaya \u00e7al\u0131\u015ft\u0131k. Huzurlu, bilin\u00e7li, \u015fuurlu ve feyizli bir hac yapabilmek i\u00e7in b\u00fct\u00fcn farkl\u0131 y\u00f6nleri d\u00fc\u015f\u00fcn\u00fcld\u00fc. Bu \u00e7al\u0131\u015fmalar\u0131m\u0131z\u0131n, kutsal beldelere hac veya umre niyetiyle gidecek karde\u015flerimize faydal\u0131 olabilece\u011fi \u00fcmidiyle, Hz. Allah\u2019\u0131n r\u0131zas\u0131na uygun, makbul, mebrur bir hac yapabilmeleri konusunda pek \u00e7ok katk\u0131 sa\u011flayaca\u011f\u0131na inan\u0131yoruz. Gayret bizden Tevfik Hz. Allah\u2019tand\u0131r. <\/p>\n","protected":false},"excerpt":{"rendered":"<p>Hacc\u0131n hedefi; r\u0131zay\u0131 bariyi kazanmak, d\u00fcnya ve ahireti Hz. Muhammed\u00ee (SAV), K\u00e2be\u2019yi daha iyi tan\u0131yabilmek imk\u00e2n\u0131n\u0131 sunmakt\u0131r. En b\u00fcy\u00fck sulh, bar\u0131\u015f ve karde\u015flik ruhunu ortaya \u00e7\u0131karmakt\u0131r.<span class=\"excerpt-hellip\"> [\u2026]<\/span><\/p>\n","protected":false},"featured_media":0,"template":"","meta":{"_monsterinsights_skip_tracking":false,"_monsterinsights_sitenote_active":false,"_monsterinsights_sitenote_note":"","_monsterinsights_sitenote_category":0},"product_brand":[],"product_cat":[13036,12718,12719],"product_tag":[],"class_list":{"0":"post-759329","1":"product","2":"type-product","3":"status-publish","5":"product_cat-arastirma-inceleme-islam","6":"product_cat-din","7":"product_cat-islam","8":"pa_cilt-ciltsiz","9":"pa_tur-kitap","10":"pa_yayinevi-gulnar-yayinlari","11":"pa_yazar-ibrahim-ozturk","13":"first","14":"instock","15":"sale","16":"shipping-taxable","17":"purchasable","18":"product-type-simple"},"_links":{"self":[{"href":"https:\/\/roveyayinevi.com.tr\/index.php\/wp-json\/wp\/v2\/product\/759329","targetHints":{"allow":["GET"]}}],"collection":[{"href":"https:\/\/roveyayinevi.com.tr\/index.php\/wp-json\/wp\/v2\/product"}],"about":[{"href":"https:\/\/roveyayinevi.com.tr\/index.php\/wp-json\/wp\/v2\/types\/product"}],"wp:attachment":[{"href":"https:\/\/roveyayinevi.com.tr\/index.php\/wp-json\/wp\/v2\/media?parent=759329"}],"wp:term":[{"taxonomy":"product_brand","embeddable":true,"href":"https:\/\/roveyayinevi.com.tr\/index.php\/wp-json\/wp\/v2\/product_brand?post=759329"},{"taxonomy":"product_cat","embeddable":true,"href":"https:\/\/roveyayinevi.com.tr\/index.php\/wp-json\/wp\/v2\/product_cat?post=759329"},{"taxonomy":"product_tag","embeddable":true,"href":"https:\/\/roveyayinevi.com.tr\/index.php\/wp-json\/wp\/v2\/product_tag?post=759329"}],"curies":[{"name":"wp","href":"https:\/\/api.w.org\/{rel}","templated":true}]}}