{"id":759324,"date":"2025-08-28T08:31:20","date_gmt":"2025-08-28T05:31:20","guid":{"rendered":"https:\/\/roveyayinevi.com.tr\/index.php\/urun\/maria-montessori-haydi-kurtaralim-dunyayi-3\/"},"modified":"2026-04-16T03:12:30","modified_gmt":"2026-04-16T00:12:30","slug":"maria-montessori-haydi-kurtaralim-dunyayi-3","status":"publish","type":"product","link":"https:\/\/roveyayinevi.com.tr\/index.php\/urun\/maria-montessori-haydi-kurtaralim-dunyayi-3\/","title":{"rendered":"Maria Montessori &#8211; Haydi Kurtaral\u0131m D\u00fcnyay\u0131 3"},"content":{"rendered":"<p>Ya\u015fad\u0131\u011f\u0131 d\u00f6nemde k\u0131z \u00e7ocuklar\u0131 i\u00e7in uygun g\u00f6r\u00fclen meslek \u00f6\u011fretmenlikti. Biyolojiye olan ilgisi onu t\u0131p okumaya g\u00f6t\u00fcrd\u00fc ve 1896\u2019da \u0130talya\u2019n\u0131n ilk kad\u0131n doktoru oldu. Ayn\u0131 zamanda \u00fcniversitede pedagoji derslerine kat\u0131ld\u0131. E\u011fitim felsefesi, sa\u011fl\u0131k, antropoloji \u00fczerine \u00e7al\u0131\u015ft\u0131 ve e\u011fitim y\u00f6ntemleri geli\u015ftirmeyi hedefledi. \u00c7ocuk Evi\u2019ni kurdu. Yazd\u0131\u011f\u0131 kitap d\u00fcnya \u00e7ap\u0131nda ilgi g\u00f6rd\u00fc ve yirmiden fazla dile \u00e7evrildi. \u00dc\u00e7 kez Nobel Bar\u0131\u015f \u00d6d\u00fcl\u00fc\u2019ne aday g\u00f6sterildi. \u00c7al\u0131\u015fmaktan ve ara\u015ft\u0131rmaktan asla vazge\u00e7meyen, hayat\u0131n\u0131 \u00e7ocuklara adayan, onlarca kad\u0131na g\u00fc\u00e7 veren bir e\u011fitimci, Maria Montessori.<\/p>\n","protected":false},"excerpt":{"rendered":"<p>Ya\u015fad\u0131\u011f\u0131 d\u00f6nemde k\u0131z \u00e7ocuklar\u0131 i\u00e7in uygun g\u00f6r\u00fclen meslek \u00f6\u011fretmenlikti. Biyolojiye olan ilgisi onu t\u0131p okumaya g\u00f6t\u00fcrd\u00fc ve 1896\u2019da \u0130talya\u2019n\u0131n ilk kad\u0131n doktoru oldu. Ayn\u0131 zamanda \u00fcniversitede<span class=\"excerpt-hellip\"> [\u2026]<\/span><\/p>\n","protected":false},"featured_media":0,"template":"","meta":{"_monsterinsights_skip_tracking":false,"_monsterinsights_sitenote_active":false,"_monsterinsights_sitenote_note":"","_monsterinsights_sitenote_category":0},"product_brand":[],"product_cat":[12274,12284],"product_tag":[],"class_list":{"0":"post-759324","1":"product","2":"type-product","3":"status-publish","5":"product_cat-cocuk-ve-genclik-kitaplari","6":"product_cat-hikayeler","7":"pa_cilt-ciltsiz","8":"pa_tur-kitap","9":"pa_yayinevi-timas-cocuk","10":"pa_yazar-ulku-hazman-hur","12":"first","13":"instock","14":"sale","15":"shipping-taxable","16":"purchasable","17":"product-type-simple"},"_links":{"self":[{"href":"https:\/\/roveyayinevi.com.tr\/index.php\/wp-json\/wp\/v2\/product\/759324","targetHints":{"allow":["GET"]}}],"collection":[{"href":"https:\/\/roveyayinevi.com.tr\/index.php\/wp-json\/wp\/v2\/product"}],"about":[{"href":"https:\/\/roveyayinevi.com.tr\/index.php\/wp-json\/wp\/v2\/types\/product"}],"wp:attachment":[{"href":"https:\/\/roveyayinevi.com.tr\/index.php\/wp-json\/wp\/v2\/media?parent=759324"}],"wp:term":[{"taxonomy":"product_brand","embeddable":true,"href":"https:\/\/roveyayinevi.com.tr\/index.php\/wp-json\/wp\/v2\/product_brand?post=759324"},{"taxonomy":"product_cat","embeddable":true,"href":"https:\/\/roveyayinevi.com.tr\/index.php\/wp-json\/wp\/v2\/product_cat?post=759324"},{"taxonomy":"product_tag","embeddable":true,"href":"https:\/\/roveyayinevi.com.tr\/index.php\/wp-json\/wp\/v2\/product_tag?post=759324"}],"curies":[{"name":"wp","href":"https:\/\/api.w.org\/{rel}","templated":true}]}}