{"id":759322,"date":"2025-08-28T08:31:18","date_gmt":"2025-08-28T05:31:18","guid":{"rendered":"https:\/\/roveyayinevi.com.tr\/index.php\/urun\/sirketler-hukuku-pratik-calisma-kitabi\/"},"modified":"2026-04-16T03:12:30","modified_gmt":"2026-04-16T00:12:30","slug":"sirketler-hukuku-pratik-calisma-kitabi","status":"publish","type":"product","link":"https:\/\/roveyayinevi.com.tr\/index.php\/urun\/sirketler-hukuku-pratik-calisma-kitabi\/","title":{"rendered":"\u015eirketler Hukuku Pratik \u00c7al\u0131\u015fma Kitab\u0131"},"content":{"rendered":"<p>\u0130\u00e7indekiler :   B\u0130R\u0130NC\u0130 B\u00d6L\u00dcM \u00c7\u00d6Z\u00dcML\u00dc PRAT\u0130K \u00c7ALI\u015eMALAR   \u0130K\u0130NC\u0130 B\u00d6L\u00dcM \u00c7\u00d6Z\u00dcMS\u00dcZ PRAT\u0130K \u00c7ALI\u015eMALAR   \u00dc\u00c7\u00dcNC\u00dc B\u00d6L\u00dcM \u00d6RNEK SINAV SORULARI   D\u00d6RD\u00dcNC\u00dc B\u00d6L\u00dcM YARGITAY KARARLARI <\/p>\n","protected":false},"excerpt":{"rendered":"<p>\u0130\u00e7indekiler : B\u0130R\u0130NC\u0130 B\u00d6L\u00dcM \u00c7\u00d6Z\u00dcML\u00dc PRAT\u0130K \u00c7ALI\u015eMALAR \u0130K\u0130NC\u0130 B\u00d6L\u00dcM \u00c7\u00d6Z\u00dcMS\u00dcZ PRAT\u0130K \u00c7ALI\u015eMALAR \u00dc\u00c7\u00dcNC\u00dc B\u00d6L\u00dcM \u00d6RNEK SINAV SORULARI D\u00d6RD\u00dcNC\u00dc B\u00d6L\u00dcM YARGITAY KARARLARI<\/p>\n","protected":false},"featured_media":0,"template":"","meta":{"_monsterinsights_skip_tracking":false,"_monsterinsights_sitenote_active":false,"_monsterinsights_sitenote_note":"","_monsterinsights_sitenote_category":0},"product_brand":[],"product_cat":[15350],"product_tag":[],"class_list":{"0":"post-759322","1":"product","2":"type-product","3":"status-publish","5":"product_cat-hukuk","6":"pa_cilt-ciltsiz","7":"pa_tur-kitap","8":"pa_yayinevi-gazi-kitabevi","9":"pa_yazar-kolektif","11":"first","12":"instock","13":"sale","14":"shipping-taxable","15":"purchasable","16":"product-type-simple"},"_links":{"self":[{"href":"https:\/\/roveyayinevi.com.tr\/index.php\/wp-json\/wp\/v2\/product\/759322","targetHints":{"allow":["GET"]}}],"collection":[{"href":"https:\/\/roveyayinevi.com.tr\/index.php\/wp-json\/wp\/v2\/product"}],"about":[{"href":"https:\/\/roveyayinevi.com.tr\/index.php\/wp-json\/wp\/v2\/types\/product"}],"wp:attachment":[{"href":"https:\/\/roveyayinevi.com.tr\/index.php\/wp-json\/wp\/v2\/media?parent=759322"}],"wp:term":[{"taxonomy":"product_brand","embeddable":true,"href":"https:\/\/roveyayinevi.com.tr\/index.php\/wp-json\/wp\/v2\/product_brand?post=759322"},{"taxonomy":"product_cat","embeddable":true,"href":"https:\/\/roveyayinevi.com.tr\/index.php\/wp-json\/wp\/v2\/product_cat?post=759322"},{"taxonomy":"product_tag","embeddable":true,"href":"https:\/\/roveyayinevi.com.tr\/index.php\/wp-json\/wp\/v2\/product_tag?post=759322"}],"curies":[{"name":"wp","href":"https:\/\/api.w.org\/{rel}","templated":true}]}}