{"id":759321,"date":"2025-08-28T08:31:17","date_gmt":"2025-08-28T05:31:17","guid":{"rendered":"https:\/\/roveyayinevi.com.tr\/index.php\/urun\/kentte-cocuk-yetistirmek-cocuk-dostu-kent\/"},"modified":"2026-04-16T03:12:30","modified_gmt":"2026-04-16T00:12:30","slug":"kentte-cocuk-yetistirmek-cocuk-dostu-kent","status":"publish","type":"product","link":"https:\/\/roveyayinevi.com.tr\/index.php\/urun\/kentte-cocuk-yetistirmek-cocuk-dostu-kent\/","title":{"rendered":"Kentte \u00c7ocuk Yeti\u015ftirmek (\u00c7ocuk Dostu Kent)"},"content":{"rendered":"<p>\u0130\u00e7indekiler :     B\u0130R\u0130NC\u0130 B\u00d6L\u00dcM: \u00c7OCUK VE EBEVEYN   \u0130K\u0130NC\u0130 B\u00d6L\u00dcM: \u00c7OCUKLUK   \u00dc\u00c7\u00dcNC\u00dc B\u00d6L\u00dcM: \u00c7OCU\u011eUN YET\u0130\u015eMES\u0130   D\u00d6RD\u00dcNC\u00dc B\u00d6L\u00dcM: \u00c7OCUKLA \u0130LG\u0130L\u0130 SORUN ALANLARI   BE\u015e\u0130NC\u0130 B\u00d6L\u00dcM: KENT VE \u00c7OCUK   ALTINCI B\u00d6L\u00dcM: A\u0130LE VE \u00c7OCUK HUKUKU   YED\u0130NC\u0130 B\u00d6L\u00dcM: \u00c7ANKIRI HALKININ KENT\u0130N \u00c7OCUK DOSTU \u00d6ZELL\u0130KLER\u0130 HAKKINDAK\u0130 G\u00d6R\u00dc\u015eLER\u0130N\u0130N \u00d6L\u00c7\u00dcM\u00dc <\/p>\n","protected":false},"excerpt":{"rendered":"<p>\u0130\u00e7indekiler : B\u0130R\u0130NC\u0130 B\u00d6L\u00dcM: \u00c7OCUK VE EBEVEYN \u0130K\u0130NC\u0130 B\u00d6L\u00dcM: \u00c7OCUKLUK \u00dc\u00c7\u00dcNC\u00dc B\u00d6L\u00dcM: \u00c7OCU\u011eUN YET\u0130\u015eMES\u0130 D\u00d6RD\u00dcNC\u00dc B\u00d6L\u00dcM: \u00c7OCUKLA \u0130LG\u0130L\u0130 SORUN ALANLARI BE\u015e\u0130NC\u0130 B\u00d6L\u00dcM: KENT VE \u00c7OCUK ALTINCI<span class=\"excerpt-hellip\"> [\u2026]<\/span><\/p>\n","protected":false},"featured_media":0,"template":"","meta":{"_monsterinsights_skip_tracking":false,"_monsterinsights_sitenote_active":false,"_monsterinsights_sitenote_note":"","_monsterinsights_sitenote_category":0},"product_brand":[],"product_cat":[12831,12324],"product_tag":[],"class_list":{"0":"post-759321","1":"product","2":"type-product","3":"status-publish","5":"product_cat-aile-ve-cocuk","6":"product_cat-sosyoloji","7":"pa_cilt-ciltsiz","8":"pa_tur-kitap","9":"pa_yayinevi-gazi-kitabevi","10":"pa_yazar-azize-serap-tuncer","12":"first","13":"instock","14":"sale","15":"shipping-taxable","16":"purchasable","17":"product-type-simple"},"_links":{"self":[{"href":"https:\/\/roveyayinevi.com.tr\/index.php\/wp-json\/wp\/v2\/product\/759321","targetHints":{"allow":["GET"]}}],"collection":[{"href":"https:\/\/roveyayinevi.com.tr\/index.php\/wp-json\/wp\/v2\/product"}],"about":[{"href":"https:\/\/roveyayinevi.com.tr\/index.php\/wp-json\/wp\/v2\/types\/product"}],"wp:attachment":[{"href":"https:\/\/roveyayinevi.com.tr\/index.php\/wp-json\/wp\/v2\/media?parent=759321"}],"wp:term":[{"taxonomy":"product_brand","embeddable":true,"href":"https:\/\/roveyayinevi.com.tr\/index.php\/wp-json\/wp\/v2\/product_brand?post=759321"},{"taxonomy":"product_cat","embeddable":true,"href":"https:\/\/roveyayinevi.com.tr\/index.php\/wp-json\/wp\/v2\/product_cat?post=759321"},{"taxonomy":"product_tag","embeddable":true,"href":"https:\/\/roveyayinevi.com.tr\/index.php\/wp-json\/wp\/v2\/product_tag?post=759321"}],"curies":[{"name":"wp","href":"https:\/\/api.w.org\/{rel}","templated":true}]}}