{"id":759318,"date":"2025-08-28T08:31:12","date_gmt":"2025-08-28T05:31:12","guid":{"rendered":"https:\/\/roveyayinevi.com.tr\/index.php\/urun\/kazkafanin-kitabi\/"},"modified":"2026-04-16T03:12:30","modified_gmt":"2026-04-16T00:12:30","slug":"kazkafanin-kitabi","status":"publish","type":"product","link":"https:\/\/roveyayinevi.com.tr\/index.php\/urun\/kazkafanin-kitabi\/","title":{"rendered":"Kazkafan\u0131n Kitab\u0131"},"content":{"rendered":"<p>\u201cBir yar\u0131m portakalla bir ba\u015fka yar\u0131m portakal birle\u015fse bir tam portakal etmez. \u0130\u015fte benim hik\u00e2yemin ba\u015flad\u0131\u011f\u0131 yer buras\u0131. Kendini b\u0131\u00e7a\u011fa lay\u0131k g\u00f6rmeyen bir portakal ve kendini b\u0131\u00e7a\u011fa d\u00f6n\u00fc\u015ft\u00fcrmeyi asla hayal etmemi\u015f bir portakal. Kesmek ve kesilmek; o zamanlar ikisi de ilgilendirmezdi beni.\u201d Ekim 1952. Fabienne ve Agn\u00e8s, \u0130kinci D\u00fcnya Sava\u015f\u0131\u2019n\u0131n ard\u0131ndan yorgun d\u00fc\u015fm\u00fc\u015f Frans\u0131z ta\u015fras\u0131nda ya\u015fayan iki arkada\u015ft\u0131r. Ele avuca s\u0131\u011fmaz, g\u00f6z\u00fc kara Fabienne da\u011flarda \u00e7obanl\u0131k yapmakta, sevimli ve uysal g\u00f6r\u00fcnen Agn\u00e8s ise okula devam etmektedir. Ama ikilinin g\u00f6r\u00fcnenin aksine kendilerine has oyunlarla ve pek de ciddiye almad\u0131klar\u0131 planlarla dolu bir d\u00fcnyas\u0131 vard\u0131r. Bir g\u00fcn Fabienne, bu planlardan birini hayata ge\u00e7irmeye karar verir: Birlikte bir kitap yazacak ve bu kitab\u0131 Agn\u00e8s\u2019in ad\u0131yla yay\u0131mlatacaklard\u0131r. Kusursuz bir hik\u00e2ye anlat\u0131c\u0131s\u0131 olan Yiyun Li\u2019ye 2023 y\u0131l\u0131nda Amerika\u2019n\u0131n en prestijli edebiyat \u00f6d\u00fcllerinden PEN\/Faulkner\u2019\u0131 kazand\u0131ran bu e\u015fsiz roman, masals\u0131 ve gizemli bir atmosfer kurman\u0131n yan\u0131 s\u0131ra bir d\u00f6nemin panoramas\u0131n\u0131 da g\u00f6zler \u00f6n\u00fcne seriyor. Kazkafan\u0131n Kitab\u0131 iki arkada\u015f, ya\u015fayanlar ile \u00f6l\u00fcler ve ger\u00e7ek ile kurmaca aras\u0131ndaki ba\u011flar \u00fczerine d\u00fc\u015f\u00fcnd\u00fcren, uzun s\u00fcre ak\u0131llardan \u00e7\u0131kmayacak bir roman.                                          \u201cEn b\u00fcy\u00fck romanc\u0131lar\u0131m\u0131zdan biri.\u201d                                                                                  Salman Rushdie                                          \u201cYiyun Li kendine has bir dehayla yaz\u0131yor.\u201d                                                                                       Paul Harding                                          \u201cKazkafan\u0131n Kitab\u0131, hik\u00e2yeler yazmam\u0131z\u0131n ard\u0131ndaki                                            sebep ve d\u00fcrt\u00fclere \u0131\u015f\u0131k tutan varolu\u015fsal bir masal.\u201d                                                                                      The New York Times <\/p>\n","protected":false},"excerpt":{"rendered":"<p>\u201cBir yar\u0131m portakalla bir ba\u015fka yar\u0131m portakal birle\u015fse bir tam portakal etmez. \u0130\u015fte benim hik\u00e2yemin ba\u015flad\u0131\u011f\u0131 yer buras\u0131. Kendini b\u0131\u00e7a\u011fa lay\u0131k g\u00f6rmeyen bir portakal ve kendini<span class=\"excerpt-hellip\"> [\u2026]<\/span><\/p>\n","protected":false},"featured_media":0,"template":"","meta":{"_monsterinsights_skip_tracking":false,"_monsterinsights_sitenote_active":false,"_monsterinsights_sitenote_note":"","_monsterinsights_sitenote_category":0},"product_brand":[],"product_cat":[12291,12711],"product_tag":[],"class_list":{"0":"post-759318","1":"product","2":"type-product","3":"status-publish","5":"product_cat-edebiyat","6":"product_cat-roman-oyku","7":"pa_cilt-ciltsiz","8":"pa_tur-kitap","9":"pa_yayinevi-is-bankasi-kultur-yayinlari","10":"pa_yazar-yiyun-li","12":"first","13":"instock","14":"sale","15":"shipping-taxable","16":"purchasable","17":"product-type-simple"},"_links":{"self":[{"href":"https:\/\/roveyayinevi.com.tr\/index.php\/wp-json\/wp\/v2\/product\/759318","targetHints":{"allow":["GET"]}}],"collection":[{"href":"https:\/\/roveyayinevi.com.tr\/index.php\/wp-json\/wp\/v2\/product"}],"about":[{"href":"https:\/\/roveyayinevi.com.tr\/index.php\/wp-json\/wp\/v2\/types\/product"}],"wp:attachment":[{"href":"https:\/\/roveyayinevi.com.tr\/index.php\/wp-json\/wp\/v2\/media?parent=759318"}],"wp:term":[{"taxonomy":"product_brand","embeddable":true,"href":"https:\/\/roveyayinevi.com.tr\/index.php\/wp-json\/wp\/v2\/product_brand?post=759318"},{"taxonomy":"product_cat","embeddable":true,"href":"https:\/\/roveyayinevi.com.tr\/index.php\/wp-json\/wp\/v2\/product_cat?post=759318"},{"taxonomy":"product_tag","embeddable":true,"href":"https:\/\/roveyayinevi.com.tr\/index.php\/wp-json\/wp\/v2\/product_tag?post=759318"}],"curies":[{"name":"wp","href":"https:\/\/api.w.org\/{rel}","templated":true}]}}