{"id":759315,"date":"2025-08-28T08:31:06","date_gmt":"2025-08-28T05:31:06","guid":{"rendered":"https:\/\/roveyayinevi.com.tr\/index.php\/urun\/dunyanin-en-korkak-hayvani\/"},"modified":"2026-04-16T03:12:30","modified_gmt":"2026-04-16T00:12:30","slug":"dunyanin-en-korkak-hayvani","status":"publish","type":"product","link":"https:\/\/roveyayinevi.com.tr\/index.php\/urun\/dunyanin-en-korkak-hayvani\/","title":{"rendered":"D\u00fcnyan\u0131n En Korkak Hayvan\u0131"},"content":{"rendered":"<p>Vombat d\u00fcnyan\u0131n en korkak hayvan\u0131! Hatta korkudan an\u0131nda bay\u0131l\u0131veriyor. Ancak bilime olan merak\u0131 ve ara\u015ft\u0131rma hevesi onu cesaretlendiriyor.Vombat\u2019\u0131n bitmek bilmeyen sorular\u0131 vard\u0131r. Bu sorular\u0131n pe\u015fine d\u00fc\u015ferek \u201cBilim Vombat\u0131\u201d olman\u0131n hayallerini kurmaktad\u0131r. B\u00f6ylece \u00e7\u0131lg\u0131n bir ke\u015fif yolculu\u011funa at\u0131l\u0131r.Ancak dikkat, yer alt\u0131ndan ba\u015flay\u0131p yery\u00fcz\u00fcne ula\u015fan bu yolculuk beklenenden \u00e7ok daha macera dolu!Caner Sar\u0131o\u011flu&#8217;nun kaleminden, okumay\u0131 sevdiren, ilham veren bir hik\u00e2ye&#8230;Yavru Vombat ile birlikte, bilimin ve e\u011flencenin s\u0131n\u0131rlar\u0131n\u0131 zorlamaya haz\u0131r olun!<\/p>\n","protected":false},"excerpt":{"rendered":"<p>Vombat d\u00fcnyan\u0131n en korkak hayvan\u0131! Hatta korkudan an\u0131nda bay\u0131l\u0131veriyor. Ancak bilime olan merak\u0131 ve ara\u015ft\u0131rma hevesi onu cesaretlendiriyor.Vombat\u2019\u0131n bitmek bilmeyen sorular\u0131 vard\u0131r. Bu sorular\u0131n pe\u015fine d\u00fc\u015ferek<span class=\"excerpt-hellip\"> [\u2026]<\/span><\/p>\n","protected":false},"featured_media":0,"template":"","meta":{"_monsterinsights_skip_tracking":false,"_monsterinsights_sitenote_active":false,"_monsterinsights_sitenote_note":"","_monsterinsights_sitenote_category":0},"product_brand":[],"product_cat":[12274,12284],"product_tag":[],"class_list":{"0":"post-759315","1":"product","2":"type-product","3":"status-publish","5":"product_cat-cocuk-ve-genclik-kitaplari","6":"product_cat-hikayeler","7":"pa_cilt-ciltsiz","8":"pa_tur-kitap","9":"pa_yayinevi-timas-cocuk","10":"pa_yazar-caner-sarioglu","12":"first","13":"instock","14":"sale","15":"shipping-taxable","16":"purchasable","17":"product-type-simple"},"_links":{"self":[{"href":"https:\/\/roveyayinevi.com.tr\/index.php\/wp-json\/wp\/v2\/product\/759315","targetHints":{"allow":["GET"]}}],"collection":[{"href":"https:\/\/roveyayinevi.com.tr\/index.php\/wp-json\/wp\/v2\/product"}],"about":[{"href":"https:\/\/roveyayinevi.com.tr\/index.php\/wp-json\/wp\/v2\/types\/product"}],"wp:attachment":[{"href":"https:\/\/roveyayinevi.com.tr\/index.php\/wp-json\/wp\/v2\/media?parent=759315"}],"wp:term":[{"taxonomy":"product_brand","embeddable":true,"href":"https:\/\/roveyayinevi.com.tr\/index.php\/wp-json\/wp\/v2\/product_brand?post=759315"},{"taxonomy":"product_cat","embeddable":true,"href":"https:\/\/roveyayinevi.com.tr\/index.php\/wp-json\/wp\/v2\/product_cat?post=759315"},{"taxonomy":"product_tag","embeddable":true,"href":"https:\/\/roveyayinevi.com.tr\/index.php\/wp-json\/wp\/v2\/product_tag?post=759315"}],"curies":[{"name":"wp","href":"https:\/\/api.w.org\/{rel}","templated":true}]}}