{"id":759313,"date":"2025-08-28T08:31:02","date_gmt":"2025-08-28T05:31:02","guid":{"rendered":"https:\/\/roveyayinevi.com.tr\/index.php\/urun\/bunyo-cilgin-mikro-evren\/"},"modified":"2026-04-08T03:21:04","modified_gmt":"2026-04-08T00:21:04","slug":"bunyo-cilgin-mikro-evren","status":"publish","type":"product","link":"https:\/\/roveyayinevi.com.tr\/index.php\/urun\/bunyo-cilgin-mikro-evren\/","title":{"rendered":"B\u00fcnyo &#8211; \u00c7\u0131lg\u0131n Mikro Evren"},"content":{"rendered":"<p>Bir kedin var m\u0131?Dilara\u2019n\u0131n var. Hem de s\u0131radan bir kedi de\u011fil. Konu\u015fabilen bir kedi. Peki, senin kedin konu\u015fabilseydi sence s\u00f6yledi\u011fi ilk \u015fey ne olurdu?Dilara ve kedisi B\u00fcnyo, insan v\u00fccudunda ya\u015fayan mikroorganizmalar\u0131 ke\u015ffederler. Dilara, mikroorganizmalar\u0131n asl\u0131nda \u00e7ok da korkutucu olmad\u0131\u011f\u0131n\u0131 hatta bizim i\u00e7in \u00e7ok faydal\u0131 olduklar\u0131n\u0131 kendi g\u00f6zleriyle g\u00f6r\u00fcr. Peki her \u015fey t\u0131k\u0131r\u0131nda m\u0131 ilerler? Merakl\u0131 bir \u00e7ocuksan ve yan\u0131nda senden daha merakl\u0131 bir kedi varsa, elbette, hay\u0131r!Bir kediyle yolculu\u011fa \u00e7\u0131kmaktan daha e\u011flenceli tek \u015fey, bir kediyle mikro \u00e2leme yolculu\u011fa \u00e7\u0131kmak. Dilara ve B\u00fcnyo&#8217;ya kat\u0131l, v\u00fccudundaki minik misafirleri daha yak\u0131ndan tan\u0131!<\/p>\n","protected":false},"excerpt":{"rendered":"<p>Bir kedin var m\u0131?Dilara\u2019n\u0131n var. Hem de s\u0131radan bir kedi de\u011fil. Konu\u015fabilen bir kedi. Peki, senin kedin konu\u015fabilseydi sence s\u00f6yledi\u011fi ilk \u015fey ne olurdu?Dilara ve kedisi<span class=\"excerpt-hellip\"> [\u2026]<\/span><\/p>\n","protected":false},"featured_media":0,"template":"","meta":{"_monsterinsights_skip_tracking":false,"_monsterinsights_sitenote_active":false,"_monsterinsights_sitenote_note":"","_monsterinsights_sitenote_category":0},"product_brand":[],"product_cat":[12274,12284],"product_tag":[],"class_list":{"0":"post-759313","1":"product","2":"type-product","3":"status-publish","5":"product_cat-cocuk-ve-genclik-kitaplari","6":"product_cat-hikayeler","7":"pa_cilt-ciltsiz","8":"pa_tur-kitap","9":"pa_yayinevi-timas-cocuk","10":"pa_yazar-dilara-sari","12":"first","13":"instock","14":"sale","15":"shipping-taxable","16":"purchasable","17":"product-type-simple"},"_links":{"self":[{"href":"https:\/\/roveyayinevi.com.tr\/index.php\/wp-json\/wp\/v2\/product\/759313","targetHints":{"allow":["GET"]}}],"collection":[{"href":"https:\/\/roveyayinevi.com.tr\/index.php\/wp-json\/wp\/v2\/product"}],"about":[{"href":"https:\/\/roveyayinevi.com.tr\/index.php\/wp-json\/wp\/v2\/types\/product"}],"wp:attachment":[{"href":"https:\/\/roveyayinevi.com.tr\/index.php\/wp-json\/wp\/v2\/media?parent=759313"}],"wp:term":[{"taxonomy":"product_brand","embeddable":true,"href":"https:\/\/roveyayinevi.com.tr\/index.php\/wp-json\/wp\/v2\/product_brand?post=759313"},{"taxonomy":"product_cat","embeddable":true,"href":"https:\/\/roveyayinevi.com.tr\/index.php\/wp-json\/wp\/v2\/product_cat?post=759313"},{"taxonomy":"product_tag","embeddable":true,"href":"https:\/\/roveyayinevi.com.tr\/index.php\/wp-json\/wp\/v2\/product_tag?post=759313"}],"curies":[{"name":"wp","href":"https:\/\/api.w.org\/{rel}","templated":true}]}}