{"id":759311,"date":"2025-08-28T08:30:58","date_gmt":"2025-08-28T05:30:58","guid":{"rendered":"https:\/\/roveyayinevi.com.tr\/index.php\/urun\/saatcilerin-tehlikeli-yolculugu\/"},"modified":"2026-04-16T03:12:29","modified_gmt":"2026-04-16T00:12:29","slug":"saatcilerin-tehlikeli-yolculugu","status":"publish","type":"product","link":"https:\/\/roveyayinevi.com.tr\/index.php\/urun\/saatcilerin-tehlikeli-yolculugu\/","title":{"rendered":"Saat\u00e7ilerin Tehlikeli Yolculu\u011fu"},"content":{"rendered":"<p>Gizem dolu saatler, yaban\u0131l yarat\u0131klar ve zaman\u0131n derinliklerinde sakl\u0131 eski s\u0131rlar&#8230; Anno, zaman\u0131n t\u00fcm boyutlar\u0131na h\u00fckmeden gizemli Saat\u00e7iler K\u00f6y\u00fc&#8217;nde ya\u015famaktad\u0131r. Bu benzersiz k\u00f6ydeki sakinler, zaman\u0131n en ince ayr\u0131nt\u0131s\u0131na kadar ustala\u015fm\u0131\u015flard\u0131r. K\u00f6y sakinleri istediklerinde bir dakikay\u0131 d\u00fcnyadan silebilir, b\u00f6ylece o dakikada ya\u015fanan her \u015feyi yok edebilirler; ya da yeni bir dakika ekleyerek, zamanda beklenmedik felaketlere yol a\u00e7abilirler. Anno ise k\u00f6ydeki di\u011ferlerinden ayr\u0131l\u0131r. O, hi\u00e7bir saate ihtiya\u00e7 duymadan, zaman\u0131 saniyesi saniyesine do\u011fru tahmin edebilen nadir bir sezgisel g\u00fcce sahiptir. Bir g\u00fcn, zaman\u0131n ak\u0131\u015f\u0131 tehlikeli bir \u015fekilde bozulur ve bu durum k\u00f6ydeki herkesi korkuyla sarsar. Usta saat\u00e7i Kadime Han\u0131m ve di\u011fer Saat\u00e7iler zaman\u0131n ak\u0131\u015f\u0131n\u0131 d\u00fczeltmek i\u00e7in bir araya gelirler. Anno ve arkada\u015flar\u0131, Zamans\u0131zlar&#8217;\u0131n tehditleri aras\u0131nda, kurtulu\u015fun anahtar\u0131 olan Hayat Saati&#8217;ni arama yolculu\u011funa \u00e7\u0131karlar. Bu zorlu yolculuk, onlar\u0131 sadece zamansal f\u0131rt\u0131nalarla de\u011fil, ayn\u0131 zamanda i\u00e7sel karanl\u0131klar\u0131yla da y\u00fczle\u015fmeye itecektir.<\/p>\n","protected":false},"excerpt":{"rendered":"<p>Gizem dolu saatler, yaban\u0131l yarat\u0131klar ve zaman\u0131n derinliklerinde sakl\u0131 eski s\u0131rlar&#8230; Anno, zaman\u0131n t\u00fcm boyutlar\u0131na h\u00fckmeden gizemli Saat\u00e7iler K\u00f6y\u00fc&#8217;nde ya\u015famaktad\u0131r. Bu benzersiz k\u00f6ydeki sakinler, zaman\u0131n en<span class=\"excerpt-hellip\"> [\u2026]<\/span><\/p>\n","protected":false},"featured_media":0,"template":"","meta":{"_monsterinsights_skip_tracking":false,"_monsterinsights_sitenote_active":false,"_monsterinsights_sitenote_note":"","_monsterinsights_sitenote_category":0},"product_brand":[],"product_cat":[12291,14777],"product_tag":[],"class_list":{"0":"post-759311","1":"product","2":"type-product","3":"status-publish","5":"product_cat-edebiyat","6":"product_cat-fantastik","7":"pa_cilt-ciltsiz","8":"pa_tur-kitap","9":"pa_yayinevi-genc-timas","10":"pa_yazar-enver-kubilay-yuksel","12":"first","13":"instock","14":"sale","15":"shipping-taxable","16":"purchasable","17":"product-type-simple"},"_links":{"self":[{"href":"https:\/\/roveyayinevi.com.tr\/index.php\/wp-json\/wp\/v2\/product\/759311","targetHints":{"allow":["GET"]}}],"collection":[{"href":"https:\/\/roveyayinevi.com.tr\/index.php\/wp-json\/wp\/v2\/product"}],"about":[{"href":"https:\/\/roveyayinevi.com.tr\/index.php\/wp-json\/wp\/v2\/types\/product"}],"wp:attachment":[{"href":"https:\/\/roveyayinevi.com.tr\/index.php\/wp-json\/wp\/v2\/media?parent=759311"}],"wp:term":[{"taxonomy":"product_brand","embeddable":true,"href":"https:\/\/roveyayinevi.com.tr\/index.php\/wp-json\/wp\/v2\/product_brand?post=759311"},{"taxonomy":"product_cat","embeddable":true,"href":"https:\/\/roveyayinevi.com.tr\/index.php\/wp-json\/wp\/v2\/product_cat?post=759311"},{"taxonomy":"product_tag","embeddable":true,"href":"https:\/\/roveyayinevi.com.tr\/index.php\/wp-json\/wp\/v2\/product_tag?post=759311"}],"curies":[{"name":"wp","href":"https:\/\/api.w.org\/{rel}","templated":true}]}}