{"id":759308,"date":"2025-08-28T08:30:52","date_gmt":"2025-08-28T05:30:52","guid":{"rendered":"https:\/\/roveyayinevi.com.tr\/index.php\/urun\/kisa-dunya-tarihi-dunyaya-yon-veren-olaylar\/"},"modified":"2026-04-16T03:12:29","modified_gmt":"2026-04-16T00:12:29","slug":"kisa-dunya-tarihi-dunyaya-yon-veren-olaylar","status":"publish","type":"product","link":"https:\/\/roveyayinevi.com.tr\/index.php\/urun\/kisa-dunya-tarihi-dunyaya-yon-veren-olaylar\/","title":{"rendered":"K\u0131sa D\u00fcnya Tarihi &#8211; D\u00fcnyaya Y\u00f6n Veren Olaylar"},"content":{"rendered":"<p>M\u00fcjde! Muhte\u015fem d\u00fcnya turu eline geldi! D\u00fcnyay\u0131 derinden etkileyen olaylar bu kitapta! Maceradolu bu yolculukta insanl\u0131k tarihinin ba\u015flang\u0131c\u0131ndan ate\u015fin bulunmas\u0131na, tarihin s\u0131f\u0131r noktas\u0131ndan paran\u0131n ilk kez kullan\u0131lmas\u0131na, Perslerden Romal\u0131lara, \u0130slamiyet\u2019in do\u011fu\u015fundan ilk T\u00fcrk devletlerine, Osmanl\u0131 \u0130mparatorlu\u011fu\u2019ndan R\u00f6nesans\u2019a, elektri\u011fin bulu\u015fundan d\u00fcnya sava\u015flar\u0131na kadar muhte\u015fem bir gezi seni bekliyor.Haydi, d\u00fc\u015f pe\u015fime; yolculuk ba\u015fl\u0131yor!<\/p>\n","protected":false},"excerpt":{"rendered":"<p>M\u00fcjde! Muhte\u015fem d\u00fcnya turu eline geldi! D\u00fcnyay\u0131 derinden etkileyen olaylar bu kitapta! Maceradolu bu yolculukta insanl\u0131k tarihinin ba\u015flang\u0131c\u0131ndan ate\u015fin bulunmas\u0131na, tarihin s\u0131f\u0131r noktas\u0131ndan paran\u0131n ilk kez<span class=\"excerpt-hellip\"> [\u2026]<\/span><\/p>\n","protected":false},"featured_media":0,"template":"","meta":{"_monsterinsights_skip_tracking":false,"_monsterinsights_sitenote_active":false,"_monsterinsights_sitenote_note":"","_monsterinsights_sitenote_category":0},"product_brand":[],"product_cat":[13829,12274],"product_tag":[],"class_list":{"0":"post-759308","1":"product","2":"type-product","3":"status-publish","5":"product_cat-bilimsel-kitaplar","6":"product_cat-cocuk-ve-genclik-kitaplari","7":"pa_cilt-ciltsiz","8":"pa_tur-kitap","9":"pa_yayinevi-eglenceli-bilgi-yayinlari","10":"pa_yazar-nurlan-nazli-kaya","12":"first","13":"instock","14":"sale","15":"shipping-taxable","16":"purchasable","17":"product-type-simple"},"_links":{"self":[{"href":"https:\/\/roveyayinevi.com.tr\/index.php\/wp-json\/wp\/v2\/product\/759308","targetHints":{"allow":["GET"]}}],"collection":[{"href":"https:\/\/roveyayinevi.com.tr\/index.php\/wp-json\/wp\/v2\/product"}],"about":[{"href":"https:\/\/roveyayinevi.com.tr\/index.php\/wp-json\/wp\/v2\/types\/product"}],"wp:attachment":[{"href":"https:\/\/roveyayinevi.com.tr\/index.php\/wp-json\/wp\/v2\/media?parent=759308"}],"wp:term":[{"taxonomy":"product_brand","embeddable":true,"href":"https:\/\/roveyayinevi.com.tr\/index.php\/wp-json\/wp\/v2\/product_brand?post=759308"},{"taxonomy":"product_cat","embeddable":true,"href":"https:\/\/roveyayinevi.com.tr\/index.php\/wp-json\/wp\/v2\/product_cat?post=759308"},{"taxonomy":"product_tag","embeddable":true,"href":"https:\/\/roveyayinevi.com.tr\/index.php\/wp-json\/wp\/v2\/product_tag?post=759308"}],"curies":[{"name":"wp","href":"https:\/\/api.w.org\/{rel}","templated":true}]}}