{"id":759307,"date":"2025-08-28T08:30:50","date_gmt":"2025-08-28T05:30:50","guid":{"rendered":"https:\/\/roveyayinevi.com.tr\/index.php\/urun\/buyumeyen-cocuk-peter-pan\/"},"modified":"2026-04-16T03:12:29","modified_gmt":"2026-04-16T00:12:29","slug":"buyumeyen-cocuk-peter-pan","status":"publish","type":"product","link":"https:\/\/roveyayinevi.com.tr\/index.php\/urun\/buyumeyen-cocuk-peter-pan\/","title":{"rendered":"B\u00fcy\u00fcmeyen \u00c7ocuk Peter Pan"},"content":{"rendered":"<p>B\u00fcy\u00fcmeyen \u00e7ocuk Peter Pan ile her \u00e7ocu\u011fun gitmek isteyece\u011fi, hayallerin \u00f6tesindeki \u00fclkeye s\u0131ra d\u0131\u015f\u0131 bir yolculuk\u2026 Peter, Neverland\u2019da peri arkada\u015f\u0131 Tinker Bell ve kay\u0131p \u00e7ocuklarla beraber ya\u015famaktad\u0131r. Bir g\u00fcn kay\u0131p g\u00f6lgesinin pe\u015finden bir evin penceresinden i\u00e7eriye d\u00fc\u015fer. B\u00f6ylece bu evde ya\u015fayan \u00fc\u00e7 \u00e7ocu\u011fun Neverland\u2019a yolculuk ser\u00fcvenleri, Peter\u2019in onlara u\u00e7may\u0131 \u00f6\u011fretmesiyle ba\u015flar. \u0130\u00e7inde bir\u00e7ok orman\u0131n bulundu\u011fu Neverland, kay\u0131p \u00e7ocuklar\u0131n, K\u0131z\u0131lderililerin, korsanlar\u0131n, denizk\u0131zlar\u0131n\u0131n, Peter\u2019in d\u00fc\u015fman\u0131 olan Kaptan Hook ve arkada\u015flar\u0131n\u0131n ya\u015fad\u0131\u011f\u0131 gizemli bir adad\u0131r. Peter ile ya\u015fad\u0131klar\u0131 bir kavgan\u0131n ard\u0131ndan elini kaybeden ve elinin yerine metal bir kanca takan Kaptan Hook, korsanlar\u0131n lideridir. Peter ile geldi\u011fi bu yerde Wendy ve karde\u015fleri kendilerini fantastik bir maceran\u0131n i\u00e7inde bulurlar\u2026<\/p>\n","protected":false},"excerpt":{"rendered":"<p>B\u00fcy\u00fcmeyen \u00e7ocuk Peter Pan ile her \u00e7ocu\u011fun gitmek isteyece\u011fi, hayallerin \u00f6tesindeki \u00fclkeye s\u0131ra d\u0131\u015f\u0131 bir yolculuk\u2026 Peter, Neverland\u2019da peri arkada\u015f\u0131 Tinker Bell ve kay\u0131p \u00e7ocuklarla beraber<span class=\"excerpt-hellip\"> [\u2026]<\/span><\/p>\n","protected":false},"featured_media":0,"template":"","meta":{"_monsterinsights_skip_tracking":false,"_monsterinsights_sitenote_active":false,"_monsterinsights_sitenote_note":"","_monsterinsights_sitenote_category":0},"product_brand":[],"product_cat":[12274,12467],"product_tag":[],"class_list":{"0":"post-759307","1":"product","2":"type-product","3":"status-publish","5":"product_cat-cocuk-ve-genclik-kitaplari","6":"product_cat-dunya-klasikleri","7":"pa_cilt-ciltsiz","8":"pa_tur-kitap","9":"pa_yayinevi-carpe-diem-kitaplari","10":"pa_yazar-james-matthew-barrie","12":"first","13":"instock","14":"sale","15":"shipping-taxable","16":"purchasable","17":"product-type-simple"},"_links":{"self":[{"href":"https:\/\/roveyayinevi.com.tr\/index.php\/wp-json\/wp\/v2\/product\/759307","targetHints":{"allow":["GET"]}}],"collection":[{"href":"https:\/\/roveyayinevi.com.tr\/index.php\/wp-json\/wp\/v2\/product"}],"about":[{"href":"https:\/\/roveyayinevi.com.tr\/index.php\/wp-json\/wp\/v2\/types\/product"}],"wp:attachment":[{"href":"https:\/\/roveyayinevi.com.tr\/index.php\/wp-json\/wp\/v2\/media?parent=759307"}],"wp:term":[{"taxonomy":"product_brand","embeddable":true,"href":"https:\/\/roveyayinevi.com.tr\/index.php\/wp-json\/wp\/v2\/product_brand?post=759307"},{"taxonomy":"product_cat","embeddable":true,"href":"https:\/\/roveyayinevi.com.tr\/index.php\/wp-json\/wp\/v2\/product_cat?post=759307"},{"taxonomy":"product_tag","embeddable":true,"href":"https:\/\/roveyayinevi.com.tr\/index.php\/wp-json\/wp\/v2\/product_tag?post=759307"}],"curies":[{"name":"wp","href":"https:\/\/api.w.org\/{rel}","templated":true}]}}