{"id":759303,"date":"2025-08-28T08:30:44","date_gmt":"2025-08-28T05:30:44","guid":{"rendered":"https:\/\/roveyayinevi.com.tr\/index.php\/urun\/gencler-icin-ekonomi-bilimi\/"},"modified":"2026-04-16T03:12:29","modified_gmt":"2026-04-16T00:12:29","slug":"gencler-icin-ekonomi-bilimi","status":"publish","type":"product","link":"https:\/\/roveyayinevi.com.tr\/index.php\/urun\/gencler-icin-ekonomi-bilimi\/","title":{"rendered":"Gen\u00e7ler \u0130\u00e7in Ekonomi Bilimi"},"content":{"rendered":"<p>\u0130\u00e7indekiler :   \u00b7         Ekonomi \/ \u0130ktisat (Economy   \u00b7         Ekonomi Bilimi (Economics)   \u00b7         Ekonomist \/ \u0130ktisat\u00e7\u0131 (Economist)   \u00b7         B\u00fcy\u00fck \u0130ktisat\u00e7\u0131lar (Great Economists)   \u00b7         Klasik \u0130ktisat \/ Neo-klasik \u0130ktisat (Classical Economics \/ Neoclassical Economics)   \u00b7         Mikro \u0130ktisat \/ Makro \u0130ktisat (Microeconomics \/ Macroeconomics)   \u00b7         Pozitif \u0130ktisat \/ Normatif \u0130ktisat (Positive Economics \/ Normative Economics) <\/p>\n","protected":false},"excerpt":{"rendered":"<p>\u0130\u00e7indekiler : \u00b7 Ekonomi \/ \u0130ktisat (Economy \u00b7 Ekonomi Bilimi (Economics) \u00b7 Ekonomist \/ \u0130ktisat\u00e7\u0131 (Economist) \u00b7 B\u00fcy\u00fck \u0130ktisat\u00e7\u0131lar (Great Economists) \u00b7 Klasik \u0130ktisat \/ Neo-klasik<span class=\"excerpt-hellip\"> [\u2026]<\/span><\/p>\n","protected":false},"featured_media":0,"template":"","meta":{"_monsterinsights_skip_tracking":false,"_monsterinsights_sitenote_active":false,"_monsterinsights_sitenote_note":"","_monsterinsights_sitenote_category":0},"product_brand":[],"product_cat":[13043],"product_tag":[],"class_list":{"0":"post-759303","1":"product","2":"type-product","3":"status-publish","5":"product_cat-ekonomi","6":"pa_cilt-ciltsiz","7":"pa_tur-kitap","8":"pa_yayinevi-gazi-kitabevi","9":"pa_yazar-elif-ay-yalcinkaya-timucin-yalcinkaya","11":"first","12":"instock","13":"sale","14":"shipping-taxable","15":"purchasable","16":"product-type-simple"},"_links":{"self":[{"href":"https:\/\/roveyayinevi.com.tr\/index.php\/wp-json\/wp\/v2\/product\/759303","targetHints":{"allow":["GET"]}}],"collection":[{"href":"https:\/\/roveyayinevi.com.tr\/index.php\/wp-json\/wp\/v2\/product"}],"about":[{"href":"https:\/\/roveyayinevi.com.tr\/index.php\/wp-json\/wp\/v2\/types\/product"}],"wp:attachment":[{"href":"https:\/\/roveyayinevi.com.tr\/index.php\/wp-json\/wp\/v2\/media?parent=759303"}],"wp:term":[{"taxonomy":"product_brand","embeddable":true,"href":"https:\/\/roveyayinevi.com.tr\/index.php\/wp-json\/wp\/v2\/product_brand?post=759303"},{"taxonomy":"product_cat","embeddable":true,"href":"https:\/\/roveyayinevi.com.tr\/index.php\/wp-json\/wp\/v2\/product_cat?post=759303"},{"taxonomy":"product_tag","embeddable":true,"href":"https:\/\/roveyayinevi.com.tr\/index.php\/wp-json\/wp\/v2\/product_tag?post=759303"}],"curies":[{"name":"wp","href":"https:\/\/api.w.org\/{rel}","templated":true}]}}