{"id":759301,"date":"2025-08-28T08:30:41","date_gmt":"2025-08-28T05:30:41","guid":{"rendered":"https:\/\/roveyayinevi.com.tr\/index.php\/urun\/gelenegin-pesinde\/"},"modified":"2026-04-16T03:12:29","modified_gmt":"2026-04-16T00:12:29","slug":"gelenegin-pesinde","status":"publish","type":"product","link":"https:\/\/roveyayinevi.com.tr\/index.php\/urun\/gelenegin-pesinde\/","title":{"rendered":"Gelene\u011fin Pe\u015finde"},"content":{"rendered":"<p>Prof. Dr. Mahmud Erol K\u0131l\u0131\u00e7 bu kitab\u0131nda ba\u015fta M\u00fcsl\u00fcmanlar olmak \u00fczere d\u00fc\u015f\u00fcnen ve ger\u00e7e\u011fi arayan t\u00fcm insanlara d\u00f6rt boyutlu bir yap\u0131ya sahip olan dinin\/\u0130slam\u2019\u0131n asl\u00ee ve niha\u00ee amac\u0131n\u0131 hat\u0131rlat\u0131yor. Kaybolmaya y\u00fcz tutmu\u015f bulunan Gelene\u011fe sar\u0131lman\u0131n ne kadar elzem oldu\u011fu konusunda son derece hayati bir ikazda bulunuyor ve \u015f\u00f6yle sesleniyor: \u201cDin \u00e7ok boyutlu bir yap\u0131d\u0131r. Dinin Hakikat boyutu onun esas ve kurucu y\u00f6n\u00fcd\u00fcr. Ancak toplumlar\u0131n geneline bak\u0131ld\u0131\u011f\u0131nda dinin bu metafizik y\u00f6n\u00fcn\u00fcn ihmal edildi\u011fini g\u00f6r\u00fcyoruz. (\u2026) Dinimiz son y\u0131llarda yayg\u0131n bir \u015fekilde sosyo-politik bir olguya, bir protest slogana, siyasal \u00fctopyalara, devlet y\u00f6netimi \u015feklinde telakki edilerek ideolojik bir fikre indirgenmi\u015ftir. (\u2026) Dinin ve onun metafizik boyutu olan tasavvufun asl\u00ee ve nihai gayesi onu kendi hakikatine yani Allah\u2019a ula\u015ft\u0131rmakt\u0131r. Bir ba\u015fka deyi\u015fle onu ger\u00e7ek insan haline getirmektir. Din ve tasavvuf denilen \u015feyin ana gayesi Allah ile insan aras\u0131nda daima mevcut bulunan irtibat\u0131 tesis etmektir. (\u2026) Bunun da bir yolu, y\u00f6ntemi vard\u0131r. Rabb ile kulu aras\u0131ndaki irtibat\u0131 g\u00f6steren ve talim eden yolun ad\u0131 tasavvuftur.\u201d<\/p>\n","protected":false},"excerpt":{"rendered":"<p>Prof. Dr. Mahmud Erol K\u0131l\u0131\u00e7 bu kitab\u0131nda ba\u015fta M\u00fcsl\u00fcmanlar olmak \u00fczere d\u00fc\u015f\u00fcnen ve ger\u00e7e\u011fi arayan t\u00fcm insanlara d\u00f6rt boyutlu bir yap\u0131ya sahip olan dinin\/\u0130slam\u2019\u0131n asl\u00ee ve<span class=\"excerpt-hellip\"> [\u2026]<\/span><\/p>\n","protected":false},"featured_media":0,"template":"","meta":{"_monsterinsights_skip_tracking":false,"_monsterinsights_sitenote_active":false,"_monsterinsights_sitenote_note":"","_monsterinsights_sitenote_category":0},"product_brand":[],"product_cat":[12718,12719,15238],"product_tag":[],"class_list":{"0":"post-759301","1":"product","2":"type-product","3":"status-publish","5":"product_cat-din","6":"product_cat-islam","7":"product_cat-tasavvuf","8":"pa_cilt-ciltsiz","9":"pa_tur-kitap","10":"pa_yayinevi-sufi-kitap","11":"pa_yazar-mahmud-erol-kilic","13":"first","14":"instock","15":"sale","16":"shipping-taxable","17":"purchasable","18":"product-type-simple"},"_links":{"self":[{"href":"https:\/\/roveyayinevi.com.tr\/index.php\/wp-json\/wp\/v2\/product\/759301","targetHints":{"allow":["GET"]}}],"collection":[{"href":"https:\/\/roveyayinevi.com.tr\/index.php\/wp-json\/wp\/v2\/product"}],"about":[{"href":"https:\/\/roveyayinevi.com.tr\/index.php\/wp-json\/wp\/v2\/types\/product"}],"wp:attachment":[{"href":"https:\/\/roveyayinevi.com.tr\/index.php\/wp-json\/wp\/v2\/media?parent=759301"}],"wp:term":[{"taxonomy":"product_brand","embeddable":true,"href":"https:\/\/roveyayinevi.com.tr\/index.php\/wp-json\/wp\/v2\/product_brand?post=759301"},{"taxonomy":"product_cat","embeddable":true,"href":"https:\/\/roveyayinevi.com.tr\/index.php\/wp-json\/wp\/v2\/product_cat?post=759301"},{"taxonomy":"product_tag","embeddable":true,"href":"https:\/\/roveyayinevi.com.tr\/index.php\/wp-json\/wp\/v2\/product_tag?post=759301"}],"curies":[{"name":"wp","href":"https:\/\/api.w.org\/{rel}","templated":true}]}}