{"id":759300,"date":"2025-08-28T08:30:40","date_gmt":"2025-08-28T05:30:40","guid":{"rendered":"https:\/\/roveyayinevi.com.tr\/index.php\/urun\/allah-kulunu-severse\/"},"modified":"2026-04-16T03:12:29","modified_gmt":"2026-04-16T00:12:29","slug":"allah-kulunu-severse","status":"publish","type":"product","link":"https:\/\/roveyayinevi.com.tr\/index.php\/urun\/allah-kulunu-severse\/","title":{"rendered":"Allah Kulunu Severse"},"content":{"rendered":"<p>Sufi Kitap, 15. y\u00fczy\u0131l\u0131n b\u00fcy\u00fck mutasavv\u0131f\u0131 ve Halvet\u00ee pirlerinden Cem\u00e2l-i Halvet\u00ee\u2019nin bug\u00fcne kadar ne Arap\u00e7a ne de T\u00fcrk\u00e7e olarak ne\u015fredilmi\u015f olan \u00fc\u00e7 risalesini T\u00fcrk okuruyla bulu\u015fturuyor. Yazma Eserler K\u00fct\u00fcphanesi\u2019nden kitap\u00e7\u0131lar\u0131n raflar\u0131na b\u00fcy\u00fck emekler ve g\u00f6z nuruyla \u00e7\u0131kan bu kitap Cem\u00e2l-i Halvet\u00ee Kitapl\u0131\u011f\u0131\u2019n\u0131n \u00fc\u00e7\u00fcnc\u00fc eseridir. \u00dc\u00e7 k\u0131ymetli m\u00fctercim arkada\u015f\u0131m\u0131z\u0131n titizlikle Arap\u00e7a\u2019dan \u00e7evirerek kisve-i taba b\u00fcr\u00fcnen bu \u00fc\u00e7 risale s\u0131ras\u0131yla Allah sevgisini, insan\u0131n b\u00e2t\u0131n\u0131ndaki d\u00f6rt mertebeyi ve \u0130bn Arab\u00ee\u2019nin s\u0131rl\u0131 bir beytini konu ediniyor. Habbet\u00fc\u2019l-Mehabbe adl\u0131 risale \u201cAllah bir kulu sevdi\u011finde hi\u00e7bir g\u00fcnah ona zarar veremez\u201d mealindeki hadisin s\u0131rlar\u0131n\u0131 tevil ediyor. Sir\u00e2c\u00fc\u2019s-S\u00e2lik\u00een adl\u0131 risale ise insan\u0131n manevi boyutunda nefs, kalp, ruh ve s\u0131r mertebelerini izah ediyor. Hepimizin ilgisini \u00e7ekecek bir bahis de var bu k\u0131s\u0131mda: Halvet\u00eelerce \u00e7ok \u00f6nem verilen r\u00fcyalar\u0131n engin manalar\u0131na odaklan\u0131yor. Baz\u0131 r\u00fcyalarda g\u00f6r\u00fclen nesnelerin, hayvanlar\u0131n ve olaylar\u0131n ne manaya geldikleri a\u00e7\u0131klan\u0131yor. Son risale ise evliyalar rehberi \u0130bn Arab\u00ee\u2019nin \u201cRab hakt\u0131r, kul da hakt\u0131r.\u201d diye ba\u015flayan ve adeta bir bilmeceyi and\u0131ran esrarl\u0131 bir beytini konu ediyor. Y\u00fckte hafif ama bah\u00e2da a\u011f\u0131r bu yakut de\u011ferindeki \u00fc\u00e7 risale bize nice manalar\u0131n kap\u0131s\u0131n\u0131 aralamakta.<\/p>\n","protected":false},"excerpt":{"rendered":"<p>Sufi Kitap, 15. y\u00fczy\u0131l\u0131n b\u00fcy\u00fck mutasavv\u0131f\u0131 ve Halvet\u00ee pirlerinden Cem\u00e2l-i Halvet\u00ee\u2019nin bug\u00fcne kadar ne Arap\u00e7a ne de T\u00fcrk\u00e7e olarak ne\u015fredilmi\u015f olan \u00fc\u00e7 risalesini T\u00fcrk okuruyla bulu\u015fturuyor.<span class=\"excerpt-hellip\"> [\u2026]<\/span><\/p>\n","protected":false},"featured_media":0,"template":"","meta":{"_monsterinsights_skip_tracking":false,"_monsterinsights_sitenote_active":false,"_monsterinsights_sitenote_note":"","_monsterinsights_sitenote_category":0},"product_brand":[],"product_cat":[12718,12719,15238],"product_tag":[],"class_list":{"0":"post-759300","1":"product","2":"type-product","3":"status-publish","5":"product_cat-din","6":"product_cat-islam","7":"product_cat-tasavvuf","8":"pa_cilt-ciltsiz","9":"pa_tur-kitap","10":"pa_yayinevi-sufi-kitap","11":"pa_yazar-cemal-halveti","13":"first","14":"instock","15":"sale","16":"shipping-taxable","17":"purchasable","18":"product-type-simple"},"_links":{"self":[{"href":"https:\/\/roveyayinevi.com.tr\/index.php\/wp-json\/wp\/v2\/product\/759300","targetHints":{"allow":["GET"]}}],"collection":[{"href":"https:\/\/roveyayinevi.com.tr\/index.php\/wp-json\/wp\/v2\/product"}],"about":[{"href":"https:\/\/roveyayinevi.com.tr\/index.php\/wp-json\/wp\/v2\/types\/product"}],"wp:attachment":[{"href":"https:\/\/roveyayinevi.com.tr\/index.php\/wp-json\/wp\/v2\/media?parent=759300"}],"wp:term":[{"taxonomy":"product_brand","embeddable":true,"href":"https:\/\/roveyayinevi.com.tr\/index.php\/wp-json\/wp\/v2\/product_brand?post=759300"},{"taxonomy":"product_cat","embeddable":true,"href":"https:\/\/roveyayinevi.com.tr\/index.php\/wp-json\/wp\/v2\/product_cat?post=759300"},{"taxonomy":"product_tag","embeddable":true,"href":"https:\/\/roveyayinevi.com.tr\/index.php\/wp-json\/wp\/v2\/product_tag?post=759300"}],"curies":[{"name":"wp","href":"https:\/\/api.w.org\/{rel}","templated":true}]}}