{"id":759299,"date":"2025-08-28T08:30:39","date_gmt":"2025-08-28T05:30:39","guid":{"rendered":"https:\/\/roveyayinevi.com.tr\/index.php\/urun\/devlet-8\/"},"modified":"2026-04-16T03:12:29","modified_gmt":"2026-04-16T00:12:29","slug":"devlet-8","status":"publish","type":"product","link":"https:\/\/roveyayinevi.com.tr\/index.php\/urun\/devlet-8\/","title":{"rendered":"Devlet"},"content":{"rendered":"<p>\u201cDevletimizde filozoflar h\u00fck\u00fcmdar olmad\u0131k\u00e7a ya da \u015fimdi \u2018y\u00f6neticilerimiz\u2019 dedi\u011fimiz kimseler, felsefe i\u015fini ciddiyetle ve lay\u0131k\u0131yla \u00fcstlenmedik\u00e7e ve \u015fu iki \u015fey; siyasi g\u00fc\u00e7 ve felsefi ak\u0131l birle\u015fmedik\u00e7e sevgili Glaukon, ne devletlerimiz i\u00e7in ne de san\u0131r\u0131m insan soyu i\u00e7in dertlere bir durak olabilir. \u00d6zel hayat i\u00e7in de kamusal hayat i\u00e7in de ba\u015fka bir mutluluk yolu olmad\u0131\u011f\u0131n\u0131 g\u00f6rmek kolay de\u011fildir ama \u00f6yledir.\u201dAntik Yunan\u2019\u0131n efsane \u00fc\u00e7l\u00fcs\u00fcnden biri ve Sokrates ile Aristo\u2019yu birbirine ba\u011flayan ki\u015fi olan Platon\u2019un Devlet\u2019inde d\u00fcnya d\u00fc\u015f\u00fcnce tarihinde iz b\u0131rakm\u0131\u015f b\u00fct\u00fcn kavramlar ele al\u0131n\u0131r. Baz\u0131 felsefe tarih\u00e7ilerine g\u00f6re b\u00fct\u00fcn bir Avrupa felsefesi, Platon\u2019un geride b\u0131rakt\u0131\u011f\u0131 d\u00fc\u015f\u00fcnce miras\u0131na d\u00fc\u015f\u00fclen dipnot h\u00fckm\u00fcndedir.Platon bu eserde, ilk ipu\u00e7lar\u0131n\u0131 Sokrates\u2019in verdi\u011fi \u201cbilgelerin y\u00f6netimi\u201d d\u00fc\u015f\u00fcncesini temellendirerek canland\u0131rm\u0131\u015f ve siyasi d\u00fc\u015f\u00fcnce tarihinin ilk y\u00f6netim s\u0131n\u0131fland\u0131rmalar\u0131ndan birini yapm\u0131\u015ft\u0131r. Adalet kavram\u0131n\u0131n ta\u015f\u0131d\u0131\u011f\u0131 meziyetlerin \u015fimdiye kadar hi\u00e7 kimse taraf\u0131ndan tatmin edici bir bi\u00e7imde savunulmad\u0131\u011f\u0131n\u0131n s\u00f6ylenmesi \u00fczerine Platon, adaletin ve adaletsizli\u011fin do\u011fas\u0131n\u0131 sorgulamaya ba\u015flar. \u201cAdil bir ya\u015fam, adaletsiz ya\u015famaktan neden daha iyidir?\u201d sorusuyla ba\u015flay\u0131p, ideal toplum yap\u0131s\u0131n\u0131n nas\u0131l olmas\u0131 gerekti\u011fini tasvir eder.\u0130deal devletin kurulu\u015funu Platon\u2019un dilinden okumak ger\u00e7ekten heyecan vericidir. Ak\u0131c\u0131 bir \u00fcslupla ilerleyen bu d\u00fc\u015f\u00fcnce silsilesi i\u00e7inde sans\u00fcrden \u00f6jenizme, ortak m\u00fclkiyetten anar\u015fizme, demos\u2019un iktidar\u0131ndan se\u00e7kinlerin y\u00f6netimine kadar, bug\u00fcn h\u00e2l\u00e2 kar\u015f\u0131s\u0131nda ya da yan\u0131nda tav\u0131r ald\u0131\u011f\u0131m\u0131z bir\u00e7ok olgunun \u00f6nc\u00fcllerini g\u00f6r\u00fcr\u00fcz.<\/p>\n","protected":false},"excerpt":{"rendered":"<p>\u201cDevletimizde filozoflar h\u00fck\u00fcmdar olmad\u0131k\u00e7a ya da \u015fimdi \u2018y\u00f6neticilerimiz\u2019 dedi\u011fimiz kimseler, felsefe i\u015fini ciddiyetle ve lay\u0131k\u0131yla \u00fcstlenmedik\u00e7e ve \u015fu iki \u015fey; siyasi g\u00fc\u00e7 ve felsefi ak\u0131l birle\u015fmedik\u00e7e<span class=\"excerpt-hellip\"> [\u2026]<\/span><\/p>\n","protected":false},"featured_media":0,"template":"","meta":{"_monsterinsights_skip_tracking":false,"_monsterinsights_sitenote_active":false,"_monsterinsights_sitenote_note":"","_monsterinsights_sitenote_category":0},"product_brand":[],"product_cat":[12388],"product_tag":[],"class_list":{"0":"post-759299","1":"product","2":"type-product","3":"status-publish","5":"product_cat-felsefe","6":"pa_cilt-ciltsiz","7":"pa_tur-kitap","8":"pa_yayinevi-timas-akademi-yayinlari","9":"pa_yazar-platon","11":"first","12":"instock","13":"sale","14":"shipping-taxable","15":"purchasable","16":"product-type-simple"},"_links":{"self":[{"href":"https:\/\/roveyayinevi.com.tr\/index.php\/wp-json\/wp\/v2\/product\/759299","targetHints":{"allow":["GET"]}}],"collection":[{"href":"https:\/\/roveyayinevi.com.tr\/index.php\/wp-json\/wp\/v2\/product"}],"about":[{"href":"https:\/\/roveyayinevi.com.tr\/index.php\/wp-json\/wp\/v2\/types\/product"}],"wp:attachment":[{"href":"https:\/\/roveyayinevi.com.tr\/index.php\/wp-json\/wp\/v2\/media?parent=759299"}],"wp:term":[{"taxonomy":"product_brand","embeddable":true,"href":"https:\/\/roveyayinevi.com.tr\/index.php\/wp-json\/wp\/v2\/product_brand?post=759299"},{"taxonomy":"product_cat","embeddable":true,"href":"https:\/\/roveyayinevi.com.tr\/index.php\/wp-json\/wp\/v2\/product_cat?post=759299"},{"taxonomy":"product_tag","embeddable":true,"href":"https:\/\/roveyayinevi.com.tr\/index.php\/wp-json\/wp\/v2\/product_tag?post=759299"}],"curies":[{"name":"wp","href":"https:\/\/api.w.org\/{rel}","templated":true}]}}