{"id":759298,"date":"2025-08-28T08:30:37","date_gmt":"2025-08-28T05:30:37","guid":{"rendered":"https:\/\/roveyayinevi.com.tr\/index.php\/urun\/tarihcinin-yolculugu\/"},"modified":"2026-04-16T03:12:29","modified_gmt":"2026-04-16T00:12:29","slug":"tarihcinin-yolculugu","status":"publish","type":"product","link":"https:\/\/roveyayinevi.com.tr\/index.php\/urun\/tarihcinin-yolculugu\/","title":{"rendered":"Tarih\u00e7inin Yolculu\u011fu"},"content":{"rendered":"<p>\u201cHamasi veya ret\u00e7i bir tarih perspektifi yerine sa\u011flam ve ger\u00e7ek\u00e7i bir tarih bilinci hem i\u00e7inde ya\u015fad\u0131\u011f\u0131m\u0131z toplumu ve k\u00fclt\u00fcr\u00fc hem bir par\u00e7as\u0131 oldu\u011fumuz d\u00fcnyay\u0131 daha iyi anlay\u0131p ona g\u00f6re bir yol \u00e7izmemize yard\u0131mc\u0131 olur hem de uluslararas\u0131 meselelerde elimizi g\u00fc\u00e7lendirir. Ama hamasete dayal\u0131 bir tarih perspektifi uluslararas\u0131 problemlerin \u00e7\u00f6z\u00fcm\u00fcnde bizi i\u00e7inden \u00e7\u0131k\u0131lmaz zor durumlara d\u00fc\u015f\u00fcr\u00fcr \u00e7\u00fcnk\u00fc ger\u00e7ek zeminden mahrumdur. T\u00fcrkiye y\u0131llard\u0131r bu a\u00e7maz\u0131 ya\u015f\u0131yor.\u201d \u201cTarih\u00e7iyim diyenlerin, ara\u015ft\u0131rd\u0131klar\u0131 konularla ideolojik ve duygusal ba\u011f kurmaktan, konular\u0131na ideolojik olarak yakla\u015fmaktan veya onlarla \u00f6zde\u015fle\u015fmekten, belli ideolojik kesimlerin beklentilerine uygun \u00e7al\u0131\u015fmalar yaparak n\u00fcfuz, \u015f\u00f6hret ve itibar dev\u015firmeye kalkmaktan kesinlikle ve kesinlikle ka\u00e7\u0131nmalar\u0131 gerekir.\u201d Ahmet Ya\u015far Ocak Osmanl\u0131 tarih\u00e7ili\u011finin duayen ismi Prof. Dr. Ahmet Ya\u015far Ocak bu \u00e7al\u0131\u015fmada kaynaklar\u0131n kullan\u0131m\u0131, ele\u015ftirel bak\u0131\u015f a\u00e7\u0131s\u0131, ar\u015fiv ve k\u00fct\u00fcphanelerin i\u015flevi, disiplinler aras\u0131 \u00e7al\u0131\u015fman\u0131n \u00f6nemi, tarihyaz\u0131m\u0131 y\u00f6ntemi gibi konulara dair \u00f6\u011frencilere, ara\u015ft\u0131rmac\u0131lara ve tarih merakl\u0131lar\u0131na k\u0131sa ve \u00f6zl\u00fc re\u00e7eteler sunuyor. Kitap ayr\u0131ca daima g\u00fcncelli\u011fini koruyan \u201dT\u00fcrklerin \u0130sl\u00e2mla\u015fma Ser\u00fcveni\u201d, \u201c\u0130sl\u00e2m ve Siyaset\u201d, \u201c\u0130sl\u00e2mofobi\u201d, \u201cAlev\u00eelik-Bekta\u015f\u00eelik\u201d, \u201cResm\u00ee Tarih-Alternatif Tarih\u201d ikili\u011fi gibi meselelere de \u0131\u015f\u0131k tutuyor. Tarih\u00e7inin Yolculu\u011fu so\u011fuk bir metodoloji kitab\u0131ndan \u00e7ok usta bir tarih\u00e7inin kendi hayat\u0131 ve ilgi alanlar\u0131ndan yola \u00e7\u0131karak tecr\u00fcbelerini aktard\u0131\u011f\u0131 bir yol haritas\u0131 niteli\u011finde.<\/p>\n","protected":false},"excerpt":{"rendered":"<p>\u201cHamasi veya ret\u00e7i bir tarih perspektifi yerine sa\u011flam ve ger\u00e7ek\u00e7i bir tarih bilinci hem i\u00e7inde ya\u015fad\u0131\u011f\u0131m\u0131z toplumu ve k\u00fclt\u00fcr\u00fc hem bir par\u00e7as\u0131 oldu\u011fumuz d\u00fcnyay\u0131 daha iyi<span class=\"excerpt-hellip\"> [\u2026]<\/span><\/p>\n","protected":false},"featured_media":0,"template":"","meta":{"_monsterinsights_skip_tracking":false,"_monsterinsights_sitenote_active":false,"_monsterinsights_sitenote_note":"","_monsterinsights_sitenote_category":0},"product_brand":[],"product_cat":[13946,12304],"product_tag":[],"class_list":{"0":"post-759298","1":"product","2":"type-product","3":"status-publish","5":"product_cat-biyografi-otobiyografi","6":"product_cat-tarih","7":"pa_cilt-ciltsiz","8":"pa_tur-kitap","9":"pa_yayinevi-timas-yayinlari","10":"pa_yazar-ahmet-yasar-ocak","12":"first","13":"instock","14":"sale","15":"shipping-taxable","16":"purchasable","17":"product-type-simple"},"_links":{"self":[{"href":"https:\/\/roveyayinevi.com.tr\/index.php\/wp-json\/wp\/v2\/product\/759298","targetHints":{"allow":["GET"]}}],"collection":[{"href":"https:\/\/roveyayinevi.com.tr\/index.php\/wp-json\/wp\/v2\/product"}],"about":[{"href":"https:\/\/roveyayinevi.com.tr\/index.php\/wp-json\/wp\/v2\/types\/product"}],"wp:attachment":[{"href":"https:\/\/roveyayinevi.com.tr\/index.php\/wp-json\/wp\/v2\/media?parent=759298"}],"wp:term":[{"taxonomy":"product_brand","embeddable":true,"href":"https:\/\/roveyayinevi.com.tr\/index.php\/wp-json\/wp\/v2\/product_brand?post=759298"},{"taxonomy":"product_cat","embeddable":true,"href":"https:\/\/roveyayinevi.com.tr\/index.php\/wp-json\/wp\/v2\/product_cat?post=759298"},{"taxonomy":"product_tag","embeddable":true,"href":"https:\/\/roveyayinevi.com.tr\/index.php\/wp-json\/wp\/v2\/product_tag?post=759298"}],"curies":[{"name":"wp","href":"https:\/\/api.w.org\/{rel}","templated":true}]}}