{"id":759297,"date":"2025-08-28T08:30:36","date_gmt":"2025-08-28T05:30:36","guid":{"rendered":"https:\/\/roveyayinevi.com.tr\/index.php\/urun\/mekkeye-giden-bin-yol\/"},"modified":"2026-04-16T03:12:29","modified_gmt":"2026-04-16T00:12:29","slug":"mekkeye-giden-bin-yol","status":"publish","type":"product","link":"https:\/\/roveyayinevi.com.tr\/index.php\/urun\/mekkeye-giden-bin-yol\/","title":{"rendered":"Mekke&#8217;ye Giden Bin Yol"},"content":{"rendered":"<p>Mekke, M\u00fcsl\u00fcmanlar\u0131n farz ibadetlerini yerine getirebilmek i\u00e7in bir \u00f6m\u00fcr boyu ula\u015fmay\u0131 hedefledikleri kutsal bir mek\u00e2ndan ibaret de\u011fildir. Ayn\u0131 zamanda t\u00fcm M\u00fcsl\u00fcmanlar\u0131n kalplerine taht kurmu\u015f kadim bir muhabbet memba\u0131d\u0131r. Fas\u2019tan, \u0130ngiltere\u2019den, \u0130ran\u2019dan, \u0130talya\u2019dan, ABD\u2019den, k\u0131sacas\u0131 yery\u00fcz\u00fcn\u00fcn her yerinden Mekke\u2019ye uzanan ve as\u0131rlard\u0131r ayn\u0131 canl\u0131l\u0131\u011f\u0131, ayn\u0131 heyecan\u0131 koruyan say\u0131s\u0131z seyahat bunun bir ispat\u0131d\u0131r. \u00d6yle ki M\u00fcsl\u00fcmanlar\u0131n hac seyahatleri gayrim\u00fcslimlerin de dikkatini \u00e7ekmi\u015f, bir yolunu bulup Mekke\u2019ye girebilenler t\u0131pk\u0131 M\u00fcsl\u00fcmanlar gibi, bu e\u015fsiz tecr\u00fcbeyi ya\u015farken g\u00f6zlemlerini kaydetmeden edememi\u015flerdir. \u015eehirlerin ve tabiat\u0131n g\u00fczelliklerini, kar\u015f\u0131la\u015ft\u0131klar\u0131 insanlar\u0131, seyahatlerinde kaydettikleri anekdotlar\u0131 daha fazla insana ula\u015ft\u0131rmay\u0131 ise adeta g\u00f6rev kabul etmi\u015flerdir. \u0130bn Battuta\u2019dan \u0130bn C\u00fcbeyr\u2019e, Bolognal\u0131 Ludovico di Varthema\u2019dan \u0130ngiltereli Joseph Pitts\u2019e, Sir Richard Burton\u2019dan Malcolm X\u2019e pek \u00e7ok ismin hac seyahati hat\u0131ralar\u0131n\u0131n derlendi\u011fi Mekke\u2019ye Giden Bin Yol, Orta \u00c7a\u011f\u2019dan g\u00fcn\u00fcm\u00fcze kadar uzanan geni\u015f bir zaman aral\u0131\u011f\u0131nda hac seyahatinin de\u011fi\u015fen dinamiklerini ve bu dinamiklere ra\u011fmen seyahatlerdeki lezzetin hep ayn\u0131 kald\u0131\u011f\u0131n\u0131 vurguluyor. Kimi zaman tehlikelerle dolu yollardan, da\u011flardan, haydutlar\u0131n pusuda bekledi\u011fi topraklardan ge\u00e7en; kimi zaman kervanlardaki deve s\u00fcr\u00fcc\u00fclerinin m\u0131r\u0131ldand\u0131\u011f\u0131 ezgiler e\u015fli\u011finde \u00e7\u00f6lde ay \u0131\u015f\u0131\u011f\u0131n\u0131n ayd\u0131nlatt\u0131\u011f\u0131 sakin geceler ve kavurucu g\u00fcnd\u00fczler boyu yol alan; ard\u0131ndan aylar sonra Mekke\u2019ye ula\u015fan hac\u0131lar\u0131n tecr\u00fcbeleri bu sayfalar aras\u0131nda yer al\u0131yor. As\u0131rlar evvel bu yolculu\u011fa \u00e7\u0131kan hac\u0131lar ile Jet \u00c7a\u011f\u0131\u2019nda u\u00e7ak biletini al\u0131p Mekke\u2019ye birka\u00e7 saat i\u00e7inde varan hac\u0131lar\u0131n hissetti\u011fi ortak duygular\u0131 bir araya getiren bu koleksiyon, t\u00fcm insanl\u0131\u011f\u0131 hayran b\u0131rakan ihti\u015faml\u0131 seyahatlerin ne anlama geldi\u011fini birinci elden anlat\u0131yor. Michael Wolfe\u2019un derleyip bizzat kendi seyahat deneyimini de aktard\u0131\u011f\u0131; Selma \u00d6z\u00fclk\u00fc\u2019n\u00fcn ak\u0131c\u0131 bir dille ve titiz u\u011fra\u015flar\u0131yla T\u00fcrk\u00e7eye terc\u00fcme etti\u011fi Mekke\u2019ye Giden Bin Yol, muhte\u015fem bir seyahat edebiyat\u0131. Eser hac ibadetinin ilkelerine ve uygulamalar\u0131na dair bilgiler veren, ayr\u0131ca seyyahlar\u0131n d\u00f6nemin siyasi olaylar\u0131na ve akt\u00f6rlerine dair g\u00f6zlemlerini de payla\u015ft\u0131\u011f\u0131 5 farkl\u0131 \u00e7a\u011f\u0131n ustaca sentezlendi\u011fi prestijli bir tarih \u00e7al\u0131\u015fmas\u0131.<\/p>\n","protected":false},"excerpt":{"rendered":"<p>Mekke, M\u00fcsl\u00fcmanlar\u0131n farz ibadetlerini yerine getirebilmek i\u00e7in bir \u00f6m\u00fcr boyu ula\u015fmay\u0131 hedefledikleri kutsal bir mek\u00e2ndan ibaret de\u011fildir. Ayn\u0131 zamanda t\u00fcm M\u00fcsl\u00fcmanlar\u0131n kalplerine taht kurmu\u015f kadim bir<span class=\"excerpt-hellip\"> [\u2026]<\/span><\/p>\n","protected":false},"featured_media":0,"template":"","meta":{"_monsterinsights_skip_tracking":false,"_monsterinsights_sitenote_active":false,"_monsterinsights_sitenote_note":"","_monsterinsights_sitenote_category":0},"product_brand":[],"product_cat":[12304],"product_tag":[],"class_list":{"0":"post-759297","1":"product","2":"type-product","3":"status-publish","5":"product_cat-tarih","6":"pa_cilt-ciltsiz","7":"pa_tur-kitap","8":"pa_yayinevi-timas-yayinlari","9":"pa_yazar-michael-wolfe","11":"first","12":"instock","13":"sale","14":"shipping-taxable","15":"purchasable","16":"product-type-simple"},"_links":{"self":[{"href":"https:\/\/roveyayinevi.com.tr\/index.php\/wp-json\/wp\/v2\/product\/759297","targetHints":{"allow":["GET"]}}],"collection":[{"href":"https:\/\/roveyayinevi.com.tr\/index.php\/wp-json\/wp\/v2\/product"}],"about":[{"href":"https:\/\/roveyayinevi.com.tr\/index.php\/wp-json\/wp\/v2\/types\/product"}],"wp:attachment":[{"href":"https:\/\/roveyayinevi.com.tr\/index.php\/wp-json\/wp\/v2\/media?parent=759297"}],"wp:term":[{"taxonomy":"product_brand","embeddable":true,"href":"https:\/\/roveyayinevi.com.tr\/index.php\/wp-json\/wp\/v2\/product_brand?post=759297"},{"taxonomy":"product_cat","embeddable":true,"href":"https:\/\/roveyayinevi.com.tr\/index.php\/wp-json\/wp\/v2\/product_cat?post=759297"},{"taxonomy":"product_tag","embeddable":true,"href":"https:\/\/roveyayinevi.com.tr\/index.php\/wp-json\/wp\/v2\/product_tag?post=759297"}],"curies":[{"name":"wp","href":"https:\/\/api.w.org\/{rel}","templated":true}]}}