{"id":759295,"date":"2025-08-28T08:30:33","date_gmt":"2025-08-28T05:30:33","guid":{"rendered":"https:\/\/roveyayinevi.com.tr\/index.php\/urun\/malma-istasyonu\/"},"modified":"2026-04-16T03:12:29","modified_gmt":"2026-04-16T00:12:29","slug":"malma-istasyonu","status":"publish","type":"product","link":"https:\/\/roveyayinevi.com.tr\/index.php\/urun\/malma-istasyonu\/","title":{"rendered":"Malma \u0130stasyonu"},"content":{"rendered":"<p>Bir tren, enfes bir yaz manzaras\u0131nda h\u0131zla ilerliyor. Yolcular aras\u0131nda evliliklerinde kriz ya\u015fayan bir \u00e7ift, bek\u00e2r bir baba ve k\u00fc\u00e7\u00fck k\u0131z\u0131 ile annesinin geride b\u0131rakt\u0131\u011f\u0131 gizemin cevab\u0131n\u0131 arayan bir kad\u0131n var. Hepsi Malma \u0130stasyonu\u2019na gidiyorlar ve ne onlar ne de okur kaderlerinin nas\u0131l i\u00e7 i\u00e7e ge\u00e7ti\u011fini, nas\u0131l g\u00f6r\u00fcnmez a\u011flarla birbirlerine d\u00fc\u011f\u00fcmlendiklerini biliyor. Esrarengiz Harriet, kontrol tutkunu Oskar ve aray\u0131\u015f i\u00e7indeki Yana \u2013her biri, noktalar\u0131 birle\u015ftirmeye \u00e7al\u0131\u015f\u0131rken bir \u00f6nceki zaman\u0131n izlerini ta\u015f\u0131yor. Ku\u015faklar \u00fczerinden yaln\u0131zl\u0131klar, travmalar ve psikolojik bagajlar\u0131yla tamir edilemez ili\u015fkilerin da\u011f\u0131tt\u0131\u011f\u0131 bir ailenin hik\u00e2yesi Malma \u0130stasyonu. Kendine \u00f6zg\u00fc kurgusuyla zamanda h\u0131zla ilerleyen bir tren Malma \u0130stasyonu; her b\u00f6l\u00fcm\u00fc bir sonrakine eklemlenen bir kompart\u0131man. Alex Schulman, miras ge\u00e7mi\u015fin izini s\u00fcrerek ebeveyninin hatas\u0131n\u0131 y\u00fcklenmek zorunda kalan \u00e7ocuklar\u0131n hik\u00e2yesinin pe\u015finde yine\u2026\u201cAlex Schulman ikinci roman\u0131 Malma \u0130stasyonu\u2019nda yine \u00e7ocuklu\u011funun travmalar\u0131na d\u00f6n\u00fcyor: G\u00fcvensiz babalar, yok anneler, yabanc\u0131la\u015fm\u0131\u015f \u00e7ocuklar. Her \u015fey iktidars\u0131zl\u0131k, ula\u015f\u0131lamazl\u0131k ve kay\u0131p soluyor. [&#8230;] Schulman kendini y\u00fcrek par\u00e7alay\u0131c\u0131 bir \u015fekilde, s\u00fcrekli babas\u0131n\u0131 g\u00f6zlemleyen ve onun i\u00e7in her \u015feyi \u2018daha iyi\u2019 yapmak isteyen k\u00fc\u00e7\u00fck, melankolik Harriet\u2019\u0131n yerine koyuyor.\u201d \u2013Parool\u201c\u00c7ok az erkek yazar kad\u0131nlar\u0131, Schulman\u2019\u0131n erkekleri tasvir etti\u011fi kadar iyi tasvir etmeyi ba\u015farabilir. \u00c7ok az\u0131 onun Malma \u0130stasyonu\u2019nda yapt\u0131\u011f\u0131 gibi karma\u015f\u0131k bir a\u011f \u00f6rebilir, ipleri do\u011fru s\u0131rada ve do\u011fru h\u0131zda \u00e7\u00f6zerek okurun duygular\u0131n\u0131 ba\u015f\u0131ndan sonuna kadar dinamik tutabilir. Kalbim h\u0131zla \u00e7arp\u0131yor, nefesim kesiliyor ve t\u00fcylerim diken diken oluyor. [&#8230;] Bug\u00fcne kadar okudu\u011fum en can yak\u0131c\u0131 hik\u00e2yelerden biri.\u201d \u2013Dagbladet<\/p>\n","protected":false},"excerpt":{"rendered":"<p>Bir tren, enfes bir yaz manzaras\u0131nda h\u0131zla ilerliyor. Yolcular aras\u0131nda evliliklerinde kriz ya\u015fayan bir \u00e7ift, bek\u00e2r bir baba ve k\u00fc\u00e7\u00fck k\u0131z\u0131 ile annesinin geride b\u0131rakt\u0131\u011f\u0131 gizemin<span class=\"excerpt-hellip\"> [\u2026]<\/span><\/p>\n","protected":false},"featured_media":0,"template":"","meta":{"_monsterinsights_skip_tracking":false,"_monsterinsights_sitenote_active":false,"_monsterinsights_sitenote_note":"","_monsterinsights_sitenote_category":0},"product_brand":[],"product_cat":[12291,12711],"product_tag":[],"class_list":{"0":"post-759295","1":"product","2":"type-product","3":"status-publish","5":"product_cat-edebiyat","6":"product_cat-roman-oyku","7":"pa_cilt-ciltsiz","8":"pa_tur-kitap","9":"pa_yayinevi-timas-yayinlari","10":"pa_yazar-alex-schulman","12":"first","13":"instock","14":"sale","15":"shipping-taxable","16":"purchasable","17":"product-type-simple"},"_links":{"self":[{"href":"https:\/\/roveyayinevi.com.tr\/index.php\/wp-json\/wp\/v2\/product\/759295","targetHints":{"allow":["GET"]}}],"collection":[{"href":"https:\/\/roveyayinevi.com.tr\/index.php\/wp-json\/wp\/v2\/product"}],"about":[{"href":"https:\/\/roveyayinevi.com.tr\/index.php\/wp-json\/wp\/v2\/types\/product"}],"wp:attachment":[{"href":"https:\/\/roveyayinevi.com.tr\/index.php\/wp-json\/wp\/v2\/media?parent=759295"}],"wp:term":[{"taxonomy":"product_brand","embeddable":true,"href":"https:\/\/roveyayinevi.com.tr\/index.php\/wp-json\/wp\/v2\/product_brand?post=759295"},{"taxonomy":"product_cat","embeddable":true,"href":"https:\/\/roveyayinevi.com.tr\/index.php\/wp-json\/wp\/v2\/product_cat?post=759295"},{"taxonomy":"product_tag","embeddable":true,"href":"https:\/\/roveyayinevi.com.tr\/index.php\/wp-json\/wp\/v2\/product_tag?post=759295"}],"curies":[{"name":"wp","href":"https:\/\/api.w.org\/{rel}","templated":true}]}}