{"id":759294,"date":"2025-08-28T08:30:31","date_gmt":"2025-08-28T05:30:31","guid":{"rendered":"https:\/\/roveyayinevi.com.tr\/index.php\/urun\/insani-tanima-sanati-4\/"},"modified":"2026-04-16T03:12:29","modified_gmt":"2026-04-16T00:12:29","slug":"insani-tanima-sanati-4","status":"publish","type":"product","link":"https:\/\/roveyayinevi.com.tr\/index.php\/urun\/insani-tanima-sanati-4\/","title":{"rendered":"\u0130nsan\u0131 Tan\u0131ma Sanat\u0131"},"content":{"rendered":"<p>&#8220;Bu kitap, Bireysel Psikoloji\u2019nin temellerini okuyuculara anlatmay\u0131 ama\u00e7layan niteliktedir. Ayn\u0131 zamanda bu prensiplerin ki\u015finin sadece d\u00fcnyayla ve \u00e7evresiyle olan ili\u015fkilerini de\u011fil, ki\u015fisel ya\u015fam\u0131n\u0131 d\u00fczenleme konusundaki g\u00fcnl\u00fck ili\u015fkilerini nas\u0131l etkiledi\u011fini prati\u011fe d\u00f6kme amac\u0131n\u0131 ta\u015f\u0131r.Kitap, Viyana&#8217;daki Halk Enstit\u00fcs\u00fc&#8217;nde bir y\u0131l boyunca, her ya\u015f ve meslekten y\u00fczlerce kad\u0131n ve erke\u011fe verilen derslerden esinlenerek haz\u0131rlanm\u0131\u015ft\u0131r. Kitab\u0131n amac\u0131, bireyin hatal\u0131 davran\u0131\u015flar\u0131n\u0131n toplumsal ya\u015fam\u0131n uyumuna nas\u0131l etki etti\u011fini vurgulamakt\u0131r.Ayn\u0131 zamanda bireyin kendi hatalar\u0131n\u0131 \u00f6\u011frenmesine yard\u0131mc\u0131 olmak ve son olarak da toplumsal ya\u015fama uyum sa\u011flamak i\u00e7in nas\u0131l daha bilin\u00e7li bir \u015fekilde ilerleyebilece\u011fini g\u00f6stermektir. \u0130\u015f hayat\u0131nda veya bilimde yap\u0131lan hatalar pahal\u0131ya mal olabilir ve \u00e7ok \u00fcz\u00fcc\u00fcd\u00fcr. Ancak ya\u015fam\u0131n y\u00f6netilmesiyle ilgili hatalar genellikle ya\u015fam\u0131n kendisi i\u00e7in tehlikeli olabilir.Bu kitap, kendi do\u011fas\u0131n\u0131 daha iyi anlama yolundaki insan\u0131n yolculu\u011funa \u0131\u015f\u0131k tutma amac\u0131n\u0131 ta\u015f\u0131r.&#8221;Alfred Adler<\/p>\n","protected":false},"excerpt":{"rendered":"<p>&#8220;Bu kitap, Bireysel Psikoloji\u2019nin temellerini okuyuculara anlatmay\u0131 ama\u00e7layan niteliktedir. Ayn\u0131 zamanda bu prensiplerin ki\u015finin sadece d\u00fcnyayla ve \u00e7evresiyle olan ili\u015fkilerini de\u011fil, ki\u015fisel ya\u015fam\u0131n\u0131 d\u00fczenleme konusundaki g\u00fcnl\u00fck<span class=\"excerpt-hellip\"> [\u2026]<\/span><\/p>\n","protected":false},"featured_media":0,"template":"","meta":{"_monsterinsights_skip_tracking":false,"_monsterinsights_sitenote_active":false,"_monsterinsights_sitenote_note":"","_monsterinsights_sitenote_category":0},"product_brand":[],"product_cat":[12357],"product_tag":[],"class_list":{"0":"post-759294","1":"product","2":"type-product","3":"status-publish","5":"product_cat-psikoloji","6":"pa_cilt-ciltsiz","7":"pa_tur-kitap","8":"pa_yayinevi-timas-yayinlari","9":"pa_yazar-alfred-adler","11":"first","12":"instock","13":"sale","14":"shipping-taxable","15":"purchasable","16":"product-type-simple"},"_links":{"self":[{"href":"https:\/\/roveyayinevi.com.tr\/index.php\/wp-json\/wp\/v2\/product\/759294","targetHints":{"allow":["GET"]}}],"collection":[{"href":"https:\/\/roveyayinevi.com.tr\/index.php\/wp-json\/wp\/v2\/product"}],"about":[{"href":"https:\/\/roveyayinevi.com.tr\/index.php\/wp-json\/wp\/v2\/types\/product"}],"wp:attachment":[{"href":"https:\/\/roveyayinevi.com.tr\/index.php\/wp-json\/wp\/v2\/media?parent=759294"}],"wp:term":[{"taxonomy":"product_brand","embeddable":true,"href":"https:\/\/roveyayinevi.com.tr\/index.php\/wp-json\/wp\/v2\/product_brand?post=759294"},{"taxonomy":"product_cat","embeddable":true,"href":"https:\/\/roveyayinevi.com.tr\/index.php\/wp-json\/wp\/v2\/product_cat?post=759294"},{"taxonomy":"product_tag","embeddable":true,"href":"https:\/\/roveyayinevi.com.tr\/index.php\/wp-json\/wp\/v2\/product_tag?post=759294"}],"curies":[{"name":"wp","href":"https:\/\/api.w.org\/{rel}","templated":true}]}}