{"id":759293,"date":"2025-08-28T08:30:30","date_gmt":"2025-08-28T05:30:30","guid":{"rendered":"https:\/\/roveyayinevi.com.tr\/index.php\/urun\/bir-imtihandir-dunya\/"},"modified":"2026-04-16T03:12:29","modified_gmt":"2026-04-16T00:12:29","slug":"bir-imtihandir-dunya","status":"publish","type":"product","link":"https:\/\/roveyayinevi.com.tr\/index.php\/urun\/bir-imtihandir-dunya\/","title":{"rendered":"Bir \u0130mtihand\u0131r D\u00fcnya"},"content":{"rendered":"<p>Bir imtihand\u0131r d\u00fcnya\u2026 Tekrar\u0131 ve telafisi olmayan bir imtihan. Bu imtihanda kazanan sonsuz bir mutlulu\u011fu elde edecek, kaybedenlerin kimileri bir s\u00fcreli\u011fine, kimileriyse sonsuza kadar bir bedbahtl\u0131\u011fa mahk\u00fbm olacak.D\u00fcnya imtihan\u0131m\u0131zda nelerle s\u0131nanm\u0131yoruz ki\u2026 Kimi zaman can\u0131m\u0131zla, en sevdiklerimizin canlar\u0131yla s\u0131nan\u0131rken kimi zaman da sa\u011fl\u0131\u011f\u0131m\u0131zla, akl\u0131m\u0131zla, mal\u0131m\u0131zla, servetimizle s\u0131nan\u0131yoruz.\u0130nsan i\u00e7in en \u00f6nemli mesele bu d\u00fcnyan\u0131n bir imtihan oldu\u011funu bilmek. Bunu bilen ve bu imtihan\u0131n gere\u011fine uygun davrananlara ne mutlu! D\u00fcnya hayat\u0131n\u0131n bir imtihan oldu\u011funu ink\u00e2r ya da ihmal edenlere ne yaz\u0131k!Her imtihanda ba\u015far\u0131l\u0131 olman\u0131n bir yolu, yordam\u0131, kural\u0131 vard\u0131r. Sonsuz saadet ya da sonsuz bedbahtl\u0131\u011fa giden bu imtihanda ba\u015far\u0131l\u0131 olman\u0131n yollar\u0131 nelerdir? Bu imtihanda nelere dikkat etmeli? Neleri yapmal\u0131, nelerden uzak durmal\u0131?Prof. Dr. Soner Duman Bir \u0130mtihand\u0131r D\u00fcnya\u2019da, \u00f6ncelikle bize d\u00fcnyan\u0131n imtihan y\u00f6n\u00fcn\u00fc ortaya koyuyor, sonras\u0131nda da bu yolun gerekliliklerini Kur\u2019an ve s\u00fcnnet \u0131\u015f\u0131\u011f\u0131nda a\u00e7\u0131kl\u0131yor.<\/p>\n","protected":false},"excerpt":{"rendered":"<p>Bir imtihand\u0131r d\u00fcnya\u2026 Tekrar\u0131 ve telafisi olmayan bir imtihan. Bu imtihanda kazanan sonsuz bir mutlulu\u011fu elde edecek, kaybedenlerin kimileri bir s\u00fcreli\u011fine, kimileriyse sonsuza kadar bir bedbahtl\u0131\u011fa<span class=\"excerpt-hellip\"> [\u2026]<\/span><\/p>\n","protected":false},"featured_media":0,"template":"","meta":{"_monsterinsights_skip_tracking":false,"_monsterinsights_sitenote_active":false,"_monsterinsights_sitenote_note":"","_monsterinsights_sitenote_category":0},"product_brand":[],"product_cat":[12718,12719],"product_tag":[],"class_list":{"0":"post-759293","1":"product","2":"type-product","3":"status-publish","5":"product_cat-din","6":"product_cat-islam","7":"pa_cilt-ciltsiz","8":"pa_tur-kitap","9":"pa_yayinevi-timas-yayinlari","10":"pa_yazar-soner-duman","12":"first","13":"instock","14":"sale","15":"shipping-taxable","16":"purchasable","17":"product-type-simple"},"_links":{"self":[{"href":"https:\/\/roveyayinevi.com.tr\/index.php\/wp-json\/wp\/v2\/product\/759293","targetHints":{"allow":["GET"]}}],"collection":[{"href":"https:\/\/roveyayinevi.com.tr\/index.php\/wp-json\/wp\/v2\/product"}],"about":[{"href":"https:\/\/roveyayinevi.com.tr\/index.php\/wp-json\/wp\/v2\/types\/product"}],"wp:attachment":[{"href":"https:\/\/roveyayinevi.com.tr\/index.php\/wp-json\/wp\/v2\/media?parent=759293"}],"wp:term":[{"taxonomy":"product_brand","embeddable":true,"href":"https:\/\/roveyayinevi.com.tr\/index.php\/wp-json\/wp\/v2\/product_brand?post=759293"},{"taxonomy":"product_cat","embeddable":true,"href":"https:\/\/roveyayinevi.com.tr\/index.php\/wp-json\/wp\/v2\/product_cat?post=759293"},{"taxonomy":"product_tag","embeddable":true,"href":"https:\/\/roveyayinevi.com.tr\/index.php\/wp-json\/wp\/v2\/product_tag?post=759293"}],"curies":[{"name":"wp","href":"https:\/\/api.w.org\/{rel}","templated":true}]}}