{"id":759292,"date":"2025-08-28T08:30:28","date_gmt":"2025-08-28T05:30:28","guid":{"rendered":"https:\/\/roveyayinevi.com.tr\/index.php\/urun\/kuma-kuma-kuma-bear-6\/"},"modified":"2026-04-16T03:12:29","modified_gmt":"2026-04-16T00:12:29","slug":"kuma-kuma-kuma-bear-6","status":"publish","type":"product","link":"https:\/\/roveyayinevi.com.tr\/index.php\/urun\/kuma-kuma-kuma-bear-6\/","title":{"rendered":"Kuma Kuma Kuma Bear 6"},"content":{"rendered":"<p>ON B\u0130N CANAVARA KAR\u015eI TEK BA\u015eINA KALAN AYININ SIRADAK\u0130 SINAVI PUD\u0130NG YAPMAK!! Paralel D\u00fcnya&#8217;ya hileli Kuma k\u0131yafetiyle s\u00fcr\u00fcklenen Yuna, Lord Cliff&#8217;i ba\u015fkenti ku\u015fatan on bin canavara kar\u015f\u0131 tek ba\u015f\u0131na koruyor! B\u00fct\u00fcn bunlar olurken, canavarlar\u0131 y\u00f6neten b\u00fcy\u00fcc\u00fc sessizcekral\u0131n oldu\u011fu odaya giriyor. Ay\u0131lar\u0131 \u00e7ok seven Fina ve iki arkada\u015f\u0131, b\u00fcy\u00fck bir s\u0131rra ortak oluyor!  Alt\u0131nc\u0131 cilt, \u015fimdiye kadar g\u00f6r\u00fclmemi\u015f b\u00fcy\u00fck bir sava\u015f sayesinde aksiyonla dolu!<\/p>\n","protected":false},"excerpt":{"rendered":"<p>ON B\u0130N CANAVARA KAR\u015eI TEK BA\u015eINA KALAN AYININ SIRADAK\u0130 SINAVI PUD\u0130NG YAPMAK!! Paralel D\u00fcnya&#8217;ya hileli Kuma k\u0131yafetiyle s\u00fcr\u00fcklenen Yuna, Lord Cliff&#8217;i ba\u015fkenti ku\u015fatan on bin canavara<span class=\"excerpt-hellip\"> [\u2026]<\/span><\/p>\n","protected":false},"featured_media":0,"template":"","meta":{"_monsterinsights_skip_tracking":false,"_monsterinsights_sitenote_active":false,"_monsterinsights_sitenote_note":"","_monsterinsights_sitenote_category":0},"product_brand":[],"product_cat":[12416,12291],"product_tag":[],"class_list":{"0":"post-759292","1":"product","2":"type-product","3":"status-publish","5":"product_cat-cizgi-roman","6":"product_cat-edebiyat","7":"pa_cilt-ciltsiz","8":"pa_tur-kitap","9":"pa_yayinevi-kayip-kita-yayinlari","10":"pa_yazar-kumanano","12":"first","13":"instock","14":"sale","15":"shipping-taxable","16":"purchasable","17":"product-type-simple"},"_links":{"self":[{"href":"https:\/\/roveyayinevi.com.tr\/index.php\/wp-json\/wp\/v2\/product\/759292","targetHints":{"allow":["GET"]}}],"collection":[{"href":"https:\/\/roveyayinevi.com.tr\/index.php\/wp-json\/wp\/v2\/product"}],"about":[{"href":"https:\/\/roveyayinevi.com.tr\/index.php\/wp-json\/wp\/v2\/types\/product"}],"wp:attachment":[{"href":"https:\/\/roveyayinevi.com.tr\/index.php\/wp-json\/wp\/v2\/media?parent=759292"}],"wp:term":[{"taxonomy":"product_brand","embeddable":true,"href":"https:\/\/roveyayinevi.com.tr\/index.php\/wp-json\/wp\/v2\/product_brand?post=759292"},{"taxonomy":"product_cat","embeddable":true,"href":"https:\/\/roveyayinevi.com.tr\/index.php\/wp-json\/wp\/v2\/product_cat?post=759292"},{"taxonomy":"product_tag","embeddable":true,"href":"https:\/\/roveyayinevi.com.tr\/index.php\/wp-json\/wp\/v2\/product_tag?post=759292"}],"curies":[{"name":"wp","href":"https:\/\/api.w.org\/{rel}","templated":true}]}}