{"id":759291,"date":"2025-08-28T08:30:25","date_gmt":"2025-08-28T05:30:25","guid":{"rendered":"https:\/\/roveyayinevi.com.tr\/index.php\/urun\/istanbulda-seri-katil\/"},"modified":"2026-01-30T03:50:39","modified_gmt":"2026-01-30T00:50:39","slug":"istanbulda-seri-katil","status":"publish","type":"product","link":"https:\/\/roveyayinevi.com.tr\/index.php\/urun\/istanbulda-seri-katil\/","title":{"rendered":"\u0130stanbul\u2019da Seri Katil"},"content":{"rendered":"<p>Bir seri katil \u0130stanbul\u2019u kana buluyordu. Ama sadece hak edenleri. Kamu vicdan\u0131 m\u0131 yoksa yarg\u0131s\u0131z infaz m\u0131? Karar\u0131 siz verin. Adaletin tam uygulanmad\u0131\u011f\u0131n\u0131 m\u0131 d\u00fc\u015f\u00fcn\u00fcyorsunuz? K\u00f6t\u00fclerin cezas\u0131z kald\u0131\u011f\u0131na m\u0131 inan\u0131yorsunuz? O zaman bu kitap tam size g\u00f6re&#8230;   <\/p>\n","protected":false},"excerpt":{"rendered":"<p>Bir seri katil \u0130stanbul\u2019u kana buluyordu. Ama sadece hak edenleri. Kamu vicdan\u0131 m\u0131 yoksa yarg\u0131s\u0131z infaz m\u0131? Karar\u0131 siz verin. Adaletin tam uygulanmad\u0131\u011f\u0131n\u0131 m\u0131 d\u00fc\u015f\u00fcn\u00fcyorsunuz? K\u00f6t\u00fclerin<span class=\"excerpt-hellip\"> [\u2026]<\/span><\/p>\n","protected":false},"featured_media":0,"template":"","meta":{"_monsterinsights_skip_tracking":false,"_monsterinsights_sitenote_active":false,"_monsterinsights_sitenote_note":"","_monsterinsights_sitenote_category":0},"product_brand":[],"product_cat":[12291,12711],"product_tag":[],"class_list":{"0":"post-759291","1":"product","2":"type-product","3":"status-publish","5":"product_cat-edebiyat","6":"product_cat-roman-oyku","7":"pa_cilt-ciltsiz","8":"pa_tur-kitap","9":"pa_yayinevi-vova-yayinlari","10":"pa_yazar-hakan-dundar","12":"first","13":"instock","14":"sale","15":"shipping-taxable","16":"purchasable","17":"product-type-simple"},"_links":{"self":[{"href":"https:\/\/roveyayinevi.com.tr\/index.php\/wp-json\/wp\/v2\/product\/759291","targetHints":{"allow":["GET"]}}],"collection":[{"href":"https:\/\/roveyayinevi.com.tr\/index.php\/wp-json\/wp\/v2\/product"}],"about":[{"href":"https:\/\/roveyayinevi.com.tr\/index.php\/wp-json\/wp\/v2\/types\/product"}],"wp:attachment":[{"href":"https:\/\/roveyayinevi.com.tr\/index.php\/wp-json\/wp\/v2\/media?parent=759291"}],"wp:term":[{"taxonomy":"product_brand","embeddable":true,"href":"https:\/\/roveyayinevi.com.tr\/index.php\/wp-json\/wp\/v2\/product_brand?post=759291"},{"taxonomy":"product_cat","embeddable":true,"href":"https:\/\/roveyayinevi.com.tr\/index.php\/wp-json\/wp\/v2\/product_cat?post=759291"},{"taxonomy":"product_tag","embeddable":true,"href":"https:\/\/roveyayinevi.com.tr\/index.php\/wp-json\/wp\/v2\/product_tag?post=759291"}],"curies":[{"name":"wp","href":"https:\/\/api.w.org\/{rel}","templated":true}]}}