{"id":759290,"date":"2025-08-28T08:30:23","date_gmt":"2025-08-28T05:30:23","guid":{"rendered":"https:\/\/roveyayinevi.com.tr\/index.php\/urun\/maviydi-gokyuzu\/"},"modified":"2026-01-30T03:50:39","modified_gmt":"2026-01-30T00:50:39","slug":"maviydi-gokyuzu","status":"publish","type":"product","link":"https:\/\/roveyayinevi.com.tr\/index.php\/urun\/maviydi-gokyuzu\/","title":{"rendered":"Maviydi G\u00f6ky\u00fcz\u00fc"},"content":{"rendered":"<p>D\u00fc\u015flerim vard\u0131 benim, Hi\u00e7 b\u00fcy\u00fcmeyen \u00e7ocuk \u00fcmitlerim, Ka\u011f\u0131ttan u\u00e7aklar, gemiler&#8230; Toplad\u0131\u011f\u0131m bayram \u015fekerleri, \u00dcst\u00fcmde eski p\u00fcsk\u00fc y\u0131rt\u0131k elbiseler, Kumdan kaleler,oyuncak dozerler, Annemin eve gel sesleni\u015fleri, Bir \u00fcmitle eve ko\u015fu\u015fum, 1970 model eski \u015fark\u0131lar, TRT \u00e7ocuk korosu, Susam soka\u011f\u0131 mutluluklar\u0131, T\u00fcrkan \u015eoray filmleri, \u0130nce belli tav\u015fan kan\u0131 \u00e7aylar, Hep i\u00e7imde beslediklerim, B\u00fcy\u00fcy\u00fcnce ge\u00e7icekti her \u015fey, B\u00fcy\u00fcd\u00fcm ge\u00e7medi, ge\u00e7miyor&#8230; Kendime ant i\u00e7ti\u011fim tutkulu yeminler, \u015eimdi yoklar&#8230; Annemin dinledi\u011fi \u015fark\u0131lar kadar eski her\u015fey, Hep g\u00fczel \u015feylerdi, \u00c7ok uzaklarda \u015fimdi&#8230; \u0130stediklerim,sevdiklerim,\u00f6zlediklerim&#8230;. <\/p>\n","protected":false},"excerpt":{"rendered":"<p>D\u00fc\u015flerim vard\u0131 benim, Hi\u00e7 b\u00fcy\u00fcmeyen \u00e7ocuk \u00fcmitlerim, Ka\u011f\u0131ttan u\u00e7aklar, gemiler&#8230; Toplad\u0131\u011f\u0131m bayram \u015fekerleri, \u00dcst\u00fcmde eski p\u00fcsk\u00fc y\u0131rt\u0131k elbiseler, Kumdan kaleler,oyuncak dozerler, Annemin eve gel sesleni\u015fleri, Bir<span class=\"excerpt-hellip\"> [\u2026]<\/span><\/p>\n","protected":false},"featured_media":0,"template":"","meta":{"_monsterinsights_skip_tracking":false,"_monsterinsights_sitenote_active":false,"_monsterinsights_sitenote_note":"","_monsterinsights_sitenote_category":0},"product_brand":[],"product_cat":[12291,12509],"product_tag":[],"class_list":{"0":"post-759290","1":"product","2":"type-product","3":"status-publish","5":"product_cat-edebiyat","6":"product_cat-siir","7":"pa_cilt-ciltsiz","8":"pa_tur-kitap","9":"pa_yayinevi-vova-yayinlari","10":"pa_yazar-engin-bakir","12":"first","13":"instock","14":"sale","15":"shipping-taxable","16":"purchasable","17":"product-type-simple"},"_links":{"self":[{"href":"https:\/\/roveyayinevi.com.tr\/index.php\/wp-json\/wp\/v2\/product\/759290","targetHints":{"allow":["GET"]}}],"collection":[{"href":"https:\/\/roveyayinevi.com.tr\/index.php\/wp-json\/wp\/v2\/product"}],"about":[{"href":"https:\/\/roveyayinevi.com.tr\/index.php\/wp-json\/wp\/v2\/types\/product"}],"wp:attachment":[{"href":"https:\/\/roveyayinevi.com.tr\/index.php\/wp-json\/wp\/v2\/media?parent=759290"}],"wp:term":[{"taxonomy":"product_brand","embeddable":true,"href":"https:\/\/roveyayinevi.com.tr\/index.php\/wp-json\/wp\/v2\/product_brand?post=759290"},{"taxonomy":"product_cat","embeddable":true,"href":"https:\/\/roveyayinevi.com.tr\/index.php\/wp-json\/wp\/v2\/product_cat?post=759290"},{"taxonomy":"product_tag","embeddable":true,"href":"https:\/\/roveyayinevi.com.tr\/index.php\/wp-json\/wp\/v2\/product_tag?post=759290"}],"curies":[{"name":"wp","href":"https:\/\/api.w.org\/{rel}","templated":true}]}}