{"id":759284,"date":"2025-08-28T08:30:10","date_gmt":"2025-08-28T05:30:10","guid":{"rendered":"https:\/\/roveyayinevi.com.tr\/index.php\/urun\/krallarin-adaleti\/"},"modified":"2026-04-16T03:12:29","modified_gmt":"2026-04-16T00:12:29","slug":"krallarin-adaleti","status":"publish","type":"product","link":"https:\/\/roveyayinevi.com.tr\/index.php\/urun\/krallarin-adaleti\/","title":{"rendered":"Krallar\u0131n Adaleti"},"content":{"rendered":"<p>H\u0130\u00c7 K\u0130MSE ADALETTEN \u00dcST\u00dcN DE\u011e\u0130LD\u0130R.     \u201cMuhte\u015fem detayl\u0131 bir du\u0308nyada, \u00e7ok farkl\u0131 bir bak\u0131\u015f a\u00e7\u0131s\u0131ndan, du\u0308\u015fu\u0308ndu\u0308ru\u0308cu\u0308 bir macera.\u201d   \u2014K. LLOSO, OREN-YARO\u2019NUN KURDU\u2019NUN YAZARI   \u201cBir yazar\u0131n muazzam \u00e7\u0131k\u0131\u015f\u0131.\u201d   \u2014PETER McLEAN, KEM\u0130KLER\u0130N RAH\u0130B\u0130\u2019N\u0130N YAZARI <\/p>\n","protected":false},"excerpt":{"rendered":"<p>H\u0130\u00c7 K\u0130MSE ADALETTEN \u00dcST\u00dcN DE\u011e\u0130LD\u0130R. \u201cMuhte\u015fem detayl\u0131 bir du\u0308nyada, \u00e7ok farkl\u0131 bir bak\u0131\u015f a\u00e7\u0131s\u0131ndan, du\u0308\u015fu\u0308ndu\u0308ru\u0308cu\u0308 bir macera.\u201d \u2014K. LLOSO, OREN-YARO\u2019NUN KURDU\u2019NUN YAZARI \u201cBir yazar\u0131n muazzam \u00e7\u0131k\u0131\u015f\u0131.\u201d<span class=\"excerpt-hellip\"> [\u2026]<\/span><\/p>\n","protected":false},"featured_media":0,"template":"","meta":{"_monsterinsights_skip_tracking":false,"_monsterinsights_sitenote_active":false,"_monsterinsights_sitenote_note":"","_monsterinsights_sitenote_category":0},"product_brand":[],"product_cat":[12291,12711],"product_tag":[],"class_list":{"0":"post-759284","1":"product","2":"type-product","3":"status-publish","5":"product_cat-edebiyat","6":"product_cat-roman-oyku","7":"pa_cilt-ciltsiz","8":"pa_tur-kitap","9":"pa_yayinevi-athica-yayinlari","10":"pa_yazar-richard-swan","12":"first","13":"instock","14":"sale","15":"shipping-taxable","16":"purchasable","17":"product-type-simple"},"_links":{"self":[{"href":"https:\/\/roveyayinevi.com.tr\/index.php\/wp-json\/wp\/v2\/product\/759284","targetHints":{"allow":["GET"]}}],"collection":[{"href":"https:\/\/roveyayinevi.com.tr\/index.php\/wp-json\/wp\/v2\/product"}],"about":[{"href":"https:\/\/roveyayinevi.com.tr\/index.php\/wp-json\/wp\/v2\/types\/product"}],"wp:attachment":[{"href":"https:\/\/roveyayinevi.com.tr\/index.php\/wp-json\/wp\/v2\/media?parent=759284"}],"wp:term":[{"taxonomy":"product_brand","embeddable":true,"href":"https:\/\/roveyayinevi.com.tr\/index.php\/wp-json\/wp\/v2\/product_brand?post=759284"},{"taxonomy":"product_cat","embeddable":true,"href":"https:\/\/roveyayinevi.com.tr\/index.php\/wp-json\/wp\/v2\/product_cat?post=759284"},{"taxonomy":"product_tag","embeddable":true,"href":"https:\/\/roveyayinevi.com.tr\/index.php\/wp-json\/wp\/v2\/product_tag?post=759284"}],"curies":[{"name":"wp","href":"https:\/\/api.w.org\/{rel}","templated":true}]}}