{"id":759282,"date":"2025-08-28T08:30:04","date_gmt":"2025-08-28T05:30:04","guid":{"rendered":"https:\/\/roveyayinevi.com.tr\/index.php\/urun\/bana-bilgiclik-taslayan-adamlar\/"},"modified":"2026-04-16T03:12:29","modified_gmt":"2026-04-16T00:12:29","slug":"bana-bilgiclik-taslayan-adamlar","status":"publish","type":"product","link":"https:\/\/roveyayinevi.com.tr\/index.php\/urun\/bana-bilgiclik-taslayan-adamlar\/","title":{"rendered":"Bana Bilgi\u00e7lik Taslayan Adamlar"},"content":{"rendered":"<p>\u201cKad\u0131n\u0131n ad\u0131 sessizlik. Erke\u011finki iktidar. Kad\u0131n\u0131n ad\u0131 yoksulluk. Erke\u011finki zenginlik. \u2018Kad\u0131n\u0131n\u2019 diyoruz da, ona ait olan bir \u015fey var m\u0131 ger\u00e7ekten? Erkek ise her \u015feyin kendisine ait oldu\u011funu iddia ediyor, kad\u0131n da dahil. \u0130zin almadan ve bir bedel \u00f6demek zorunda kalmadan kad\u0131na sahip olabilece\u011fine inan\u0131yor. Bu \u00e7ok eski bir hik\u00e2ye, yine de son y\u0131llarda hik\u00e2yenin sonu de\u011fi\u015fmeye ba\u015flad\u0131\u2026 Ezber bozulduk\u00e7a, de\u011fi\u015fmez san\u0131lan du\u0308\u015fu\u0308nce kal\u0131plar\u0131 temelden sars\u0131l\u0131yor.\u201d     Rebecca Solnit Bana Bilgi\u00e7lik Taslayan Adamlar kitab\u0131nda kadim bir hik\u00e2yeyi incelikli ve bir o kadar da \u00f6fkesini ku\u015fanm\u0131\u015f \u00fcslubuyla anlat\u0131yor bizlere. Hayat\u0131n bir\u00e7ok alan\u0131nda kad\u0131nlar\u0131n nas\u0131l susturuldu\u011funu, ezildi\u011fini, taciz ve tecav\u00fcze u\u011frad\u0131\u011f\u0131n\u0131, \u00f6ld\u00fcr\u00fcld\u00fc\u011f\u00fcn\u00fc ger\u00e7ek hik\u00e2yeler \u00fczerinden aktar\u0131rken bu karanl\u0131k tabloyu \u00fcreten sistem \u00e7arklar\u0131n\u0131 g\u00f6zler \u00f6n\u00fcne seriyor.   Solnit sars\u0131c\u0131 ger\u00e7ekleri ortaya koymakla yetinmiyor, kad\u0131nlar\u0131n gu\u0308ven i\u00e7inde ya\u015fayabildi\u011fi, e\u015fit, \u00f6zg\u00fcr bir d\u00fcnya hayalini ger\u00e7ek k\u0131lma yolunda umut da veriyor. <\/p>\n","protected":false},"excerpt":{"rendered":"<p>\u201cKad\u0131n\u0131n ad\u0131 sessizlik. Erke\u011finki iktidar. Kad\u0131n\u0131n ad\u0131 yoksulluk. Erke\u011finki zenginlik. \u2018Kad\u0131n\u0131n\u2019 diyoruz da, ona ait olan bir \u015fey var m\u0131 ger\u00e7ekten? Erkek ise her \u015feyin kendisine<span class=\"excerpt-hellip\"> [\u2026]<\/span><\/p>\n","protected":false},"featured_media":0,"template":"","meta":{"_monsterinsights_skip_tracking":false,"_monsterinsights_sitenote_active":false,"_monsterinsights_sitenote_note":"","_monsterinsights_sitenote_category":0},"product_brand":[],"product_cat":[12291,12610],"product_tag":[],"class_list":{"0":"post-759282","1":"product","2":"type-product","3":"status-publish","5":"product_cat-edebiyat","6":"product_cat-elestiri-inceleme-kuram","7":"pa_cilt-ciltsiz","8":"pa_tur-kitap","9":"pa_yayinevi-minotor-kitap","10":"pa_yazar-rebecca-solnit","12":"first","13":"instock","14":"sale","15":"shipping-taxable","16":"purchasable","17":"product-type-simple"},"_links":{"self":[{"href":"https:\/\/roveyayinevi.com.tr\/index.php\/wp-json\/wp\/v2\/product\/759282","targetHints":{"allow":["GET"]}}],"collection":[{"href":"https:\/\/roveyayinevi.com.tr\/index.php\/wp-json\/wp\/v2\/product"}],"about":[{"href":"https:\/\/roveyayinevi.com.tr\/index.php\/wp-json\/wp\/v2\/types\/product"}],"wp:attachment":[{"href":"https:\/\/roveyayinevi.com.tr\/index.php\/wp-json\/wp\/v2\/media?parent=759282"}],"wp:term":[{"taxonomy":"product_brand","embeddable":true,"href":"https:\/\/roveyayinevi.com.tr\/index.php\/wp-json\/wp\/v2\/product_brand?post=759282"},{"taxonomy":"product_cat","embeddable":true,"href":"https:\/\/roveyayinevi.com.tr\/index.php\/wp-json\/wp\/v2\/product_cat?post=759282"},{"taxonomy":"product_tag","embeddable":true,"href":"https:\/\/roveyayinevi.com.tr\/index.php\/wp-json\/wp\/v2\/product_tag?post=759282"}],"curies":[{"name":"wp","href":"https:\/\/api.w.org\/{rel}","templated":true}]}}