{"id":759281,"date":"2025-08-28T08:30:02","date_gmt":"2025-08-28T05:30:02","guid":{"rendered":"https:\/\/roveyayinevi.com.tr\/index.php\/urun\/calgici-kediler\/"},"modified":"2026-04-12T03:16:19","modified_gmt":"2026-04-12T00:16:19","slug":"calgici-kediler","status":"publish","type":"product","link":"https:\/\/roveyayinevi.com.tr\/index.php\/urun\/calgici-kediler\/","title":{"rendered":"\u00c7alg\u0131c\u0131 Kediler"},"content":{"rendered":"<p>\u201cHayat\u0131n s\u00fcrprizleri, olu\u015fturdu \u00e7alg\u0131c\u0131 kedileri\u2026\u201d   \u0130spanya\u2019da ya\u015fayan Prenses, dans etmeye ve \u015fark\u0131 s\u00f6ylemeye bay\u0131lan \u00e7ok mutlu bir kediydi. Bir g\u00fcn, birlikte \u0130stanbul\u2019a geldi\u011fi sahibinden ayr\u0131 d\u00fc\u015f\u00fcnce, \u0130stiklal Caddesi\u2019nin sokaklar\u0131nda bamba\u015fka bir hayata ad\u0131m att\u0131.   Prenses ve sokakta tan\u0131\u015f\u0131p arkada\u015f oldu\u011fu Pa\u015fa, Cimcime, \u015ea\u015fk\u0131n, Samba; ortak bir hayal i\u00e7in bir araya geldiler. \u00dcnl\u00fc bir m\u00fczik grubu kuracaklar, \u015fark\u0131lar\u0131yla herkesi hayran b\u0131rakacaklar ve m\u00fczik yaparak hem kendilerinin hem de di\u011fer sokak hayvanlar\u0131n\u0131n ihtiya\u00e7lar\u0131n\u0131 kar\u015f\u0131layacaklard\u0131! Hedefe giden zorlu ve s\u00fcrprizlerle dolu bu yolda, bakal\u0131m \u00e7alg\u0131c\u0131 kedilerin ba\u015flar\u0131na neler gelecekti? <\/p>\n","protected":false},"excerpt":{"rendered":"<p>\u201cHayat\u0131n s\u00fcrprizleri, olu\u015fturdu \u00e7alg\u0131c\u0131 kedileri\u2026\u201d \u0130spanya\u2019da ya\u015fayan Prenses, dans etmeye ve \u015fark\u0131 s\u00f6ylemeye bay\u0131lan \u00e7ok mutlu bir kediydi. Bir g\u00fcn, birlikte \u0130stanbul\u2019a geldi\u011fi sahibinden ayr\u0131 d\u00fc\u015f\u00fcnce,<span class=\"excerpt-hellip\"> [\u2026]<\/span><\/p>\n","protected":false},"featured_media":0,"template":"","meta":{"_monsterinsights_skip_tracking":false,"_monsterinsights_sitenote_active":false,"_monsterinsights_sitenote_note":"","_monsterinsights_sitenote_category":0},"product_brand":[],"product_cat":[12274,12284],"product_tag":[],"class_list":{"0":"post-759281","1":"product","2":"type-product","3":"status-publish","5":"product_cat-cocuk-ve-genclik-kitaplari","6":"product_cat-hikayeler","7":"pa_cilt-ciltsiz","8":"pa_tur-kitap","9":"pa_yayinevi-ithaki-yayinlari","10":"pa_yazar-ceylan-isin-koryurek","12":"first","13":"instock","14":"sale","15":"shipping-taxable","16":"purchasable","17":"product-type-simple"},"_links":{"self":[{"href":"https:\/\/roveyayinevi.com.tr\/index.php\/wp-json\/wp\/v2\/product\/759281","targetHints":{"allow":["GET"]}}],"collection":[{"href":"https:\/\/roveyayinevi.com.tr\/index.php\/wp-json\/wp\/v2\/product"}],"about":[{"href":"https:\/\/roveyayinevi.com.tr\/index.php\/wp-json\/wp\/v2\/types\/product"}],"wp:attachment":[{"href":"https:\/\/roveyayinevi.com.tr\/index.php\/wp-json\/wp\/v2\/media?parent=759281"}],"wp:term":[{"taxonomy":"product_brand","embeddable":true,"href":"https:\/\/roveyayinevi.com.tr\/index.php\/wp-json\/wp\/v2\/product_brand?post=759281"},{"taxonomy":"product_cat","embeddable":true,"href":"https:\/\/roveyayinevi.com.tr\/index.php\/wp-json\/wp\/v2\/product_cat?post=759281"},{"taxonomy":"product_tag","embeddable":true,"href":"https:\/\/roveyayinevi.com.tr\/index.php\/wp-json\/wp\/v2\/product_tag?post=759281"}],"curies":[{"name":"wp","href":"https:\/\/api.w.org\/{rel}","templated":true}]}}