{"id":759269,"date":"2025-08-28T08:29:41","date_gmt":"2025-08-28T05:29:41","guid":{"rendered":"https:\/\/roveyayinevi.com.tr\/index.php\/urun\/kucuk-zabit-makinistler-gedikli-ucmanlar-astsubay-pilotlar\/"},"modified":"2026-04-16T03:12:29","modified_gmt":"2026-04-16T00:12:29","slug":"kucuk-zabit-makinistler-gedikli-ucmanlar-astsubay-pilotlar","status":"publish","type":"product","link":"https:\/\/roveyayinevi.com.tr\/index.php\/urun\/kucuk-zabit-makinistler-gedikli-ucmanlar-astsubay-pilotlar\/","title":{"rendered":"K\u00fc\u00e7\u00fck Zabit Makinistler Gedikli U\u00e7manlar Astsubay Pilotlar"},"content":{"rendered":"<p>Hava Kuvvetlerinin kurulu\u015f y\u0131llar\u0131nda ve Cumhuriyet\u2019in ilan edilmesinden sonraki y\u0131llarda T\u00fcrk Hava Kuvvetlerinde eksikli\u011fini \u00e7ok hissedilen ve yeti\u015ftirilmesi i\u00e7in \u00e7ok \u00e7aba sarf edilen tayyare makinistli\u011fi ve pilot a\u00e7\u0131\u011f\u0131n\u0131n kapat\u0131lmas\u0131 konusunda b\u00fcy\u00fck giri\u015fimler yap\u0131lm\u0131\u015ft\u0131r. Bu \u00e7al\u0131\u015fmada 1925 y\u0131l\u0131nda ulu \u00f6nder Mustafa Kemal Atat\u00fcrk\u2019\u00fcn \u00f6ng\u00f6r\u00fcs\u00fc ve emirleri do\u011frultusunda kurulan T\u00fcrk Tayyare Cemiyeti (T.Ta.C.), 1935 y\u0131l\u0131ndaki 6. B\u00fcy\u00fck Kongresinde ad\u0131 T\u00fcrk Hava Kurumu (THK) olarak de\u011fi\u015ftirilen sivil toplum \u00f6rg\u00fct\u00fc stat\u00fcs\u00fcndeki derne\u011fin, Tayyare Makinisti ve Pilot yeti\u015ftirilmedeki ba\u015far\u0131l\u0131 \u00e7al\u0131\u015fmalar\u0131n\u0131n g\u00fcn y\u00fcz\u00fcne \u00e7\u0131kart\u0131lmas\u0131 ama\u00e7lanm\u0131\u015ft\u0131r. <\/p>\n","protected":false},"excerpt":{"rendered":"<p>Hava Kuvvetlerinin kurulu\u015f y\u0131llar\u0131nda ve Cumhuriyet\u2019in ilan edilmesinden sonraki y\u0131llarda T\u00fcrk Hava Kuvvetlerinde eksikli\u011fini \u00e7ok hissedilen ve yeti\u015ftirilmesi i\u00e7in \u00e7ok \u00e7aba sarf edilen tayyare makinistli\u011fi ve<span class=\"excerpt-hellip\"> [\u2026]<\/span><\/p>\n","protected":false},"featured_media":0,"template":"","meta":{"_monsterinsights_skip_tracking":false,"_monsterinsights_sitenote_active":false,"_monsterinsights_sitenote_note":"","_monsterinsights_sitenote_category":0},"product_brand":[],"product_cat":[12304],"product_tag":[],"class_list":{"0":"post-759269","1":"product","2":"type-product","3":"status-publish","5":"product_cat-tarih","6":"pa_cilt-ciltsiz","7":"pa_tur-kitap","8":"pa_yayinevi-soncag","9":"pa_yazar-mustafa-kilic","11":"first","12":"instock","13":"sale","14":"shipping-taxable","15":"purchasable","16":"product-type-simple"},"_links":{"self":[{"href":"https:\/\/roveyayinevi.com.tr\/index.php\/wp-json\/wp\/v2\/product\/759269","targetHints":{"allow":["GET"]}}],"collection":[{"href":"https:\/\/roveyayinevi.com.tr\/index.php\/wp-json\/wp\/v2\/product"}],"about":[{"href":"https:\/\/roveyayinevi.com.tr\/index.php\/wp-json\/wp\/v2\/types\/product"}],"wp:attachment":[{"href":"https:\/\/roveyayinevi.com.tr\/index.php\/wp-json\/wp\/v2\/media?parent=759269"}],"wp:term":[{"taxonomy":"product_brand","embeddable":true,"href":"https:\/\/roveyayinevi.com.tr\/index.php\/wp-json\/wp\/v2\/product_brand?post=759269"},{"taxonomy":"product_cat","embeddable":true,"href":"https:\/\/roveyayinevi.com.tr\/index.php\/wp-json\/wp\/v2\/product_cat?post=759269"},{"taxonomy":"product_tag","embeddable":true,"href":"https:\/\/roveyayinevi.com.tr\/index.php\/wp-json\/wp\/v2\/product_tag?post=759269"}],"curies":[{"name":"wp","href":"https:\/\/api.w.org\/{rel}","templated":true}]}}