{"id":759268,"date":"2025-08-28T08:29:39","date_gmt":"2025-08-28T05:29:39","guid":{"rendered":"https:\/\/roveyayinevi.com.tr\/index.php\/urun\/bir-annenin-anilari\/"},"modified":"2026-04-16T03:12:29","modified_gmt":"2026-04-16T00:12:29","slug":"bir-annenin-anilari","status":"publish","type":"product","link":"https:\/\/roveyayinevi.com.tr\/index.php\/urun\/bir-annenin-anilari\/","title":{"rendered":"Bir Annenin An\u0131lar\u0131"},"content":{"rendered":"<p>Her g\u00fcn d\u00fc\u015f\u00fcyor \u00fczerimizden bir yaprak, \u00c7ekiyor bizi bu toprak, Kimbilir ka\u00e7 g\u00fcn\u00fc kald\u0131 \u00f6mr\u00fcm\u00fcz\u00fcn, \u00c7ok yak\u0131nd\u0131r oraya varmak Gidece\u011fin yeri d\u00fc\u015f\u00fcn her \u015feyi b\u0131rak, Nedir bu ihtiras bunu inat, Her \u015feyi oluruna b\u0131rak, Durmadan ibadetini yap, Bu d\u00fcnya fanidir, bu d\u00fcnya ge\u00e7icidir. D\u00f6nde bir arkana bak, Gidenler ne getirdi beyaz bir \u00e7ar\u015faf, Oda \u00e7\u00fcr\u00fcd\u00fc oldu toprak.. <\/p>\n","protected":false},"excerpt":{"rendered":"<p>Her g\u00fcn d\u00fc\u015f\u00fcyor \u00fczerimizden bir yaprak, \u00c7ekiyor bizi bu toprak, Kimbilir ka\u00e7 g\u00fcn\u00fc kald\u0131 \u00f6mr\u00fcm\u00fcz\u00fcn, \u00c7ok yak\u0131nd\u0131r oraya varmak Gidece\u011fin yeri d\u00fc\u015f\u00fcn her \u015feyi b\u0131rak, Nedir<span class=\"excerpt-hellip\"> [\u2026]<\/span><\/p>\n","protected":false},"featured_media":0,"template":"","meta":{"_monsterinsights_skip_tracking":false,"_monsterinsights_sitenote_active":false,"_monsterinsights_sitenote_note":"","_monsterinsights_sitenote_category":0},"product_brand":[],"product_cat":[12291],"product_tag":[],"class_list":{"0":"post-759268","1":"product","2":"type-product","3":"status-publish","5":"product_cat-edebiyat","6":"pa_cilt-ciltsiz","7":"pa_tur-kitap","8":"pa_yayinevi-soncag","9":"pa_yazar-melahat-ozmen","11":"first","12":"instock","13":"sale","14":"shipping-taxable","15":"purchasable","16":"product-type-simple"},"_links":{"self":[{"href":"https:\/\/roveyayinevi.com.tr\/index.php\/wp-json\/wp\/v2\/product\/759268","targetHints":{"allow":["GET"]}}],"collection":[{"href":"https:\/\/roveyayinevi.com.tr\/index.php\/wp-json\/wp\/v2\/product"}],"about":[{"href":"https:\/\/roveyayinevi.com.tr\/index.php\/wp-json\/wp\/v2\/types\/product"}],"wp:attachment":[{"href":"https:\/\/roveyayinevi.com.tr\/index.php\/wp-json\/wp\/v2\/media?parent=759268"}],"wp:term":[{"taxonomy":"product_brand","embeddable":true,"href":"https:\/\/roveyayinevi.com.tr\/index.php\/wp-json\/wp\/v2\/product_brand?post=759268"},{"taxonomy":"product_cat","embeddable":true,"href":"https:\/\/roveyayinevi.com.tr\/index.php\/wp-json\/wp\/v2\/product_cat?post=759268"},{"taxonomy":"product_tag","embeddable":true,"href":"https:\/\/roveyayinevi.com.tr\/index.php\/wp-json\/wp\/v2\/product_tag?post=759268"}],"curies":[{"name":"wp","href":"https:\/\/api.w.org\/{rel}","templated":true}]}}