{"id":759263,"date":"2025-08-28T08:29:29","date_gmt":"2025-08-28T05:29:29","guid":{"rendered":"https:\/\/roveyayinevi.com.tr\/index.php\/urun\/kultur-ve-kimlik\/"},"modified":"2026-04-16T03:12:28","modified_gmt":"2026-04-16T00:12:28","slug":"kultur-ve-kimlik","status":"publish","type":"product","link":"https:\/\/roveyayinevi.com.tr\/index.php\/urun\/kultur-ve-kimlik\/","title":{"rendered":"K\u00fclt\u00fcr ve Kimlik"},"content":{"rendered":"<p>K\u00fclt\u00fcr kavram\u0131, sosyal bilimler d\u00fc\u015f\u00fcncesi i\u00e7inde yer al\u0131r. Sosyal bilimciler, insanlar\u0131n \u00e7e\u015fitlilik i\u00e7indeki birli\u011fini, bir bak\u0131ma biyolojik terimler d\u0131\u015f\u0131nda d\u00fc\u015f\u00fcn\u00fcr. \u0130nsan toplumlar\u0131nda, genetik yap\u0131 ilerledik\u00e7e, \u0131rksal yan\u0131t gittik\u00e7e \u00f6l\u00e7\u00fcl\u00fc bir bi\u00e7imde g\u00f6zden d\u00fc\u015fer, b\u00f6ylece de halklar aras\u0131ndaki farkl\u0131l\u0131k sorununa en doyurucu cevap verilmi\u015f olur. \u0130nsan, \u00f6z\u00fcnde k\u00fclt\u00fcrel bir varl\u0131kt\u0131r. \u0130nsanl\u0131\u011f\u0131n bu uzun s\u00fcreci, on be\u015f milyon y\u0131l \u00f6nce ba\u015flar, temelde bir genetik adaptasyondan ge\u00e7i\u015f bir k\u00fclt\u00fcrel adaptasyona ba\u011flan\u0131r. Bu devrim esnas\u0131nda insan\u0131n bilgileri biter, ilk insan\u0131n i\u00e7g\u00fcd\u00fclerinde korkun\u00e7 bir gerileme ba\u015flar, yava\u015f yava\u015f k\u00fclt\u00fcr ile i\u00e7g\u00fcd\u00fc yer de\u011fi\u015ftirir, insan taraf\u0131ndan hayal edilip kontrol edilebilen bu uyarlama, i\u015flevsel ve genetik uyarlamalarda daha \u00e7ok kendini g\u00f6sterebilir, zira, k\u00fclt\u00fcr, \u00e7ok esnek ve b\u00fck\u00fclgen bir kavram oldu\u011fundan, \u00e7ok kolay ve h\u0131zl\u0131 bir \u015fekilde insanlara iletilir. K\u00fclt\u00fcr, sadece insan\u0131n \u00e7evresine uyum yapmas\u0131na ba\u011fl\u0131 kalmay\u0131p, gereksinimlerinin giderilmesine, projelerinin uygulanmas\u0131na da yard\u0131m eder. <\/p>\n","protected":false},"excerpt":{"rendered":"<p>K\u00fclt\u00fcr kavram\u0131, sosyal bilimler d\u00fc\u015f\u00fcncesi i\u00e7inde yer al\u0131r. Sosyal bilimciler, insanlar\u0131n \u00e7e\u015fitlilik i\u00e7indeki birli\u011fini, bir bak\u0131ma biyolojik terimler d\u0131\u015f\u0131nda d\u00fc\u015f\u00fcn\u00fcr. \u0130nsan toplumlar\u0131nda, genetik yap\u0131 ilerledik\u00e7e, \u0131rksal<span class=\"excerpt-hellip\"> [\u2026]<\/span><\/p>\n","protected":false},"featured_media":0,"template":"","meta":{"_monsterinsights_skip_tracking":false,"_monsterinsights_sitenote_active":false,"_monsterinsights_sitenote_note":"","_monsterinsights_sitenote_category":0},"product_brand":[],"product_cat":[12777,12291],"product_tag":[],"class_list":{"0":"post-759263","1":"product","2":"type-product","3":"status-publish","5":"product_cat-deneme","6":"product_cat-edebiyat","7":"pa_cilt-ciltsiz","8":"pa_tur-kitap","9":"pa_yayinevi-platanus-publishing","10":"pa_yazar-hayrettin-rayman","12":"first","13":"instock","14":"sale","15":"shipping-taxable","16":"purchasable","17":"product-type-simple"},"_links":{"self":[{"href":"https:\/\/roveyayinevi.com.tr\/index.php\/wp-json\/wp\/v2\/product\/759263","targetHints":{"allow":["GET"]}}],"collection":[{"href":"https:\/\/roveyayinevi.com.tr\/index.php\/wp-json\/wp\/v2\/product"}],"about":[{"href":"https:\/\/roveyayinevi.com.tr\/index.php\/wp-json\/wp\/v2\/types\/product"}],"wp:attachment":[{"href":"https:\/\/roveyayinevi.com.tr\/index.php\/wp-json\/wp\/v2\/media?parent=759263"}],"wp:term":[{"taxonomy":"product_brand","embeddable":true,"href":"https:\/\/roveyayinevi.com.tr\/index.php\/wp-json\/wp\/v2\/product_brand?post=759263"},{"taxonomy":"product_cat","embeddable":true,"href":"https:\/\/roveyayinevi.com.tr\/index.php\/wp-json\/wp\/v2\/product_cat?post=759263"},{"taxonomy":"product_tag","embeddable":true,"href":"https:\/\/roveyayinevi.com.tr\/index.php\/wp-json\/wp\/v2\/product_tag?post=759263"}],"curies":[{"name":"wp","href":"https:\/\/api.w.org\/{rel}","templated":true}]}}